{"id":5410,"date":"2014-09-02T08:21:44","date_gmt":"2014-09-02T07:21:44","guid":{"rendered":"http:\/\/fishingandhuntingtv.com\/live\/?page_id=5410"},"modified":"2018-05-02T12:46:21","modified_gmt":"2018-05-02T11:46:21","slug":"programok-2","status":"publish","type":"page","link":"http:\/\/fishingandhuntingtv.com\/live\/programok-2\/","title":{"rendered":"Program\/Kor\u00e1bbi m\u0171sorok"},"content":{"rendered":"<h1>2018<\/h1>\n<p><iframe loading=\"lazy\" id=\"ls_embed_1525261542\" src=\"https:\/\/livestream.com\/accounts\/8560439\/events\/8168625\/player?width=640&amp;height=360&amp;enableInfoAndActivity=true&amp;defaultDrawer=&amp;autoPlay=true&amp;mute=false\" width=\"960\" height=\"540\" frameborder=\"0\" scrolling=\"no\" allowfullscreen=\"allowfullscreen\"><span data-mce-type=\"bookmark\" style=\"display: inline-block; width: 0px; overflow: hidden; line-height: 0;\" class=\"mce_SELRES_start\">\ufeff<\/span> <\/iframe><\/p>\n<h1>2017<\/h1>\n<p>Eredm\u00e9ny h\u00edrdet\u00e9s:<br \/>\n<iframe loading=\"lazy\" id=\"ls_embed_1494581045\" src=\"https:\/\/livestream.com\/accounts\/8560439\/events\/7299220\/videos\/155220812\/player?width=960&amp;height=540&amp;enableInfo=true&amp;defaultDrawer=feed&amp;autoPlay=false&amp;mute=false\" width=\"960\" height=\"540\" frameborder=\"0\" scrolling=\"no\" allowfullscreen=\"allowfullscreen\"> <\/iframe><script type=\"text\/javascript\" data-embed_id=\"ls_embed_1494581045\" src=\"https:\/\/livestream.com\/assets\/plugins\/referrer_tracking.js\"><\/script><\/p>\n<p>6.nap:<br \/>\n<iframe loading=\"lazy\" id=\"ls_embed_1494580965\" src=\"https:\/\/livestream.com\/accounts\/8560439\/events\/7299220\/videos\/155156348\/player?width=960&amp;height=540&amp;enableInfo=true&amp;defaultDrawer=feed&amp;autoPlay=false&amp;mute=false\" width=\"960\" height=\"540\" frameborder=\"0\" scrolling=\"no\" allowfullscreen=\"allowfullscreen\"> <\/iframe><script type=\"text\/javascript\" data-embed_id=\"ls_embed_1494580965\" src=\"https:\/\/livestream.com\/assets\/plugins\/referrer_tracking.js\"><\/script><\/p>\n<p>5.nap:<br \/>\n<iframe loading=\"lazy\" id=\"ls_embed_1493392185\" src=\"https:\/\/livestream.com\/accounts\/8560439\/events\/7299220\/videos\/155088307\/player?width=960&amp;height=540&amp;enableInfo=true&amp;defaultDrawer=&amp;autoPlay=false&amp;mute=false\" width=\"960\" height=\"540\" frameborder=\"0\" scrolling=\"no\" allowfullscreen=\"allowfullscreen\"> <\/iframe><script type=\"text\/javascript\" data-embed_id=\"ls_embed_1493392185\" src=\"https:\/\/livestream.com\/assets\/plugins\/referrer_tracking.js\"><\/script><\/p>\n<p>4.nap:<br \/>\n<iframe loading=\"lazy\" id=\"ls_embed_1493392104\" src=\"https:\/\/livestream.com\/accounts\/8560439\/events\/7299220\/videos\/155137420\/player?width=960&amp;height=540&amp;enableInfo=true&amp;defaultDrawer=&amp;autoPlay=false&amp;mute=false\" width=\"960\" height=\"540\" frameborder=\"0\" scrolling=\"no\" allowfullscreen=\"allowfullscreen\"> <\/iframe><script type=\"text\/javascript\" data-embed_id=\"ls_embed_1493392104\" src=\"https:\/\/livestream.com\/assets\/plugins\/referrer_tracking.js\"><\/script><\/p>\n<p>3.nap:<br \/>\n<iframe loading=\"lazy\" id=\"ls_embed_1493203800\" src=\"https:\/\/livestream.com\/accounts\/8560439\/events\/7299220\/videos\/154936352\/player?width=960&amp;height=540&amp;enableInfo=true&amp;defaultDrawer=&amp;autoPlay=false&amp;mute=false\" width=\"960\" height=\"540\" frameborder=\"0\" scrolling=\"no\" allowfullscreen=\"allowfullscreen\"> <\/iframe><script type=\"text\/javascript\" data-embed_id=\"ls_embed_1493203800\" src=\"https:\/\/livestream.com\/assets\/plugins\/referrer_tracking.js\"><\/script><\/p>\n<p>2. nap:<br \/>\n<iframe loading=\"lazy\" id=\"ls_embed_1493203659\" src=\"https:\/\/livestream.com\/accounts\/8560439\/events\/7299220\/videos\/154993822\/player?width=960&amp;height=540&amp;enableInfo=true&amp;defaultDrawer=&amp;autoPlay=false&amp;mute=false\" width=\"960\" height=\"540\" frameborder=\"0\" scrolling=\"no\" allowfullscreen=\"allowfullscreen\"> <\/iframe><script type=\"text\/javascript\" data-embed_id=\"ls_embed_1493203659\" src=\"https:\/\/livestream.com\/assets\/plugins\/referrer_tracking.js\"><\/script><\/p>\n<p>1.nap:<br \/>\n<iframe loading=\"lazy\" id=\"ls_embed_1493139828\" src=\"https:\/\/livestream.com\/accounts\/8560439\/events\/7299220\/videos\/154917747\/player?width=960&amp;height=540&amp;enableInfo=true&amp;defaultDrawer=&amp;autoPlay=false&amp;mute=false\" width=\"960\" height=\"540\" frameborder=\"0\" scrolling=\"no\" allowfullscreen=\"allowfullscreen\"> <\/iframe><script type=\"text\/javascript\" data-embed_id=\"ls_embed_1493139828\" src=\"https:\/\/livestream.com\/assets\/plugins\/referrer_tracking.js\"><\/script><\/p>\n<p>0.nap:<br \/>\n<iframe loading=\"lazy\" id=\"ls_embed_1493139760\" src=\"https:\/\/livestream.com\/accounts\/8560439\/events\/7299220\/videos\/154912841\/player?width=960&amp;height=540&amp;enableInfo=true&amp;defaultDrawer=&amp;autoPlay=false&amp;mute=false\" width=\"960\" height=\"540\" frameborder=\"0\" scrolling=\"no\" allowfullscreen=\"allowfullscreen\"> <\/iframe><script type=\"text\/javascript\" data-embed_id=\"ls_embed_1493139760\" src=\"https:\/\/livestream.com\/assets\/plugins\/referrer_tracking.js\"><\/script><\/p>\n<h1><strong>2016<\/strong><\/h1>\n<p>8. ad\u00e1s\u00a0&#8211; A d\u00edj\u00e1tad\u00f3 &#8211; 2016.04.30.-\u00a0Szombat<\/p>\n<p>2<iframe loading=\"lazy\" id=\"lsembed_1462020594\" src=\"\/\/livestream.com\/accounts\/8560439\/events\/5249153\/videos\/121483921\/player?autoPlay=false&amp;height=360&amp;mute=false&amp;width=640\" width=\"640\" height=\"360\" frameborder=\"0\" scrolling=\"no\"><\/iframe><\/p>\n<p><script src=\"\/\/livestream.com\/assets\/plugins\/referrer_tracking.js\" type=\"text\/javascript\" data-embed_id=\"lsembed_1462020594\"><\/script><iframe loading=\"lazy\" id=\"lsembed_1462020621\" src=\"\/\/livestream.com\/accounts\/8560439\/events\/5249153\/videos\/121486706\/player?autoPlay=false&amp;height=360&amp;mute=false&amp;width=640\" width=\"640\" height=\"360\" frameborder=\"0\" scrolling=\"no\"><\/iframe><script src=\"\/\/livestream.com\/assets\/plugins\/referrer_tracking.js\" type=\"text\/javascript\" data-embed_id=\"lsembed_1462020621\"><\/script><\/p>\n<p>&nbsp;<\/p>\n<p><strong>7. ad\u00e1s\u00a0&#8211; 2016.04.29.- P\u00e9ntek<\/strong><\/p>\n<p><iframe loading=\"lazy\" id=\"lsembed_1461963830\" src=\"\/\/livestream.com\/accounts\/8560439\/events\/5249153\/videos\/121408709\/player?autoPlay=false&amp;height=360&amp;mute=false&amp;width=640\" width=\"640\" height=\"360\" frameborder=\"0\" scrolling=\"no\"><\/iframe><\/p>\n<p>&nbsp;<\/p>\n<p><script src=\"\/\/livestream.com\/assets\/plugins\/referrer_tracking.js\" type=\"text\/javascript\" data-embed_id=\"lsembed_1461963830\"><\/script><strong>6. ad\u00e1s &#8211; 2016.04.28.- Cs\u00fct\u00f6rt\u00f6k<\/strong><\/p>\n<p><iframe loading=\"lazy\" id=\"lsembed_1461871636\" src=\"\/\/livestream.com\/accounts\/8560439\/events\/5249153\/videos\/121302828\/player?autoPlay=false&amp;height=360&amp;mute=false&amp;width=640\" width=\"640\" height=\"360\" frameborder=\"0\" scrolling=\"no\"><\/iframe><script src=\"\/\/livestream.com\/assets\/plugins\/referrer_tracking.js\" type=\"text\/javascript\" data-embed_id=\"lsembed_1461871636\"><\/script><\/p>\n<p>&nbsp;<\/p>\n<p><strong>5. ad\u00e1s &#8211; 2016.04.27.- Szerda<\/strong><\/p>\n<p><iframe loading=\"lazy\" id=\"lsembed_1461786033\" src=\"\/\/livestream.com\/accounts\/8560439\/events\/5249153\/videos\/121197107\/player?autoPlay=false&amp;height=360&amp;mute=false&amp;width=640\" width=\"640\" height=\"360\" frameborder=\"0\" scrolling=\"no\"><\/iframe><script src=\"\/\/livestream.com\/assets\/plugins\/referrer_tracking.js\" type=\"text\/javascript\" data-embed_id=\"lsembed_1461786033\"><\/script><\/p>\n<p>&nbsp;<\/p>\n<p><strong>4. ad\u00e1s &#8211; 2016.04.26.- Kedd<\/strong><\/p>\n<p><iframe loading=\"lazy\" id=\"lsembed_1461699568\" src=\"\/\/livestream.com\/accounts\/8560439\/events\/5249153\/videos\/121090893\/player?autoPlay=false&amp;height=360&amp;mute=false&amp;width=640\" width=\"640\" height=\"360\" frameborder=\"0\" scrolling=\"no\"><\/iframe><script src=\"\/\/livestream.com\/assets\/plugins\/referrer_tracking.js\" type=\"text\/javascript\" data-embed_id=\"lsembed_1461699568\"><\/script><\/p>\n<p>&nbsp;<\/p>\n<p><strong>3. ad\u00e1s &#8211; 2016.04.25.- H\u00e9tf\u0151<\/strong><\/p>\n<p><iframe loading=\"lazy\" id=\"lsembed_1461662131\" src=\"\/\/livestream.com\/accounts\/8560439\/events\/5249153\/videos\/120985212\/player?autoPlay=false&amp;height=360&amp;mute=false&amp;width=640\" width=\"640\" height=\"360\" frameborder=\"0\" scrolling=\"no\"><\/iframe><script src=\"\/\/livestream.com\/assets\/plugins\/referrer_tracking.js\" type=\"text\/javascript\" data-embed_id=\"lsembed_1461662131\"><\/script><\/p>\n<p>&nbsp;<\/p>\n<p><strong>2. ad\u00e1s &#8211; 2016.04.24.- Vas\u00e1rnap<\/strong><\/p>\n<p><iframe loading=\"lazy\" id=\"lsembed_1461528759\" src=\"\/\/livestream.com\/accounts\/8560439\/events\/5249153\/videos\/120875102\/player?autoPlay=false&amp;height=360&amp;mute=false&amp;width=640\" width=\"640\" height=\"360\" frameborder=\"0\" scrolling=\"no\"><\/iframe><script src=\"\/\/livestream.com\/assets\/plugins\/referrer_tracking.js\" type=\"text\/javascript\" data-embed_id=\"lsembed_1461528759\"><\/script><\/p>\n<p>&nbsp;<\/p>\n<p><strong>1. ad\u00e1s &#8211; 2016.04.23.- Szombat<\/strong><\/p>\n<p><iframe loading=\"lazy\" id=\"lsembed_1461491213\" src=\"\/\/livestream.com\/accounts\/8560439\/events\/5249153\/videos\/120712003\/player?autoPlay=false&amp;height=360&amp;mute=false&amp;width=640\" width=\"640\" height=\"360\" frameborder=\"0\" scrolling=\"no\"><\/iframe><\/p>\n<p><script src=\"\/\/livestream.com\/assets\/plugins\/referrer_tracking.js\" type=\"text\/javascript\" data-embed_id=\"lsembed_1461491213\"><\/script><iframe loading=\"lazy\" id=\"lsembed_1461491454\" src=\"\/\/livestream.com\/accounts\/8560439\/events\/5249153\/videos\/120717645\/player?autoPlay=false&amp;height=360&amp;mute=false&amp;width=640\" width=\"640\" height=\"360\" frameborder=\"0\" scrolling=\"no\"><\/iframe><script src=\"\/\/livestream.com\/assets\/plugins\/referrer_tracking.js\" type=\"text\/javascript\" data-embed_id=\"lsembed_1461491454\"><\/script><\/p>\n","protected":false},"excerpt":{"rendered":"<p>2018 \ufeff 2017 Eredm\u00e9ny h\u00edrdet\u00e9s: 6.nap: 5.nap: 4.nap: 3.nap: 2. nap: 1.nap: 0.nap: 2016 8. ad\u00e1s\u00a0&#8211; A d\u00edj\u00e1tad\u00f3 &#8211; 2016.04.30.-\u00a0Szombat 2 &nbsp; 7. ad\u00e1s\u00a0&#8211; 2016.04.29.- P\u00e9ntek &nbsp; 6. ad\u00e1s &#8211; 2016.04.28.- Cs\u00fct\u00f6rt\u00f6k &nbsp; 5. ad\u00e1s &#8211; 2016.04.27.- Szerda &nbsp; 4. ad\u00e1s &#8211; 2016.04.26.- Kedd &nbsp; 3. ad\u00e1s &#8211; 2016.04.25.- H\u00e9tf\u0151 &nbsp; 2. ad\u00e1s &#8211; 2016.04.24.- [&hellip;]<\/p>\n","protected":false},"author":1,"featured_media":0,"parent":0,"menu_order":0,"comment_status":"closed","ping_status":"closed","template":"page-fullwidth.php","meta":[],"_links":{"self":[{"href":"http:\/\/fishingandhuntingtv.com\/live\/wp-json\/wp\/v2\/pages\/5410"}],"collection":[{"href":"http:\/\/fishingandhuntingtv.com\/live\/wp-json\/wp\/v2\/pages"}],"about":[{"href":"http:\/\/fishingandhuntingtv.com\/live\/wp-json\/wp\/v2\/types\/page"}],"author":[{"embeddable":true,"href":"http:\/\/fishingandhuntingtv.com\/live\/wp-json\/wp\/v2\/users\/1"}],"replies":[{"embeddable":true,"href":"http:\/\/fishingandhuntingtv.com\/live\/wp-json\/wp\/v2\/comments?post=5410"}],"version-history":[{"count":64,"href":"http:\/\/fishingandhuntingtv.com\/live\/wp-json\/wp\/v2\/pages\/5410\/revisions"}],"predecessor-version":[{"id":5680,"href":"http:\/\/fishingandhuntingtv.com\/live\/wp-json\/wp\/v2\/pages\/5410\/revisions\/5680"}],"wp:attachment":[{"href":"http:\/\/fishingandhuntingtv.com\/live\/wp-json\/wp\/v2\/media?parent=5410"}],"curies":[{"name":"wp","href":"https:\/\/api.w.org\/{rel}","templated":true}]}}