{"id":58,"date":"2021-01-18T11:21:34","date_gmt":"2021-01-18T11:21:34","guid":{"rendered":"https:\/\/fishingandhuntingtv.com\/cz\/?page_id=58"},"modified":"2023-04-12T13:31:33","modified_gmt":"2023-04-12T13:31:33","slug":"impressum","status":"publish","type":"page","link":"https:\/\/fishingandhuntingtv.com\/cz\/impressum\/","title":{"rendered":"Kontakt"},"content":{"rendered":"<p><strong>KONTAKTN\u00cd INFORMACE<\/strong><\/p>\n<p><strong><br \/>\nThe Fishing &amp; Hunting Channel<\/strong><\/p>\n<p>Tematik-K\u00e1bel Kft.<\/p>\n<p>M\u00e1rv\u00e1ny utca 17.<\/p>\n<p>H-1012 Budapest<\/p>\n<p>Ma\u010farsk\u00e1 republika<\/p>\n<p>e-mail: <a href=\"mailto:infosk@fishingandhuntingtv.com\">infosk@fishingandhuntingtv.com<\/a><\/p>\n<p>&nbsp;<\/p>\n<p><b>PODN\u011aTY K ZLEP\u0160EN\u00cd\u00a0 A JIN\u00c9 PO\u017dADAVKY<\/b><\/p>\n<p>Va\u0161e n\u00e1vrhy a ot\u00e1zky t\u00fdkaj\u00edc\u00ed se vys\u00edl\u00e1n\u00ed pos\u00edlejte na adresu: <a href=\"infosk@fishingandhuntingtv.com\">infosk@fishingandhuntingtv.com<\/a><\/p>\n<p>&nbsp;<\/p>\n<p><strong>OBJEDN\u00c1VKY REKLAMY<\/strong><\/p>\n<p>Televizn\u00ed reklamy:<a href=\"infosk@fishingandhuntingtv.com\">infosk@fishingandhuntingtv.com<\/a><\/p>\n<p>Mo\u017enosti reklamy online: <a href=\"infosk@fishingandhuntingtv.com\">infosk@fishingandhuntingtv.com<\/a><\/p>\n<p>&nbsp;<\/p>\n<p><strong>KONTROLN\u00cd \u00da\u0158AD<\/strong><\/p>\n<p>N\u00e1rodn\u00ed \u00farad pro m\u00e9dia a komunikaci<br \/>\nNemzeti M\u00e9dia- \u00e9s H\u00edrk\u00f6zl\u00e9si Hat\u00f3s\u00e1g<br \/>\nSzil\u00e1gyi Erzs\u00e9bet fasor 22c<br \/>\n1125 Budapest <br \/>\nMa\u010farsk\u00e1 republika<\/p>\n<p>telef\u00f3n: (+36 1 457 7100)<br \/>\nweb: www.nmhh.hu<br \/>\nPo\u0161tovn\u00ed adresa:\u00a0 <br \/>\nPF 603,1374 Budape\u0161\u0165, Ma\u010farsko<\/p>\n<p>&nbsp;<\/p>\n","protected":false},"excerpt":{"rendered":"<p>KONTAKTN\u00cd INFORMACE The Fishing &amp; Hunting Channel Tematik-K\u00e1bel Kft. M\u00e1rv\u00e1ny utca 17. H-1012 Budapest Ma\u010farsk\u00e1 republika e-mail: infosk@fishingandhuntingtv.com &nbsp; PODN\u011aTY K ZLEP\u0160EN\u00cd\u00a0 A JIN\u00c9 PO\u017dADAVKY Va\u0161e n\u00e1vrhy a ot\u00e1zky t\u00fdkaj\u00edc\u00ed se vys\u00edl\u00e1n\u00ed pos\u00edlejte na adresu: infosk@fishingandhuntingtv.com &nbsp; OBJEDN\u00c1VKY REKLAMY Televizn\u00ed reklamy:infosk@fishingandhuntingtv.com Mo\u017enosti reklamy online: infosk@fishingandhuntingtv.com &nbsp; KONTROLN\u00cd \u00da\u0158AD N\u00e1rodn\u00ed \u00farad pro m\u00e9dia a komunikaci Nemzeti&hellip; <a class=\"more-link\" href=\"https:\/\/fishingandhuntingtv.com\/cz\/impressum\/\"><span class=\"screen-reader-text\">Kontakt<\/span> olvas\u00e1s\u00e1nak folytat\u00e1sa<\/a><\/p>\n","protected":false},"author":1,"featured_media":56272,"parent":0,"menu_order":0,"comment_status":"closed","ping_status":"closed","template":"","meta":{"inline_featured_image":false,"footnotes":""},"class_list":["post-58","page","type-page","status-publish","has-post-thumbnail","hentry","entry"],"acf":[],"yoast_head":"<!-- This site is optimized with the Yoast SEO plugin v20.5 - https:\/\/yoast.com\/wordpress\/plugins\/seo\/ -->\n<title>Kontakt - The Fishing and Hunting Channel<\/title>\n<meta name=\"robots\" content=\"index, follow, max-snippet:-1, max-image-preview:large, max-video-preview:-1\" \/>\n<link rel=\"canonical\" href=\"https:\/\/fishingandhuntingtv.com\/cz\/impressum\/\" \/>\n<meta property=\"og:locale\" content=\"hu_HU\" \/>\n<meta property=\"og:type\" content=\"article\" \/>\n<meta property=\"og:title\" content=\"Kontakt - The Fishing and Hunting Channel\" \/>\n<meta property=\"og:description\" content=\"KONTAKTN\u00cd INFORMACE The Fishing &amp; Hunting Channel Tematik-K\u00e1bel Kft. M\u00e1rv\u00e1ny utca 17. H-1012 Budapest Ma\u010farsk\u00e1 republika e-mail: infosk@fishingandhuntingtv.com &nbsp; PODN\u011aTY K ZLEP\u0160EN\u00cd\u00a0 A JIN\u00c9 PO\u017dADAVKY Va\u0161e n\u00e1vrhy a ot\u00e1zky t\u00fdkaj\u00edc\u00ed se vys\u00edl\u00e1n\u00ed pos\u00edlejte na adresu: infosk@fishingandhuntingtv.com &nbsp; OBJEDN\u00c1VKY REKLAMY Televizn\u00ed reklamy:infosk@fishingandhuntingtv.com Mo\u017enosti reklamy online: infosk@fishingandhuntingtv.com &nbsp; KONTROLN\u00cd \u00da\u0158AD N\u00e1rodn\u00ed \u00farad pro m\u00e9dia a komunikaci Nemzeti&hellip; Kontakt olvas\u00e1s\u00e1nak folytat\u00e1sa\" \/>\n<meta property=\"og:url\" content=\"https:\/\/fishingandhuntingtv.com\/cz\/impressum\/\" \/>\n<meta property=\"og:site_name\" content=\"The Fishing and Hunting Channel\" \/>\n<meta property=\"article:publisher\" content=\"https:\/\/www.facebook.com\/FnHhun\" \/>\n<meta property=\"article:modified_time\" content=\"2023-04-12T13:31:33+00:00\" \/>\n<meta property=\"og:image\" content=\"https:\/\/fishingandhuntingtv.com\/cz\/wp-content\/uploads\/2021\/04\/fh-banner.jpg\" \/>\n\t<meta property=\"og:image:width\" content=\"1200\" \/>\n\t<meta property=\"og:image:height\" content=\"457\" \/>\n\t<meta property=\"og:image:type\" content=\"image\/jpeg\" \/>\n<meta name=\"twitter:card\" content=\"summary_large_image\" \/>\n<meta name=\"twitter:label1\" content=\"Becs\u00fclt olvas\u00e1si id\u0151\" \/>\n\t<meta name=\"twitter:data1\" content=\"1 perc\" \/>\n<script type=\"application\/ld+json\" class=\"yoast-schema-graph\">{\"@context\":\"https:\/\/schema.org\",\"@graph\":[{\"@type\":\"WebPage\",\"@id\":\"https:\/\/fishingandhuntingtv.com\/cz\/impressum\/\",\"url\":\"https:\/\/fishingandhuntingtv.com\/cz\/impressum\/\",\"name\":\"Kontakt - The Fishing and Hunting Channel\",\"isPartOf\":{\"@id\":\"https:\/\/fishingandhuntingtv.com\/cz\/#website\"},\"datePublished\":\"2021-01-18T11:21:34+00:00\",\"dateModified\":\"2023-04-12T13:31:33+00:00\",\"breadcrumb\":{\"@id\":\"https:\/\/fishingandhuntingtv.com\/cz\/impressum\/#breadcrumb\"},\"inLanguage\":\"hu\",\"potentialAction\":[{\"@type\":\"ReadAction\",\"target\":[\"https:\/\/fishingandhuntingtv.com\/cz\/impressum\/\"]}]},{\"@type\":\"BreadcrumbList\",\"@id\":\"https:\/\/fishingandhuntingtv.com\/cz\/impressum\/#breadcrumb\",\"itemListElement\":[{\"@type\":\"ListItem\",\"position\":1,\"name\":\"F&amp;H Tv\",\"item\":\"https:\/\/fishingandhuntingtv.com\/cz\/\"},{\"@type\":\"ListItem\",\"position\":2,\"name\":\"Kontakt\"}]},{\"@type\":\"WebSite\",\"@id\":\"https:\/\/fishingandhuntingtv.com\/cz\/#website\",\"url\":\"https:\/\/fishingandhuntingtv.com\/cz\/\",\"name\":\"The Fishing and Hunting Channel\",\"description\":\"K\u00f6z\u00e9p-Eur\u00f3pa egyetlen lokaliz\u00e1lt horg\u00e1sz-vad\u00e1sz csatorn\u00e1ja\",\"publisher\":{\"@id\":\"https:\/\/fishingandhuntingtv.com\/cz\/#organization\"},\"potentialAction\":[{\"@type\":\"SearchAction\",\"target\":{\"@type\":\"EntryPoint\",\"urlTemplate\":\"https:\/\/fishingandhuntingtv.com\/cz\/?s={search_term_string}\"},\"query-input\":\"required name=search_term_string\"}],\"inLanguage\":\"hu\"},{\"@type\":\"Organization\",\"@id\":\"https:\/\/fishingandhuntingtv.com\/cz\/#organization\",\"name\":\"The Fishing and Hunting Channel\",\"url\":\"https:\/\/fishingandhuntingtv.com\/cz\/\",\"logo\":{\"@type\":\"ImageObject\",\"inLanguage\":\"hu\",\"@id\":\"https:\/\/fishingandhuntingtv.com\/cz\/#\/schema\/logo\/image\/\",\"url\":\"https:\/\/fishingandhuntingtv.com\/cz\/wp-content\/uploads\/2021\/01\/fishing-and-hunting-logo.svg\",\"contentUrl\":\"https:\/\/fishingandhuntingtv.com\/cz\/wp-content\/uploads\/2021\/01\/fishing-and-hunting-logo.svg\",\"width\":\"1024\",\"height\":\"1024\",\"caption\":\"The Fishing and Hunting Channel\"},\"image\":{\"@id\":\"https:\/\/fishingandhuntingtv.com\/cz\/#\/schema\/logo\/image\/\"},\"sameAs\":[\"https:\/\/www.facebook.com\/FnHhun\",\"https:\/\/www.instagram.com\/_fishingandhuntingtv.com_\/\",\"http:\/\/www.youtube.com\/user\/TheFishingHunting\"]}]}<\/script>\n<!-- \/ Yoast SEO plugin. -->","yoast_head_json":{"title":"Kontakt - The Fishing and Hunting Channel","robots":{"index":"index","follow":"follow","max-snippet":"max-snippet:-1","max-image-preview":"max-image-preview:large","max-video-preview":"max-video-preview:-1"},"canonical":"https:\/\/fishingandhuntingtv.com\/cz\/impressum\/","og_locale":"hu_HU","og_type":"article","og_title":"Kontakt - The Fishing and Hunting Channel","og_description":"KONTAKTN\u00cd INFORMACE The Fishing &amp; Hunting Channel Tematik-K\u00e1bel Kft. M\u00e1rv\u00e1ny utca 17. H-1012 Budapest Ma\u010farsk\u00e1 republika e-mail: infosk@fishingandhuntingtv.com &nbsp; PODN\u011aTY K ZLEP\u0160EN\u00cd\u00a0 A JIN\u00c9 PO\u017dADAVKY Va\u0161e n\u00e1vrhy a ot\u00e1zky t\u00fdkaj\u00edc\u00ed se vys\u00edl\u00e1n\u00ed pos\u00edlejte na adresu: infosk@fishingandhuntingtv.com &nbsp; OBJEDN\u00c1VKY REKLAMY Televizn\u00ed reklamy:infosk@fishingandhuntingtv.com Mo\u017enosti reklamy online: infosk@fishingandhuntingtv.com &nbsp; KONTROLN\u00cd \u00da\u0158AD N\u00e1rodn\u00ed \u00farad pro m\u00e9dia a komunikaci Nemzeti&hellip; Kontakt olvas\u00e1s\u00e1nak folytat\u00e1sa","og_url":"https:\/\/fishingandhuntingtv.com\/cz\/impressum\/","og_site_name":"The Fishing and Hunting Channel","article_publisher":"https:\/\/www.facebook.com\/FnHhun","article_modified_time":"2023-04-12T13:31:33+00:00","og_image":[{"width":1200,"height":457,"url":"https:\/\/fishingandhuntingtv.com\/cz\/wp-content\/uploads\/2021\/04\/fh-banner.jpg","type":"image\/jpeg"}],"twitter_card":"summary_large_image","twitter_misc":{"Becs\u00fclt olvas\u00e1si id\u0151":"1 perc"},"schema":{"@context":"https:\/\/schema.org","@graph":[{"@type":"WebPage","@id":"https:\/\/fishingandhuntingtv.com\/cz\/impressum\/","url":"https:\/\/fishingandhuntingtv.com\/cz\/impressum\/","name":"Kontakt - The Fishing and Hunting Channel","isPartOf":{"@id":"https:\/\/fishingandhuntingtv.com\/cz\/#website"},"datePublished":"2021-01-18T11:21:34+00:00","dateModified":"2023-04-12T13:31:33+00:00","breadcrumb":{"@id":"https:\/\/fishingandhuntingtv.com\/cz\/impressum\/#breadcrumb"},"inLanguage":"hu","potentialAction":[{"@type":"ReadAction","target":["https:\/\/fishingandhuntingtv.com\/cz\/impressum\/"]}]},{"@type":"BreadcrumbList","@id":"https:\/\/fishingandhuntingtv.com\/cz\/impressum\/#breadcrumb","itemListElement":[{"@type":"ListItem","position":1,"name":"F&amp;H Tv","item":"https:\/\/fishingandhuntingtv.com\/cz\/"},{"@type":"ListItem","position":2,"name":"Kontakt"}]},{"@type":"WebSite","@id":"https:\/\/fishingandhuntingtv.com\/cz\/#website","url":"https:\/\/fishingandhuntingtv.com\/cz\/","name":"The Fishing and Hunting Channel","description":"K\u00f6z\u00e9p-Eur\u00f3pa egyetlen lokaliz\u00e1lt horg\u00e1sz-vad\u00e1sz csatorn\u00e1ja","publisher":{"@id":"https:\/\/fishingandhuntingtv.com\/cz\/#organization"},"potentialAction":[{"@type":"SearchAction","target":{"@type":"EntryPoint","urlTemplate":"https:\/\/fishingandhuntingtv.com\/cz\/?s={search_term_string}"},"query-input":"required name=search_term_string"}],"inLanguage":"hu"},{"@type":"Organization","@id":"https:\/\/fishingandhuntingtv.com\/cz\/#organization","name":"The Fishing and Hunting Channel","url":"https:\/\/fishingandhuntingtv.com\/cz\/","logo":{"@type":"ImageObject","inLanguage":"hu","@id":"https:\/\/fishingandhuntingtv.com\/cz\/#\/schema\/logo\/image\/","url":"https:\/\/fishingandhuntingtv.com\/cz\/wp-content\/uploads\/2021\/01\/fishing-and-hunting-logo.svg","contentUrl":"https:\/\/fishingandhuntingtv.com\/cz\/wp-content\/uploads\/2021\/01\/fishing-and-hunting-logo.svg","width":"1024","height":"1024","caption":"The Fishing and Hunting Channel"},"image":{"@id":"https:\/\/fishingandhuntingtv.com\/cz\/#\/schema\/logo\/image\/"},"sameAs":["https:\/\/www.facebook.com\/FnHhun","https:\/\/www.instagram.com\/_fishingandhuntingtv.com_\/","http:\/\/www.youtube.com\/user\/TheFishingHunting"]}]}},"_links":{"self":[{"href":"https:\/\/fishingandhuntingtv.com\/cz\/wp-json\/wp\/v2\/pages\/58","targetHints":{"allow":["GET"]}}],"collection":[{"href":"https:\/\/fishingandhuntingtv.com\/cz\/wp-json\/wp\/v2\/pages"}],"about":[{"href":"https:\/\/fishingandhuntingtv.com\/cz\/wp-json\/wp\/v2\/types\/page"}],"author":[{"embeddable":true,"href":"https:\/\/fishingandhuntingtv.com\/cz\/wp-json\/wp\/v2\/users\/1"}],"replies":[{"embeddable":true,"href":"https:\/\/fishingandhuntingtv.com\/cz\/wp-json\/wp\/v2\/comments?post=58"}],"version-history":[{"count":3,"href":"https:\/\/fishingandhuntingtv.com\/cz\/wp-json\/wp\/v2\/pages\/58\/revisions"}],"predecessor-version":[{"id":57412,"href":"https:\/\/fishingandhuntingtv.com\/cz\/wp-json\/wp\/v2\/pages\/58\/revisions\/57412"}],"wp:featuredmedia":[{"embeddable":true,"href":"https:\/\/fishingandhuntingtv.com\/cz\/wp-json\/wp\/v2\/media\/56272"}],"wp:attachment":[{"href":"https:\/\/fishingandhuntingtv.com\/cz\/wp-json\/wp\/v2\/media?parent=58"}],"curies":[{"name":"wp","href":"https:\/\/api.w.org\/{rel}","templated":true}]}}