{"id":93,"date":"2021-01-22T11:05:46","date_gmt":"2021-01-22T11:05:46","guid":{"rendered":"https:\/\/fishingandhuntingtv.com\/cz\/?page_id=93"},"modified":"2023-04-19T10:31:53","modified_gmt":"2023-04-19T10:31:53","slug":"o-kanalu","status":"publish","type":"page","link":"https:\/\/fishingandhuntingtv.com\/cz\/o-kanalu\/","title":{"rendered":"O kan\u00e1lu"},"content":{"rendered":"<p><strong>O kan\u00e1lu<\/strong><\/p>\n<p><strong>SLEDUJTE \u00da\u017dASN\u00c9 RYB\u00c1\u0158SK\u00c9 A LOVECK\u00c9 FILMY 24 HODIN DENN\u011a!<\/strong><\/p>\n<p>Fishing &amp; Hunting Channel je jedin\u00fd lokalizovan\u00fd ryb\u00e1\u0159sk\u00fd a loveck\u00fd televizn\u00ed kan\u00e1l ve st\u0159edn\u00ed Evrop\u011b.<\/p>\n<p>S prvn\u00edm ma\u010farsk\u00fdm ryb\u00e1\u0159sk\u00fdm a loveck\u00fdm kan\u00e1lem m\u016f\u017eete za\u017e\u00edt vzru\u0161en\u00ed z lovu p\u0159ed obrazovkou nebo relaxovat p\u0159i ryba\u0159en\u00ed!<\/p>\n<ul>\n<li><strong>K dispozici v 9 zem\u00edch a 5 jazyc\u00edch<\/strong><\/li>\n<li><strong>24 hodin denn\u011b, 7 dn\u00ed v t\u00fddnu<\/strong><\/li>\n<li><strong>HD kvalita<\/strong><\/li>\n<li><strong>Ve v\u00edce ne\u017e 23 milionech dom\u00e1cnost\u00ed<\/strong><\/li>\n<\/ul>\n<p><strong>Co p\u0159esn\u011b z\u00edsk\u00e1te, kdy\u017e si n\u00e1s vyberete?<\/strong><\/p>\n<p>Na\u0161e vzru\u0161uj\u00edc\u00ed seri\u00e1ly, nat\u00e1\u010den\u00e9 na velkolep\u00fdch m\u00edstech a s renomovan\u00fdmi odborn\u00edky z domova i ze zahrani\u010d\u00ed, v\u00e1m p\u0159edstav\u00ed tajemn\u00fd sv\u011bt rybolovu a lovu. Vyzkou\u0161ejte si rybolov a lov, nejr\u016fzn\u011bj\u0161\u00ed rybolovn\u00e9 techniky, kvalitn\u00ed souhrny turnaj\u016f a vzru\u0161uj\u00edc\u00ed kulin\u00e1\u0159sk\u00e1 dobrodru\u017estv\u00ed.<\/p>\n<p>Na\u0161e po\u0159ady vys\u00edl\u00e1me ve vysok\u00e9 kvalit\u011b zvuku a obrazu, s omezen\u00fdm po\u010dtem opakov\u00e1n\u00ed a korektur, proto\u017ee v\u00edme, \u017ee obsah, vizu\u00e1ln\u00ed str\u00e1nka, zku\u0161enosti a profesionalita jsou pro v\u00e1s ned\u00edln\u00fdmi po\u017eadavky. Fishing &amp; Hunting je p\u0159\u00edtomen v dev\u00edti zem\u00edch st\u0159edn\u00ed Evropy, kde je s velk\u00fdm \u00fasp\u011bchem vys\u00edl\u00e1n na kabelov\u00fdch rozvodech pro miliony dom\u00e1cnost\u00ed.<\/p>\n<p>Na\u0161\u00edm posl\u00e1n\u00edm je p\u0159in\u00e1\u0161et kouzlo t\u011bchto p\u0159\u00edrod\u011b bl\u00edzk\u00fdch sport\u016f st\u00e1le v\u011bt\u0161\u00edmu po\u010dtu lid\u00ed. Spole\u010dn\u011b mohou na\u0161e ryb\u00e1\u0159sk\u00e9 a mysliveck\u00e9 komunity ud\u011blat mnoho pro to, aby na\u0161e vody a lesy z\u016fstaly kr\u00e1sn\u00e9!<\/p>\n<p>&nbsp;<\/p>\n<p style=\"text-align: left;\"><iframe loading=\"lazy\" title=\"YouTube video player\" src=\"https:\/\/www.youtube.com\/embed\/Fx-bU7ZE-nM\" width=\"1920\" height=\"1080\" frameborder=\"0\" allowfullscreen=\"allowfullscreen\"><span style=\"display: inline-block; width: 0px; overflow: hidden; line-height: 0;\" data-mce-type=\"bookmark\" class=\"mce_SELRES_start\">\ufeff<\/span><\/iframe><\/p>\n<p style=\"text-align: left;\">\u00a0<\/p>\n","protected":false},"excerpt":{"rendered":"<p>O kan\u00e1lu SLEDUJTE \u00da\u017dASN\u00c9 RYB\u00c1\u0158SK\u00c9 A LOVECK\u00c9 FILMY 24 HODIN DENN\u011a! Fishing &amp; Hunting Channel je jedin\u00fd lokalizovan\u00fd ryb\u00e1\u0159sk\u00fd a loveck\u00fd televizn\u00ed kan\u00e1l ve st\u0159edn\u00ed Evrop\u011b. S prvn\u00edm ma\u010farsk\u00fdm ryb\u00e1\u0159sk\u00fdm a loveck\u00fdm kan\u00e1lem m\u016f\u017eete za\u017e\u00edt vzru\u0161en\u00ed z lovu p\u0159ed obrazovkou nebo relaxovat p\u0159i ryba\u0159en\u00ed! K dispozici v 9 zem\u00edch a 5 jazyc\u00edch 24 hodin denn\u011b,&hellip; <a class=\"more-link\" href=\"https:\/\/fishingandhuntingtv.com\/cz\/o-kanalu\/\"><span class=\"screen-reader-text\">O kan\u00e1lu<\/span> olvas\u00e1s\u00e1nak folytat\u00e1sa<\/a><\/p>\n","protected":false},"author":1,"featured_media":56272,"parent":0,"menu_order":0,"comment_status":"closed","ping_status":"closed","template":"","meta":{"inline_featured_image":false,"footnotes":""},"class_list":["post-93","page","type-page","status-publish","has-post-thumbnail","hentry","entry"],"acf":[],"yoast_head":"<!-- This site is optimized with the Yoast SEO plugin v20.5 - https:\/\/yoast.com\/wordpress\/plugins\/seo\/ -->\n<title>O kan\u00e1lu - The Fishing and Hunting Channel<\/title>\n<meta name=\"robots\" content=\"index, follow, max-snippet:-1, max-image-preview:large, max-video-preview:-1\" \/>\n<link rel=\"canonical\" href=\"https:\/\/fishingandhuntingtv.com\/cz\/o-kanalu\/\" \/>\n<meta property=\"og:locale\" content=\"hu_HU\" \/>\n<meta property=\"og:type\" content=\"article\" \/>\n<meta property=\"og:title\" content=\"O kan\u00e1lu - The Fishing and Hunting Channel\" \/>\n<meta property=\"og:description\" content=\"O kan\u00e1lu SLEDUJTE \u00da\u017dASN\u00c9 RYB\u00c1\u0158SK\u00c9 A LOVECK\u00c9 FILMY 24 HODIN DENN\u011a! Fishing &amp; Hunting Channel je jedin\u00fd lokalizovan\u00fd ryb\u00e1\u0159sk\u00fd a loveck\u00fd televizn\u00ed kan\u00e1l ve st\u0159edn\u00ed Evrop\u011b. S prvn\u00edm ma\u010farsk\u00fdm ryb\u00e1\u0159sk\u00fdm a loveck\u00fdm kan\u00e1lem m\u016f\u017eete za\u017e\u00edt vzru\u0161en\u00ed z lovu p\u0159ed obrazovkou nebo relaxovat p\u0159i ryba\u0159en\u00ed! K dispozici v 9 zem\u00edch a 5 jazyc\u00edch 24 hodin denn\u011b,&hellip; O kan\u00e1lu olvas\u00e1s\u00e1nak folytat\u00e1sa\" \/>\n<meta property=\"og:url\" content=\"https:\/\/fishingandhuntingtv.com\/cz\/o-kanalu\/\" \/>\n<meta property=\"og:site_name\" content=\"The Fishing and Hunting Channel\" \/>\n<meta property=\"article:publisher\" content=\"https:\/\/www.facebook.com\/FnHhun\" \/>\n<meta property=\"article:modified_time\" content=\"2023-04-19T10:31:53+00:00\" \/>\n<meta property=\"og:image\" content=\"https:\/\/fishingandhuntingtv.com\/cz\/wp-content\/uploads\/2021\/04\/fh-banner.jpg\" \/>\n\t<meta property=\"og:image:width\" content=\"1200\" \/>\n\t<meta property=\"og:image:height\" content=\"457\" \/>\n\t<meta property=\"og:image:type\" content=\"image\/jpeg\" \/>\n<meta name=\"twitter:card\" content=\"summary_large_image\" \/>\n<meta name=\"twitter:label1\" content=\"Becs\u00fclt olvas\u00e1si id\u0151\" \/>\n\t<meta name=\"twitter:data1\" content=\"2 perc\" \/>\n<script type=\"application\/ld+json\" class=\"yoast-schema-graph\">{\"@context\":\"https:\/\/schema.org\",\"@graph\":[{\"@type\":\"WebPage\",\"@id\":\"https:\/\/fishingandhuntingtv.com\/cz\/o-kanalu\/\",\"url\":\"https:\/\/fishingandhuntingtv.com\/cz\/o-kanalu\/\",\"name\":\"O kan\u00e1lu - The Fishing and Hunting Channel\",\"isPartOf\":{\"@id\":\"https:\/\/fishingandhuntingtv.com\/cz\/#website\"},\"datePublished\":\"2021-01-22T11:05:46+00:00\",\"dateModified\":\"2023-04-19T10:31:53+00:00\",\"breadcrumb\":{\"@id\":\"https:\/\/fishingandhuntingtv.com\/cz\/o-kanalu\/#breadcrumb\"},\"inLanguage\":\"hu\",\"potentialAction\":[{\"@type\":\"ReadAction\",\"target\":[\"https:\/\/fishingandhuntingtv.com\/cz\/o-kanalu\/\"]}]},{\"@type\":\"BreadcrumbList\",\"@id\":\"https:\/\/fishingandhuntingtv.com\/cz\/o-kanalu\/#breadcrumb\",\"itemListElement\":[{\"@type\":\"ListItem\",\"position\":1,\"name\":\"F&amp;H Tv\",\"item\":\"https:\/\/fishingandhuntingtv.com\/cz\/\"},{\"@type\":\"ListItem\",\"position\":2,\"name\":\"O kan\u00e1lu\"}]},{\"@type\":\"WebSite\",\"@id\":\"https:\/\/fishingandhuntingtv.com\/cz\/#website\",\"url\":\"https:\/\/fishingandhuntingtv.com\/cz\/\",\"name\":\"The Fishing and Hunting Channel\",\"description\":\"K\u00f6z\u00e9p-Eur\u00f3pa egyetlen lokaliz\u00e1lt horg\u00e1sz-vad\u00e1sz csatorn\u00e1ja\",\"publisher\":{\"@id\":\"https:\/\/fishingandhuntingtv.com\/cz\/#organization\"},\"potentialAction\":[{\"@type\":\"SearchAction\",\"target\":{\"@type\":\"EntryPoint\",\"urlTemplate\":\"https:\/\/fishingandhuntingtv.com\/cz\/?s={search_term_string}\"},\"query-input\":\"required name=search_term_string\"}],\"inLanguage\":\"hu\"},{\"@type\":\"Organization\",\"@id\":\"https:\/\/fishingandhuntingtv.com\/cz\/#organization\",\"name\":\"The Fishing and Hunting Channel\",\"url\":\"https:\/\/fishingandhuntingtv.com\/cz\/\",\"logo\":{\"@type\":\"ImageObject\",\"inLanguage\":\"hu\",\"@id\":\"https:\/\/fishingandhuntingtv.com\/cz\/#\/schema\/logo\/image\/\",\"url\":\"https:\/\/fishingandhuntingtv.com\/cz\/wp-content\/uploads\/2021\/01\/fishing-and-hunting-logo.svg\",\"contentUrl\":\"https:\/\/fishingandhuntingtv.com\/cz\/wp-content\/uploads\/2021\/01\/fishing-and-hunting-logo.svg\",\"width\":\"1024\",\"height\":\"1024\",\"caption\":\"The Fishing and Hunting Channel\"},\"image\":{\"@id\":\"https:\/\/fishingandhuntingtv.com\/cz\/#\/schema\/logo\/image\/\"},\"sameAs\":[\"https:\/\/www.facebook.com\/FnHhun\",\"https:\/\/www.instagram.com\/_fishingandhuntingtv.com_\/\",\"http:\/\/www.youtube.com\/user\/TheFishingHunting\"]}]}<\/script>\n<!-- \/ Yoast SEO plugin. -->","yoast_head_json":{"title":"O kan\u00e1lu - The Fishing and Hunting Channel","robots":{"index":"index","follow":"follow","max-snippet":"max-snippet:-1","max-image-preview":"max-image-preview:large","max-video-preview":"max-video-preview:-1"},"canonical":"https:\/\/fishingandhuntingtv.com\/cz\/o-kanalu\/","og_locale":"hu_HU","og_type":"article","og_title":"O kan\u00e1lu - The Fishing and Hunting Channel","og_description":"O kan\u00e1lu SLEDUJTE \u00da\u017dASN\u00c9 RYB\u00c1\u0158SK\u00c9 A LOVECK\u00c9 FILMY 24 HODIN DENN\u011a! Fishing &amp; Hunting Channel je jedin\u00fd lokalizovan\u00fd ryb\u00e1\u0159sk\u00fd a loveck\u00fd televizn\u00ed kan\u00e1l ve st\u0159edn\u00ed Evrop\u011b. S prvn\u00edm ma\u010farsk\u00fdm ryb\u00e1\u0159sk\u00fdm a loveck\u00fdm kan\u00e1lem m\u016f\u017eete za\u017e\u00edt vzru\u0161en\u00ed z lovu p\u0159ed obrazovkou nebo relaxovat p\u0159i ryba\u0159en\u00ed! K dispozici v 9 zem\u00edch a 5 jazyc\u00edch 24 hodin denn\u011b,&hellip; O kan\u00e1lu olvas\u00e1s\u00e1nak folytat\u00e1sa","og_url":"https:\/\/fishingandhuntingtv.com\/cz\/o-kanalu\/","og_site_name":"The Fishing and Hunting Channel","article_publisher":"https:\/\/www.facebook.com\/FnHhun","article_modified_time":"2023-04-19T10:31:53+00:00","og_image":[{"width":1200,"height":457,"url":"https:\/\/fishingandhuntingtv.com\/cz\/wp-content\/uploads\/2021\/04\/fh-banner.jpg","type":"image\/jpeg"}],"twitter_card":"summary_large_image","twitter_misc":{"Becs\u00fclt olvas\u00e1si id\u0151":"2 perc"},"schema":{"@context":"https:\/\/schema.org","@graph":[{"@type":"WebPage","@id":"https:\/\/fishingandhuntingtv.com\/cz\/o-kanalu\/","url":"https:\/\/fishingandhuntingtv.com\/cz\/o-kanalu\/","name":"O kan\u00e1lu - The Fishing and Hunting Channel","isPartOf":{"@id":"https:\/\/fishingandhuntingtv.com\/cz\/#website"},"datePublished":"2021-01-22T11:05:46+00:00","dateModified":"2023-04-19T10:31:53+00:00","breadcrumb":{"@id":"https:\/\/fishingandhuntingtv.com\/cz\/o-kanalu\/#breadcrumb"},"inLanguage":"hu","potentialAction":[{"@type":"ReadAction","target":["https:\/\/fishingandhuntingtv.com\/cz\/o-kanalu\/"]}]},{"@type":"BreadcrumbList","@id":"https:\/\/fishingandhuntingtv.com\/cz\/o-kanalu\/#breadcrumb","itemListElement":[{"@type":"ListItem","position":1,"name":"F&amp;H Tv","item":"https:\/\/fishingandhuntingtv.com\/cz\/"},{"@type":"ListItem","position":2,"name":"O kan\u00e1lu"}]},{"@type":"WebSite","@id":"https:\/\/fishingandhuntingtv.com\/cz\/#website","url":"https:\/\/fishingandhuntingtv.com\/cz\/","name":"The Fishing and Hunting Channel","description":"K\u00f6z\u00e9p-Eur\u00f3pa egyetlen lokaliz\u00e1lt horg\u00e1sz-vad\u00e1sz csatorn\u00e1ja","publisher":{"@id":"https:\/\/fishingandhuntingtv.com\/cz\/#organization"},"potentialAction":[{"@type":"SearchAction","target":{"@type":"EntryPoint","urlTemplate":"https:\/\/fishingandhuntingtv.com\/cz\/?s={search_term_string}"},"query-input":"required name=search_term_string"}],"inLanguage":"hu"},{"@type":"Organization","@id":"https:\/\/fishingandhuntingtv.com\/cz\/#organization","name":"The Fishing and Hunting Channel","url":"https:\/\/fishingandhuntingtv.com\/cz\/","logo":{"@type":"ImageObject","inLanguage":"hu","@id":"https:\/\/fishingandhuntingtv.com\/cz\/#\/schema\/logo\/image\/","url":"https:\/\/fishingandhuntingtv.com\/cz\/wp-content\/uploads\/2021\/01\/fishing-and-hunting-logo.svg","contentUrl":"https:\/\/fishingandhuntingtv.com\/cz\/wp-content\/uploads\/2021\/01\/fishing-and-hunting-logo.svg","width":"1024","height":"1024","caption":"The Fishing and Hunting Channel"},"image":{"@id":"https:\/\/fishingandhuntingtv.com\/cz\/#\/schema\/logo\/image\/"},"sameAs":["https:\/\/www.facebook.com\/FnHhun","https:\/\/www.instagram.com\/_fishingandhuntingtv.com_\/","http:\/\/www.youtube.com\/user\/TheFishingHunting"]}]}},"_links":{"self":[{"href":"https:\/\/fishingandhuntingtv.com\/cz\/wp-json\/wp\/v2\/pages\/93","targetHints":{"allow":["GET"]}}],"collection":[{"href":"https:\/\/fishingandhuntingtv.com\/cz\/wp-json\/wp\/v2\/pages"}],"about":[{"href":"https:\/\/fishingandhuntingtv.com\/cz\/wp-json\/wp\/v2\/types\/page"}],"author":[{"embeddable":true,"href":"https:\/\/fishingandhuntingtv.com\/cz\/wp-json\/wp\/v2\/users\/1"}],"replies":[{"embeddable":true,"href":"https:\/\/fishingandhuntingtv.com\/cz\/wp-json\/wp\/v2\/comments?post=93"}],"version-history":[{"count":3,"href":"https:\/\/fishingandhuntingtv.com\/cz\/wp-json\/wp\/v2\/pages\/93\/revisions"}],"predecessor-version":[{"id":57416,"href":"https:\/\/fishingandhuntingtv.com\/cz\/wp-json\/wp\/v2\/pages\/93\/revisions\/57416"}],"wp:featuredmedia":[{"embeddable":true,"href":"https:\/\/fishingandhuntingtv.com\/cz\/wp-json\/wp\/v2\/media\/56272"}],"wp:attachment":[{"href":"https:\/\/fishingandhuntingtv.com\/cz\/wp-json\/wp\/v2\/media?parent=93"}],"curies":[{"name":"wp","href":"https:\/\/api.w.org\/{rel}","templated":true}]}}