{"id":37997,"date":"2021-02-12T16:52:13","date_gmt":"2021-02-12T16:52:13","guid":{"rendered":"https:\/\/fishingandhuntingtv.com\/hu\/?page_id=37997"},"modified":"2022-11-30T13:36:04","modified_gmt":"2022-11-30T13:36:04","slug":"beszamolok","status":"publish","type":"page","link":"https:\/\/fishingandhuntingtv.com\/hu\/beszamolok\/","title":{"rendered":"Besz\u00e1mol\u00f3k"},"content":{"rendered":"","protected":false},"excerpt":{"rendered":"","protected":false},"author":1,"featured_media":0,"parent":0,"menu_order":0,"comment_status":"closed","ping_status":"closed","template":"beszamolok.php","meta":{"inline_featured_image":false,"footnotes":""},"class_list":["post-37997","page","type-page","status-publish","hentry","entry"],"acf":[],"yoast_head":"<!-- This site is optimized with the Yoast SEO plugin v19.14 - https:\/\/yoast.com\/wordpress\/plugins\/seo\/ -->\n<title>Besz\u00e1mol\u00f3k - The Fishing and Hunting Channel<\/title>\n<meta name=\"robots\" content=\"index, follow, max-snippet:-1, max-image-preview:large, max-video-preview:-1\" \/>\n<link rel=\"canonical\" href=\"https:\/\/fishingandhuntingtv.com\/hu\/beszamolok\/\" \/>\n<meta property=\"og:locale\" content=\"hu_HU\" \/>\n<meta property=\"og:type\" content=\"article\" \/>\n<meta property=\"og:title\" content=\"Besz\u00e1mol\u00f3k - The Fishing and Hunting Channel\" \/>\n<meta property=\"og:url\" content=\"https:\/\/fishingandhuntingtv.com\/hu\/beszamolok\/\" \/>\n<meta property=\"og:site_name\" content=\"The Fishing and Hunting Channel\" \/>\n<meta property=\"article:publisher\" content=\"https:\/\/www.facebook.com\/FnHhun\" \/>\n<meta property=\"article:modified_time\" content=\"2022-11-30T13:36:04+00:00\" \/>\n<meta name=\"twitter:card\" content=\"summary_large_image\" \/>\n<script type=\"application\/ld+json\" class=\"yoast-schema-graph\">{\"@context\":\"https:\/\/schema.org\",\"@graph\":[{\"@type\":\"WebPage\",\"@id\":\"https:\/\/fishingandhuntingtv.com\/hu\/beszamolok\/\",\"url\":\"https:\/\/fishingandhuntingtv.com\/hu\/beszamolok\/\",\"name\":\"Besz\u00e1mol\u00f3k - The Fishing and Hunting Channel\",\"isPartOf\":{\"@id\":\"https:\/\/fishingandhuntingtv.com\/hu\/#website\"},\"datePublished\":\"2021-02-12T16:52:13+00:00\",\"dateModified\":\"2022-11-30T13:36:04+00:00\",\"breadcrumb\":{\"@id\":\"https:\/\/fishingandhuntingtv.com\/hu\/beszamolok\/#breadcrumb\"},\"inLanguage\":\"hu\",\"potentialAction\":[{\"@type\":\"ReadAction\",\"target\":[\"https:\/\/fishingandhuntingtv.com\/hu\/beszamolok\/\"]}]},{\"@type\":\"BreadcrumbList\",\"@id\":\"https:\/\/fishingandhuntingtv.com\/hu\/beszamolok\/#breadcrumb\",\"itemListElement\":[{\"@type\":\"ListItem\",\"position\":1,\"name\":\"F&amp;H Tv\",\"item\":\"https:\/\/fishingandhuntingtv.com\/hu\/\"},{\"@type\":\"ListItem\",\"position\":2,\"name\":\"Besz\u00e1mol\u00f3k\"}]},{\"@type\":\"WebSite\",\"@id\":\"https:\/\/fishingandhuntingtv.com\/hu\/#website\",\"url\":\"https:\/\/fishingandhuntingtv.com\/hu\/\",\"name\":\"The Fishing and Hunting Channel\",\"description\":\"K\u00f6z\u00e9p-Eur\u00f3pa egyetlen lokaliz\u00e1lt horg\u00e1sz-vad\u00e1sz csatorn\u00e1ja\",\"publisher\":{\"@id\":\"https:\/\/fishingandhuntingtv.com\/hu\/#organization\"},\"potentialAction\":[{\"@type\":\"SearchAction\",\"target\":{\"@type\":\"EntryPoint\",\"urlTemplate\":\"https:\/\/fishingandhuntingtv.com\/hu\/?s={search_term_string}\"},\"query-input\":\"required name=search_term_string\"}],\"inLanguage\":\"hu\"},{\"@type\":\"Organization\",\"@id\":\"https:\/\/fishingandhuntingtv.com\/hu\/#organization\",\"name\":\"The Fishing and Hunting Channel\",\"url\":\"https:\/\/fishingandhuntingtv.com\/hu\/\",\"logo\":{\"@type\":\"ImageObject\",\"inLanguage\":\"hu\",\"@id\":\"https:\/\/fishingandhuntingtv.com\/hu\/#\/schema\/logo\/image\/\",\"url\":\"https:\/\/fishingandhuntingtv.com\/hu\/wp-content\/uploads\/2021\/07\/fishing-and-hunting-logo.png\",\"contentUrl\":\"https:\/\/fishingandhuntingtv.com\/hu\/wp-content\/uploads\/2021\/07\/fishing-and-hunting-logo.png\",\"width\":1000,\"height\":1000,\"caption\":\"The Fishing and Hunting Channel\"},\"image\":{\"@id\":\"https:\/\/fishingandhuntingtv.com\/hu\/#\/schema\/logo\/image\/\"},\"sameAs\":[\"https:\/\/www.instagram.com\/_fishingandhuntingtv.com_\/\",\"http:\/\/www.youtube.com\/user\/TheFishingHunting\",\"https:\/\/www.facebook.com\/FnHhun\"]}]}<\/script>\n<!-- \/ Yoast SEO plugin. -->","yoast_head_json":{"title":"Besz\u00e1mol\u00f3k - The Fishing and Hunting Channel","robots":{"index":"index","follow":"follow","max-snippet":"max-snippet:-1","max-image-preview":"max-image-preview:large","max-video-preview":"max-video-preview:-1"},"canonical":"https:\/\/fishingandhuntingtv.com\/hu\/beszamolok\/","og_locale":"hu_HU","og_type":"article","og_title":"Besz\u00e1mol\u00f3k - The Fishing and Hunting Channel","og_url":"https:\/\/fishingandhuntingtv.com\/hu\/beszamolok\/","og_site_name":"The Fishing and Hunting Channel","article_publisher":"https:\/\/www.facebook.com\/FnHhun","article_modified_time":"2022-11-30T13:36:04+00:00","twitter_card":"summary_large_image","schema":{"@context":"https:\/\/schema.org","@graph":[{"@type":"WebPage","@id":"https:\/\/fishingandhuntingtv.com\/hu\/beszamolok\/","url":"https:\/\/fishingandhuntingtv.com\/hu\/beszamolok\/","name":"Besz\u00e1mol\u00f3k - The Fishing and Hunting Channel","isPartOf":{"@id":"https:\/\/fishingandhuntingtv.com\/hu\/#website"},"datePublished":"2021-02-12T16:52:13+00:00","dateModified":"2022-11-30T13:36:04+00:00","breadcrumb":{"@id":"https:\/\/fishingandhuntingtv.com\/hu\/beszamolok\/#breadcrumb"},"inLanguage":"hu","potentialAction":[{"@type":"ReadAction","target":["https:\/\/fishingandhuntingtv.com\/hu\/beszamolok\/"]}]},{"@type":"BreadcrumbList","@id":"https:\/\/fishingandhuntingtv.com\/hu\/beszamolok\/#breadcrumb","itemListElement":[{"@type":"ListItem","position":1,"name":"F&amp;H Tv","item":"https:\/\/fishingandhuntingtv.com\/hu\/"},{"@type":"ListItem","position":2,"name":"Besz\u00e1mol\u00f3k"}]},{"@type":"WebSite","@id":"https:\/\/fishingandhuntingtv.com\/hu\/#website","url":"https:\/\/fishingandhuntingtv.com\/hu\/","name":"The Fishing and Hunting Channel","description":"K\u00f6z\u00e9p-Eur\u00f3pa egyetlen lokaliz\u00e1lt horg\u00e1sz-vad\u00e1sz csatorn\u00e1ja","publisher":{"@id":"https:\/\/fishingandhuntingtv.com\/hu\/#organization"},"potentialAction":[{"@type":"SearchAction","target":{"@type":"EntryPoint","urlTemplate":"https:\/\/fishingandhuntingtv.com\/hu\/?s={search_term_string}"},"query-input":"required name=search_term_string"}],"inLanguage":"hu"},{"@type":"Organization","@id":"https:\/\/fishingandhuntingtv.com\/hu\/#organization","name":"The Fishing and Hunting Channel","url":"https:\/\/fishingandhuntingtv.com\/hu\/","logo":{"@type":"ImageObject","inLanguage":"hu","@id":"https:\/\/fishingandhuntingtv.com\/hu\/#\/schema\/logo\/image\/","url":"https:\/\/fishingandhuntingtv.com\/hu\/wp-content\/uploads\/2021\/07\/fishing-and-hunting-logo.png","contentUrl":"https:\/\/fishingandhuntingtv.com\/hu\/wp-content\/uploads\/2021\/07\/fishing-and-hunting-logo.png","width":1000,"height":1000,"caption":"The Fishing and Hunting Channel"},"image":{"@id":"https:\/\/fishingandhuntingtv.com\/hu\/#\/schema\/logo\/image\/"},"sameAs":["https:\/\/www.instagram.com\/_fishingandhuntingtv.com_\/","http:\/\/www.youtube.com\/user\/TheFishingHunting","https:\/\/www.facebook.com\/FnHhun"]}]}},"_links":{"self":[{"href":"https:\/\/fishingandhuntingtv.com\/hu\/wp-json\/wp\/v2\/pages\/37997","targetHints":{"allow":["GET"]}}],"collection":[{"href":"https:\/\/fishingandhuntingtv.com\/hu\/wp-json\/wp\/v2\/pages"}],"about":[{"href":"https:\/\/fishingandhuntingtv.com\/hu\/wp-json\/wp\/v2\/types\/page"}],"author":[{"embeddable":true,"href":"https:\/\/fishingandhuntingtv.com\/hu\/wp-json\/wp\/v2\/users\/1"}],"replies":[{"embeddable":true,"href":"https:\/\/fishingandhuntingtv.com\/hu\/wp-json\/wp\/v2\/comments?post=37997"}],"version-history":[{"count":2,"href":"https:\/\/fishingandhuntingtv.com\/hu\/wp-json\/wp\/v2\/pages\/37997\/revisions"}],"predecessor-version":[{"id":58781,"href":"https:\/\/fishingandhuntingtv.com\/hu\/wp-json\/wp\/v2\/pages\/37997\/revisions\/58781"}],"wp:attachment":[{"href":"https:\/\/fishingandhuntingtv.com\/hu\/wp-json\/wp\/v2\/media?parent=37997"}],"curies":[{"name":"wp","href":"https:\/\/api.w.org\/{rel}","templated":true}]}}