{"id":46,"date":"2021-01-18T11:19:54","date_gmt":"2021-01-18T11:19:54","guid":{"rendered":"https:\/\/fishingandhuntingtv.com\/hu\/?page_id=46"},"modified":"2026-04-01T09:26:26","modified_gmt":"2026-04-01T09:26:26","slug":"heti-musor","status":"publish","type":"page","link":"https:\/\/fishingandhuntingtv.com\/hu\/heti-musor\/","title":{"rendered":"Heti TV m\u0171sor"},"content":{"rendered":"","protected":false},"excerpt":{"rendered":"","protected":false},"author":1,"featured_media":0,"parent":0,"menu_order":0,"comment_status":"closed","ping_status":"closed","template":"heti-musor.php","meta":{"inline_featured_image":false,"footnotes":""},"class_list":["post-46","page","type-page","status-publish","hentry","entry"],"acf":[],"yoast_head":"<!-- This site is optimized with the Yoast SEO plugin v19.14 - https:\/\/yoast.com\/wordpress\/plugins\/seo\/ -->\n<title>Heti TV m\u0171sor - The Fishing and Hunting Channel<\/title>\n<meta name=\"description\" content=\"Itt tal\u00e1lhatj\u00e1tok az F&amp;H Channel aktu\u00e1lis m\u0171sorait h\u00e9tr\u0151l h\u00e9tre! Kattints, le ne maradj a kedvenc sorozatodr\u00f3l vagy az \u00fajdons\u00e1gokr\u00f3l!\" \/>\n<meta name=\"robots\" content=\"index, follow, max-snippet:-1, max-image-preview:large, max-video-preview:-1\" \/>\n<link rel=\"canonical\" href=\"https:\/\/fishingandhuntingtv.com\/hu\/heti-musor\/\" \/>\n<meta property=\"og:locale\" content=\"hu_HU\" \/>\n<meta property=\"og:type\" content=\"article\" \/>\n<meta property=\"og:title\" content=\"Heti TV m\u0171sor - The Fishing and Hunting Channel\" \/>\n<meta property=\"og:description\" content=\"Itt tal\u00e1lhatj\u00e1tok az F&amp;H Channel aktu\u00e1lis m\u0171sorait h\u00e9tr\u0151l h\u00e9tre! Kattints, le ne maradj a kedvenc sorozatodr\u00f3l vagy az \u00fajdons\u00e1gokr\u00f3l!\" \/>\n<meta property=\"og:url\" content=\"https:\/\/fishingandhuntingtv.com\/hu\/heti-musor\/\" \/>\n<meta property=\"og:site_name\" content=\"The Fishing and Hunting Channel\" \/>\n<meta property=\"article:publisher\" content=\"https:\/\/www.facebook.com\/FnHhun\" \/>\n<meta property=\"article:modified_time\" content=\"2026-04-01T09:26:26+00:00\" \/>\n<meta name=\"twitter:card\" content=\"summary_large_image\" \/>\n<script type=\"application\/ld+json\" class=\"yoast-schema-graph\">{\"@context\":\"https:\/\/schema.org\",\"@graph\":[{\"@type\":\"WebPage\",\"@id\":\"https:\/\/fishingandhuntingtv.com\/hu\/heti-musor\/\",\"url\":\"https:\/\/fishingandhuntingtv.com\/hu\/heti-musor\/\",\"name\":\"Heti TV m\u0171sor - The Fishing and Hunting Channel\",\"isPartOf\":{\"@id\":\"https:\/\/fishingandhuntingtv.com\/hu\/#website\"},\"datePublished\":\"2021-01-18T11:19:54+00:00\",\"dateModified\":\"2026-04-01T09:26:26+00:00\",\"description\":\"Itt tal\u00e1lhatj\u00e1tok az F&H Channel aktu\u00e1lis m\u0171sorait h\u00e9tr\u0151l h\u00e9tre! Kattints, le ne maradj a kedvenc sorozatodr\u00f3l vagy az \u00fajdons\u00e1gokr\u00f3l!\",\"breadcrumb\":{\"@id\":\"https:\/\/fishingandhuntingtv.com\/hu\/heti-musor\/#breadcrumb\"},\"inLanguage\":\"hu\",\"potentialAction\":[{\"@type\":\"ReadAction\",\"target\":[\"https:\/\/fishingandhuntingtv.com\/hu\/heti-musor\/\"]}]},{\"@type\":\"BreadcrumbList\",\"@id\":\"https:\/\/fishingandhuntingtv.com\/hu\/heti-musor\/#breadcrumb\",\"itemListElement\":[{\"@type\":\"ListItem\",\"position\":1,\"name\":\"F&amp;H Tv\",\"item\":\"https:\/\/fishingandhuntingtv.com\/hu\/\"},{\"@type\":\"ListItem\",\"position\":2,\"name\":\"Heti TV m\u0171sor\"}]},{\"@type\":\"WebSite\",\"@id\":\"https:\/\/fishingandhuntingtv.com\/hu\/#website\",\"url\":\"https:\/\/fishingandhuntingtv.com\/hu\/\",\"name\":\"The Fishing and Hunting Channel\",\"description\":\"K\u00f6z\u00e9p-Eur\u00f3pa egyetlen lokaliz\u00e1lt horg\u00e1sz-vad\u00e1sz csatorn\u00e1ja\",\"publisher\":{\"@id\":\"https:\/\/fishingandhuntingtv.com\/hu\/#organization\"},\"potentialAction\":[{\"@type\":\"SearchAction\",\"target\":{\"@type\":\"EntryPoint\",\"urlTemplate\":\"https:\/\/fishingandhuntingtv.com\/hu\/?s={search_term_string}\"},\"query-input\":\"required name=search_term_string\"}],\"inLanguage\":\"hu\"},{\"@type\":\"Organization\",\"@id\":\"https:\/\/fishingandhuntingtv.com\/hu\/#organization\",\"name\":\"The Fishing and Hunting Channel\",\"url\":\"https:\/\/fishingandhuntingtv.com\/hu\/\",\"logo\":{\"@type\":\"ImageObject\",\"inLanguage\":\"hu\",\"@id\":\"https:\/\/fishingandhuntingtv.com\/hu\/#\/schema\/logo\/image\/\",\"url\":\"https:\/\/fishingandhuntingtv.com\/hu\/wp-content\/uploads\/2021\/07\/fishing-and-hunting-logo.png\",\"contentUrl\":\"https:\/\/fishingandhuntingtv.com\/hu\/wp-content\/uploads\/2021\/07\/fishing-and-hunting-logo.png\",\"width\":1000,\"height\":1000,\"caption\":\"The Fishing and Hunting Channel\"},\"image\":{\"@id\":\"https:\/\/fishingandhuntingtv.com\/hu\/#\/schema\/logo\/image\/\"},\"sameAs\":[\"https:\/\/www.instagram.com\/_fishingandhuntingtv.com_\/\",\"http:\/\/www.youtube.com\/user\/TheFishingHunting\",\"https:\/\/www.facebook.com\/FnHhun\"]}]}<\/script>\n<!-- \/ Yoast SEO plugin. -->","yoast_head_json":{"title":"Heti TV m\u0171sor - The Fishing and Hunting Channel","description":"Itt tal\u00e1lhatj\u00e1tok az F&H Channel aktu\u00e1lis m\u0171sorait h\u00e9tr\u0151l h\u00e9tre! Kattints, le ne maradj a kedvenc sorozatodr\u00f3l vagy az \u00fajdons\u00e1gokr\u00f3l!","robots":{"index":"index","follow":"follow","max-snippet":"max-snippet:-1","max-image-preview":"max-image-preview:large","max-video-preview":"max-video-preview:-1"},"canonical":"https:\/\/fishingandhuntingtv.com\/hu\/heti-musor\/","og_locale":"hu_HU","og_type":"article","og_title":"Heti TV m\u0171sor - The Fishing and Hunting Channel","og_description":"Itt tal\u00e1lhatj\u00e1tok az F&H Channel aktu\u00e1lis m\u0171sorait h\u00e9tr\u0151l h\u00e9tre! Kattints, le ne maradj a kedvenc sorozatodr\u00f3l vagy az \u00fajdons\u00e1gokr\u00f3l!","og_url":"https:\/\/fishingandhuntingtv.com\/hu\/heti-musor\/","og_site_name":"The Fishing and Hunting Channel","article_publisher":"https:\/\/www.facebook.com\/FnHhun","article_modified_time":"2026-04-01T09:26:26+00:00","twitter_card":"summary_large_image","schema":{"@context":"https:\/\/schema.org","@graph":[{"@type":"WebPage","@id":"https:\/\/fishingandhuntingtv.com\/hu\/heti-musor\/","url":"https:\/\/fishingandhuntingtv.com\/hu\/heti-musor\/","name":"Heti TV m\u0171sor - The Fishing and Hunting Channel","isPartOf":{"@id":"https:\/\/fishingandhuntingtv.com\/hu\/#website"},"datePublished":"2021-01-18T11:19:54+00:00","dateModified":"2026-04-01T09:26:26+00:00","description":"Itt tal\u00e1lhatj\u00e1tok az F&H Channel aktu\u00e1lis m\u0171sorait h\u00e9tr\u0151l h\u00e9tre! Kattints, le ne maradj a kedvenc sorozatodr\u00f3l vagy az \u00fajdons\u00e1gokr\u00f3l!","breadcrumb":{"@id":"https:\/\/fishingandhuntingtv.com\/hu\/heti-musor\/#breadcrumb"},"inLanguage":"hu","potentialAction":[{"@type":"ReadAction","target":["https:\/\/fishingandhuntingtv.com\/hu\/heti-musor\/"]}]},{"@type":"BreadcrumbList","@id":"https:\/\/fishingandhuntingtv.com\/hu\/heti-musor\/#breadcrumb","itemListElement":[{"@type":"ListItem","position":1,"name":"F&amp;H Tv","item":"https:\/\/fishingandhuntingtv.com\/hu\/"},{"@type":"ListItem","position":2,"name":"Heti TV m\u0171sor"}]},{"@type":"WebSite","@id":"https:\/\/fishingandhuntingtv.com\/hu\/#website","url":"https:\/\/fishingandhuntingtv.com\/hu\/","name":"The Fishing and Hunting Channel","description":"K\u00f6z\u00e9p-Eur\u00f3pa egyetlen lokaliz\u00e1lt horg\u00e1sz-vad\u00e1sz csatorn\u00e1ja","publisher":{"@id":"https:\/\/fishingandhuntingtv.com\/hu\/#organization"},"potentialAction":[{"@type":"SearchAction","target":{"@type":"EntryPoint","urlTemplate":"https:\/\/fishingandhuntingtv.com\/hu\/?s={search_term_string}"},"query-input":"required name=search_term_string"}],"inLanguage":"hu"},{"@type":"Organization","@id":"https:\/\/fishingandhuntingtv.com\/hu\/#organization","name":"The Fishing and Hunting Channel","url":"https:\/\/fishingandhuntingtv.com\/hu\/","logo":{"@type":"ImageObject","inLanguage":"hu","@id":"https:\/\/fishingandhuntingtv.com\/hu\/#\/schema\/logo\/image\/","url":"https:\/\/fishingandhuntingtv.com\/hu\/wp-content\/uploads\/2021\/07\/fishing-and-hunting-logo.png","contentUrl":"https:\/\/fishingandhuntingtv.com\/hu\/wp-content\/uploads\/2021\/07\/fishing-and-hunting-logo.png","width":1000,"height":1000,"caption":"The Fishing and Hunting Channel"},"image":{"@id":"https:\/\/fishingandhuntingtv.com\/hu\/#\/schema\/logo\/image\/"},"sameAs":["https:\/\/www.instagram.com\/_fishingandhuntingtv.com_\/","http:\/\/www.youtube.com\/user\/TheFishingHunting","https:\/\/www.facebook.com\/FnHhun"]}]}},"_links":{"self":[{"href":"https:\/\/fishingandhuntingtv.com\/hu\/wp-json\/wp\/v2\/pages\/46","targetHints":{"allow":["GET"]}}],"collection":[{"href":"https:\/\/fishingandhuntingtv.com\/hu\/wp-json\/wp\/v2\/pages"}],"about":[{"href":"https:\/\/fishingandhuntingtv.com\/hu\/wp-json\/wp\/v2\/types\/page"}],"author":[{"embeddable":true,"href":"https:\/\/fishingandhuntingtv.com\/hu\/wp-json\/wp\/v2\/users\/1"}],"replies":[{"embeddable":true,"href":"https:\/\/fishingandhuntingtv.com\/hu\/wp-json\/wp\/v2\/comments?post=46"}],"version-history":[{"count":182,"href":"https:\/\/fishingandhuntingtv.com\/hu\/wp-json\/wp\/v2\/pages\/46\/revisions"}],"predecessor-version":[{"id":64093,"href":"https:\/\/fishingandhuntingtv.com\/hu\/wp-json\/wp\/v2\/pages\/46\/revisions\/64093"}],"wp:attachment":[{"href":"https:\/\/fishingandhuntingtv.com\/hu\/wp-json\/wp\/v2\/media?parent=46"}],"curies":[{"name":"wp","href":"https:\/\/api.w.org\/{rel}","templated":true}]}}