{"id":58,"date":"2021-01-18T11:21:34","date_gmt":"2021-01-18T11:21:34","guid":{"rendered":"https:\/\/fishingandhuntingtv.com\/hu\/?page_id=58"},"modified":"2022-11-30T13:37:10","modified_gmt":"2022-11-30T13:37:10","slug":"impresszum","status":"publish","type":"page","link":"https:\/\/fishingandhuntingtv.com\/hu\/impresszum\/","title":{"rendered":"Impresszum"},"content":{"rendered":"<p><strong>Impresszum<\/strong><\/p>\n<p>2021.04.01.<\/p>\n<p>&nbsp;<\/p>\n<p><strong>The Fishing &amp; Hunting Channel<\/strong><\/p>\n<p>K\u00f6z\u00e9p-Eur\u00f3pa egyetlen lokaliz\u00e1lt horg\u00e1sz-vad\u00e1sz csatorn\u00e1ja<\/p>\n<p>&nbsp;<\/p>\n<p><strong>\u00dczembentart\u00f3 <\/strong><\/p>\n<p>Tematik-K\u00e1bel Kft.<\/p>\n<p>&nbsp;<\/p>\n<p><strong>El\u00e9rhet\u0151s\u00e9g<\/strong><\/p>\n<p>C\u00edm: H-1012 Budapest, M\u00e1rv\u00e1ny utca 17.<\/p>\n<p>Telefon:<\/p>\n<p>E-mail: <a href=\"mailto:info@fishingandhuntingtv.com\">info@fishingandhuntingtv.com<\/a><\/p>\n<p>&nbsp;<\/p>\n<p><strong>K\u00f6z\u00f6ns\u00e9gszolg\u00e1lat<\/strong><\/p>\n<p>T\u00e9majavaslat\u00e1t \u00e9s k\u00e9rd\u00e9seid a Fishing &amp; Hunting Channel m\u0171soraival kapcsolatban erre az e-mail c\u00edmre v\u00e1rjuk: <a href=\"mailto:info@fishingandhuntingtv.com\">info@fishingandhuntingtv.com<\/a><\/p>\n<p>&nbsp;<\/p>\n<p><strong>\u00c9rt\u00e9kes\u00edt\u00e9s<\/strong><\/p>\n<p>Telev\u00edzi\u00f3s hirdet\u00e9sek: <a href=\"mailto:monika.matolcsy@fishingandhuntingtv.com\">monika.matolcsy@fishingandhuntingtv.com<\/a><\/p>\n<p>Online megjelen\u00e9si lehet\u0151s\u00e9gek: <a href=\"mailto:attila.kovacs@fishingandhuntingtv.com\">attila.kovacs@fishingandhuntingtv.com<\/a><\/p>\n<p>&nbsp;<\/p>\n<p><strong>Fel\u00fcgyeleti szerv<\/strong><\/p>\n<p>Nemzeti M\u00e9dia- \u00e9s H\u00edrk\u00f6zl\u00e9si Hat\u00f3s\u00e1g, 1125 Budapest, Szil\u00e1gyi Erzs\u00e9bet fasor 22c<\/p>\n<p>telefonsz\u00e1m: (+36 1 457 7100), honlap: www.nmhh.hu<\/p>\n<p>levelez\u00e9si c\u00edm: 1374 Budapest, Pf. 603.<\/p>\n<p>&nbsp;<\/p>\n","protected":false},"excerpt":{"rendered":"<p>Impresszum 2021.04.01. &nbsp; The Fishing &amp; Hunting Channel K\u00f6z\u00e9p-Eur\u00f3pa egyetlen lokaliz\u00e1lt horg\u00e1sz-vad\u00e1sz csatorn\u00e1ja &nbsp; \u00dczembentart\u00f3 Tematik-K\u00e1bel Kft. &nbsp; El\u00e9rhet\u0151s\u00e9g C\u00edm: H-1012 Budapest, M\u00e1rv\u00e1ny utca 17. Telefon: E-mail: info@fishingandhuntingtv.com &nbsp; K\u00f6z\u00f6ns\u00e9gszolg\u00e1lat T\u00e9majavaslat\u00e1t \u00e9s k\u00e9rd\u00e9seid a Fishing &amp; Hunting Channel m\u0171soraival kapcsolatban erre az e-mail c\u00edmre v\u00e1rjuk: info@fishingandhuntingtv.com &nbsp; \u00c9rt\u00e9kes\u00edt\u00e9s Telev\u00edzi\u00f3s hirdet\u00e9sek: monika.matolcsy@fishingandhuntingtv.com Online megjelen\u00e9si lehet\u0151s\u00e9gek: attila.kovacs@fishingandhuntingtv.com&hellip; <a class=\"more-link\" href=\"https:\/\/fishingandhuntingtv.com\/hu\/impresszum\/\"><span class=\"screen-reader-text\">Impresszum<\/span> olvas\u00e1s\u00e1nak folytat\u00e1sa<\/a><\/p>\n","protected":false},"author":1,"featured_media":56272,"parent":0,"menu_order":0,"comment_status":"closed","ping_status":"closed","template":"","meta":{"inline_featured_image":false,"footnotes":""},"class_list":["post-58","page","type-page","status-publish","has-post-thumbnail","hentry","entry"],"acf":[],"yoast_head":"<!-- This site is optimized with the Yoast SEO plugin v19.14 - https:\/\/yoast.com\/wordpress\/plugins\/seo\/ -->\n<title>Impresszum - The Fishing and Hunting Channel<\/title>\n<meta name=\"robots\" content=\"index, follow, max-snippet:-1, max-image-preview:large, max-video-preview:-1\" \/>\n<link rel=\"canonical\" href=\"https:\/\/fishingandhuntingtv.com\/hu\/impresszum\/\" \/>\n<meta property=\"og:locale\" content=\"hu_HU\" \/>\n<meta property=\"og:type\" content=\"article\" \/>\n<meta property=\"og:title\" content=\"Impresszum - The Fishing and Hunting Channel\" \/>\n<meta property=\"og:description\" content=\"Impresszum 2021.04.01. &nbsp; The Fishing &amp; Hunting Channel K\u00f6z\u00e9p-Eur\u00f3pa egyetlen lokaliz\u00e1lt horg\u00e1sz-vad\u00e1sz csatorn\u00e1ja &nbsp; \u00dczembentart\u00f3 Tematik-K\u00e1bel Kft. &nbsp; El\u00e9rhet\u0151s\u00e9g C\u00edm: H-1012 Budapest, M\u00e1rv\u00e1ny utca 17. Telefon: E-mail: info@fishingandhuntingtv.com &nbsp; K\u00f6z\u00f6ns\u00e9gszolg\u00e1lat T\u00e9majavaslat\u00e1t \u00e9s k\u00e9rd\u00e9seid a Fishing &amp; Hunting Channel m\u0171soraival kapcsolatban erre az e-mail c\u00edmre v\u00e1rjuk: info@fishingandhuntingtv.com &nbsp; \u00c9rt\u00e9kes\u00edt\u00e9s Telev\u00edzi\u00f3s hirdet\u00e9sek: monika.matolcsy@fishingandhuntingtv.com Online megjelen\u00e9si lehet\u0151s\u00e9gek: attila.kovacs@fishingandhuntingtv.com&hellip; Impresszum olvas\u00e1s\u00e1nak folytat\u00e1sa\" \/>\n<meta property=\"og:url\" content=\"https:\/\/fishingandhuntingtv.com\/hu\/impresszum\/\" \/>\n<meta property=\"og:site_name\" content=\"The Fishing and Hunting Channel\" \/>\n<meta property=\"article:publisher\" content=\"https:\/\/www.facebook.com\/FnHhun\" \/>\n<meta property=\"article:modified_time\" content=\"2022-11-30T13:37:10+00:00\" \/>\n<meta property=\"og:image\" content=\"https:\/\/fishingandhuntingtv.com\/hu\/wp-content\/uploads\/2021\/04\/fh-banner.jpg\" \/>\n\t<meta property=\"og:image:width\" content=\"1200\" \/>\n\t<meta property=\"og:image:height\" content=\"457\" \/>\n\t<meta property=\"og:image:type\" content=\"image\/jpeg\" \/>\n<meta name=\"twitter:card\" content=\"summary_large_image\" \/>\n<meta name=\"twitter:label1\" content=\"Becs\u00fclt olvas\u00e1si id\u0151\" \/>\n\t<meta name=\"twitter:data1\" content=\"1 perc\" \/>\n<script type=\"application\/ld+json\" class=\"yoast-schema-graph\">{\"@context\":\"https:\/\/schema.org\",\"@graph\":[{\"@type\":\"WebPage\",\"@id\":\"https:\/\/fishingandhuntingtv.com\/hu\/impresszum\/\",\"url\":\"https:\/\/fishingandhuntingtv.com\/hu\/impresszum\/\",\"name\":\"Impresszum - The Fishing and Hunting Channel\",\"isPartOf\":{\"@id\":\"https:\/\/fishingandhuntingtv.com\/hu\/#website\"},\"datePublished\":\"2021-01-18T11:21:34+00:00\",\"dateModified\":\"2022-11-30T13:37:10+00:00\",\"breadcrumb\":{\"@id\":\"https:\/\/fishingandhuntingtv.com\/hu\/impresszum\/#breadcrumb\"},\"inLanguage\":\"hu\",\"potentialAction\":[{\"@type\":\"ReadAction\",\"target\":[\"https:\/\/fishingandhuntingtv.com\/hu\/impresszum\/\"]}]},{\"@type\":\"BreadcrumbList\",\"@id\":\"https:\/\/fishingandhuntingtv.com\/hu\/impresszum\/#breadcrumb\",\"itemListElement\":[{\"@type\":\"ListItem\",\"position\":1,\"name\":\"F&amp;H Tv\",\"item\":\"https:\/\/fishingandhuntingtv.com\/hu\/\"},{\"@type\":\"ListItem\",\"position\":2,\"name\":\"Impresszum\"}]},{\"@type\":\"WebSite\",\"@id\":\"https:\/\/fishingandhuntingtv.com\/hu\/#website\",\"url\":\"https:\/\/fishingandhuntingtv.com\/hu\/\",\"name\":\"The Fishing and Hunting Channel\",\"description\":\"K\u00f6z\u00e9p-Eur\u00f3pa egyetlen lokaliz\u00e1lt horg\u00e1sz-vad\u00e1sz csatorn\u00e1ja\",\"publisher\":{\"@id\":\"https:\/\/fishingandhuntingtv.com\/hu\/#organization\"},\"potentialAction\":[{\"@type\":\"SearchAction\",\"target\":{\"@type\":\"EntryPoint\",\"urlTemplate\":\"https:\/\/fishingandhuntingtv.com\/hu\/?s={search_term_string}\"},\"query-input\":\"required name=search_term_string\"}],\"inLanguage\":\"hu\"},{\"@type\":\"Organization\",\"@id\":\"https:\/\/fishingandhuntingtv.com\/hu\/#organization\",\"name\":\"The Fishing and Hunting Channel\",\"url\":\"https:\/\/fishingandhuntingtv.com\/hu\/\",\"logo\":{\"@type\":\"ImageObject\",\"inLanguage\":\"hu\",\"@id\":\"https:\/\/fishingandhuntingtv.com\/hu\/#\/schema\/logo\/image\/\",\"url\":\"https:\/\/fishingandhuntingtv.com\/hu\/wp-content\/uploads\/2021\/07\/fishing-and-hunting-logo.png\",\"contentUrl\":\"https:\/\/fishingandhuntingtv.com\/hu\/wp-content\/uploads\/2021\/07\/fishing-and-hunting-logo.png\",\"width\":1000,\"height\":1000,\"caption\":\"The Fishing and Hunting Channel\"},\"image\":{\"@id\":\"https:\/\/fishingandhuntingtv.com\/hu\/#\/schema\/logo\/image\/\"},\"sameAs\":[\"https:\/\/www.instagram.com\/_fishingandhuntingtv.com_\/\",\"http:\/\/www.youtube.com\/user\/TheFishingHunting\",\"https:\/\/www.facebook.com\/FnHhun\"]}]}<\/script>\n<!-- \/ Yoast SEO plugin. -->","yoast_head_json":{"title":"Impresszum - The Fishing and Hunting Channel","robots":{"index":"index","follow":"follow","max-snippet":"max-snippet:-1","max-image-preview":"max-image-preview:large","max-video-preview":"max-video-preview:-1"},"canonical":"https:\/\/fishingandhuntingtv.com\/hu\/impresszum\/","og_locale":"hu_HU","og_type":"article","og_title":"Impresszum - The Fishing and Hunting Channel","og_description":"Impresszum 2021.04.01. &nbsp; The Fishing &amp; Hunting Channel K\u00f6z\u00e9p-Eur\u00f3pa egyetlen lokaliz\u00e1lt horg\u00e1sz-vad\u00e1sz csatorn\u00e1ja &nbsp; \u00dczembentart\u00f3 Tematik-K\u00e1bel Kft. &nbsp; El\u00e9rhet\u0151s\u00e9g C\u00edm: H-1012 Budapest, M\u00e1rv\u00e1ny utca 17. Telefon: E-mail: info@fishingandhuntingtv.com &nbsp; K\u00f6z\u00f6ns\u00e9gszolg\u00e1lat T\u00e9majavaslat\u00e1t \u00e9s k\u00e9rd\u00e9seid a Fishing &amp; Hunting Channel m\u0171soraival kapcsolatban erre az e-mail c\u00edmre v\u00e1rjuk: info@fishingandhuntingtv.com &nbsp; \u00c9rt\u00e9kes\u00edt\u00e9s Telev\u00edzi\u00f3s hirdet\u00e9sek: monika.matolcsy@fishingandhuntingtv.com Online megjelen\u00e9si lehet\u0151s\u00e9gek: attila.kovacs@fishingandhuntingtv.com&hellip; Impresszum olvas\u00e1s\u00e1nak folytat\u00e1sa","og_url":"https:\/\/fishingandhuntingtv.com\/hu\/impresszum\/","og_site_name":"The Fishing and Hunting Channel","article_publisher":"https:\/\/www.facebook.com\/FnHhun","article_modified_time":"2022-11-30T13:37:10+00:00","og_image":[{"width":1200,"height":457,"url":"https:\/\/fishingandhuntingtv.com\/hu\/wp-content\/uploads\/2021\/04\/fh-banner.jpg","type":"image\/jpeg"}],"twitter_card":"summary_large_image","twitter_misc":{"Becs\u00fclt olvas\u00e1si id\u0151":"1 perc"},"schema":{"@context":"https:\/\/schema.org","@graph":[{"@type":"WebPage","@id":"https:\/\/fishingandhuntingtv.com\/hu\/impresszum\/","url":"https:\/\/fishingandhuntingtv.com\/hu\/impresszum\/","name":"Impresszum - The Fishing and Hunting Channel","isPartOf":{"@id":"https:\/\/fishingandhuntingtv.com\/hu\/#website"},"datePublished":"2021-01-18T11:21:34+00:00","dateModified":"2022-11-30T13:37:10+00:00","breadcrumb":{"@id":"https:\/\/fishingandhuntingtv.com\/hu\/impresszum\/#breadcrumb"},"inLanguage":"hu","potentialAction":[{"@type":"ReadAction","target":["https:\/\/fishingandhuntingtv.com\/hu\/impresszum\/"]}]},{"@type":"BreadcrumbList","@id":"https:\/\/fishingandhuntingtv.com\/hu\/impresszum\/#breadcrumb","itemListElement":[{"@type":"ListItem","position":1,"name":"F&amp;H Tv","item":"https:\/\/fishingandhuntingtv.com\/hu\/"},{"@type":"ListItem","position":2,"name":"Impresszum"}]},{"@type":"WebSite","@id":"https:\/\/fishingandhuntingtv.com\/hu\/#website","url":"https:\/\/fishingandhuntingtv.com\/hu\/","name":"The Fishing and Hunting Channel","description":"K\u00f6z\u00e9p-Eur\u00f3pa egyetlen lokaliz\u00e1lt horg\u00e1sz-vad\u00e1sz csatorn\u00e1ja","publisher":{"@id":"https:\/\/fishingandhuntingtv.com\/hu\/#organization"},"potentialAction":[{"@type":"SearchAction","target":{"@type":"EntryPoint","urlTemplate":"https:\/\/fishingandhuntingtv.com\/hu\/?s={search_term_string}"},"query-input":"required name=search_term_string"}],"inLanguage":"hu"},{"@type":"Organization","@id":"https:\/\/fishingandhuntingtv.com\/hu\/#organization","name":"The Fishing and Hunting Channel","url":"https:\/\/fishingandhuntingtv.com\/hu\/","logo":{"@type":"ImageObject","inLanguage":"hu","@id":"https:\/\/fishingandhuntingtv.com\/hu\/#\/schema\/logo\/image\/","url":"https:\/\/fishingandhuntingtv.com\/hu\/wp-content\/uploads\/2021\/07\/fishing-and-hunting-logo.png","contentUrl":"https:\/\/fishingandhuntingtv.com\/hu\/wp-content\/uploads\/2021\/07\/fishing-and-hunting-logo.png","width":1000,"height":1000,"caption":"The Fishing and Hunting Channel"},"image":{"@id":"https:\/\/fishingandhuntingtv.com\/hu\/#\/schema\/logo\/image\/"},"sameAs":["https:\/\/www.instagram.com\/_fishingandhuntingtv.com_\/","http:\/\/www.youtube.com\/user\/TheFishingHunting","https:\/\/www.facebook.com\/FnHhun"]}]}},"_links":{"self":[{"href":"https:\/\/fishingandhuntingtv.com\/hu\/wp-json\/wp\/v2\/pages\/58","targetHints":{"allow":["GET"]}}],"collection":[{"href":"https:\/\/fishingandhuntingtv.com\/hu\/wp-json\/wp\/v2\/pages"}],"about":[{"href":"https:\/\/fishingandhuntingtv.com\/hu\/wp-json\/wp\/v2\/types\/page"}],"author":[{"embeddable":true,"href":"https:\/\/fishingandhuntingtv.com\/hu\/wp-json\/wp\/v2\/users\/1"}],"replies":[{"embeddable":true,"href":"https:\/\/fishingandhuntingtv.com\/hu\/wp-json\/wp\/v2\/comments?post=58"}],"version-history":[{"count":4,"href":"https:\/\/fishingandhuntingtv.com\/hu\/wp-json\/wp\/v2\/pages\/58\/revisions"}],"predecessor-version":[{"id":58785,"href":"https:\/\/fishingandhuntingtv.com\/hu\/wp-json\/wp\/v2\/pages\/58\/revisions\/58785"}],"wp:featuredmedia":[{"embeddable":true,"href":"https:\/\/fishingandhuntingtv.com\/hu\/wp-json\/wp\/v2\/media\/56272"}],"wp:attachment":[{"href":"https:\/\/fishingandhuntingtv.com\/hu\/wp-json\/wp\/v2\/media?parent=58"}],"curies":[{"name":"wp","href":"https:\/\/api.w.org\/{rel}","templated":true}]}}