{"id":6,"date":"2021-01-18T10:46:23","date_gmt":"2021-01-18T10:46:23","guid":{"rendered":"https:\/\/fishingandhuntingtv.com\/hu\/?page_id=6"},"modified":"2026-04-05T10:54:45","modified_gmt":"2026-04-05T10:54:45","slug":"keszitse-el-webhelyet-blokkokkal","status":"publish","type":"page","link":"https:\/\/fishingandhuntingtv.com\/hu\/","title":{"rendered":"OLDAL SZERKEZETEK (Kezd\u0151oldal, Besz\u00e1mol\u00f3k, Receptek, Esem\u00e9nyek)"},"content":{"rendered":"","protected":false},"excerpt":{"rendered":"","protected":false},"author":1,"featured_media":0,"parent":0,"menu_order":0,"comment_status":"closed","ping_status":"closed","template":"fooldal.php","meta":{"inline_featured_image":false,"footnotes":""},"class_list":["post-6","page","type-page","status-publish","hentry","entry"],"acf":[],"yoast_head":"<!-- This site is optimized with the Yoast SEO plugin v19.14 - https:\/\/yoast.com\/wordpress\/plugins\/seo\/ -->\n<title>Fishing&amp;Hunting Channel<\/title>\n<meta name=\"description\" content=\"Fishing and Hunting Channel - Filmek \u00e9s sorozatok a horg\u00e1szat \u00e9s vad\u00e1szat vil\u00e1g\u00e1b\u00f3l - minden h\u00e9ten premierekkel!\" \/>\n<meta name=\"robots\" content=\"index, follow, max-snippet:-1, max-image-preview:large, max-video-preview:-1\" \/>\n<link rel=\"canonical\" href=\"https:\/\/fishingandhuntingtv.com\/hu\/\" \/>\n<meta property=\"og:locale\" content=\"hu_HU\" \/>\n<meta property=\"og:type\" content=\"article\" \/>\n<meta property=\"og:title\" content=\"The Fishing and Hunting Channel - K\u00f6z\u00e9p-Eur\u00f3pa egyetlen lokaliz\u00e1lt horg\u00e1sz-vad\u00e1sz csatorn\u00e1ja\" \/>\n<meta property=\"og:description\" content=\"Fishing and Hunting Channel - Filmek \u00e9s sorozatok a horg\u00e1szat \u00e9s vad\u00e1szat vil\u00e1g\u00e1b\u00f3l - minden h\u00e9ten premierekkel!\" \/>\n<meta property=\"og:url\" content=\"https:\/\/fishingandhuntingtv.com\/hu\/\" \/>\n<meta property=\"og:site_name\" content=\"The Fishing and Hunting Channel\" \/>\n<meta property=\"article:publisher\" content=\"https:\/\/www.facebook.com\/FnHhun\" \/>\n<meta property=\"article:modified_time\" content=\"2026-04-05T10:54:45+00:00\" \/>\n<meta property=\"og:image\" content=\"https:\/\/fishingandhuntingtv.com\/hu\/wp-content\/uploads\/2025\/06\/web_index-BG.jpg\" \/>\n\t<meta property=\"og:image:width\" content=\"2120\" \/>\n\t<meta property=\"og:image:height\" content=\"1192\" \/>\n\t<meta property=\"og:image:type\" content=\"image\/jpeg\" \/>\n<meta name=\"twitter:card\" content=\"summary_large_image\" \/>\n<script type=\"application\/ld+json\" class=\"yoast-schema-graph\">{\"@context\":\"https:\/\/schema.org\",\"@graph\":[{\"@type\":\"WebPage\",\"@id\":\"https:\/\/fishingandhuntingtv.com\/hu\/\",\"url\":\"https:\/\/fishingandhuntingtv.com\/hu\/\",\"name\":\"Fishing&Hunting Channel\",\"isPartOf\":{\"@id\":\"https:\/\/fishingandhuntingtv.com\/hu\/#website\"},\"datePublished\":\"2021-01-18T10:46:23+00:00\",\"dateModified\":\"2026-04-05T10:54:45+00:00\",\"description\":\"Fishing and Hunting Channel - Filmek \u00e9s sorozatok a horg\u00e1szat \u00e9s vad\u00e1szat vil\u00e1g\u00e1b\u00f3l - minden h\u00e9ten premierekkel!\",\"breadcrumb\":{\"@id\":\"https:\/\/fishingandhuntingtv.com\/hu\/#breadcrumb\"},\"inLanguage\":\"hu\",\"potentialAction\":[{\"@type\":\"ReadAction\",\"target\":[\"https:\/\/fishingandhuntingtv.com\/hu\/\"]}]},{\"@type\":\"BreadcrumbList\",\"@id\":\"https:\/\/fishingandhuntingtv.com\/hu\/#breadcrumb\",\"itemListElement\":[{\"@type\":\"ListItem\",\"position\":1,\"name\":\"F&amp;H Tv\",\"item\":\"https:\/\/fishingandhuntingtv.com\/hu\/\"},{\"@type\":\"ListItem\",\"position\":2,\"name\":\"OLDAL SZERKEZETEK (Kezd\u0151oldal, Besz\u00e1mol\u00f3k, Receptek, Esem\u00e9nyek)\"}]},{\"@type\":\"WebSite\",\"@id\":\"https:\/\/fishingandhuntingtv.com\/hu\/#website\",\"url\":\"https:\/\/fishingandhuntingtv.com\/hu\/\",\"name\":\"The Fishing and Hunting Channel\",\"description\":\"K\u00f6z\u00e9p-Eur\u00f3pa egyetlen lokaliz\u00e1lt horg\u00e1sz-vad\u00e1sz csatorn\u00e1ja\",\"publisher\":{\"@id\":\"https:\/\/fishingandhuntingtv.com\/hu\/#organization\"},\"potentialAction\":[{\"@type\":\"SearchAction\",\"target\":{\"@type\":\"EntryPoint\",\"urlTemplate\":\"https:\/\/fishingandhuntingtv.com\/hu\/?s={search_term_string}\"},\"query-input\":\"required name=search_term_string\"}],\"inLanguage\":\"hu\"},{\"@type\":\"Organization\",\"@id\":\"https:\/\/fishingandhuntingtv.com\/hu\/#organization\",\"name\":\"The Fishing and Hunting Channel\",\"url\":\"https:\/\/fishingandhuntingtv.com\/hu\/\",\"logo\":{\"@type\":\"ImageObject\",\"inLanguage\":\"hu\",\"@id\":\"https:\/\/fishingandhuntingtv.com\/hu\/#\/schema\/logo\/image\/\",\"url\":\"https:\/\/fishingandhuntingtv.com\/hu\/wp-content\/uploads\/2021\/07\/fishing-and-hunting-logo.png\",\"contentUrl\":\"https:\/\/fishingandhuntingtv.com\/hu\/wp-content\/uploads\/2021\/07\/fishing-and-hunting-logo.png\",\"width\":1000,\"height\":1000,\"caption\":\"The Fishing and Hunting Channel\"},\"image\":{\"@id\":\"https:\/\/fishingandhuntingtv.com\/hu\/#\/schema\/logo\/image\/\"},\"sameAs\":[\"https:\/\/www.instagram.com\/_fishingandhuntingtv.com_\/\",\"http:\/\/www.youtube.com\/user\/TheFishingHunting\",\"https:\/\/www.facebook.com\/FnHhun\"]}]}<\/script>\n<!-- \/ Yoast SEO plugin. -->","yoast_head_json":{"title":"Fishing&Hunting Channel","description":"Fishing and Hunting Channel - Filmek \u00e9s sorozatok a horg\u00e1szat \u00e9s vad\u00e1szat vil\u00e1g\u00e1b\u00f3l - minden h\u00e9ten premierekkel!","robots":{"index":"index","follow":"follow","max-snippet":"max-snippet:-1","max-image-preview":"max-image-preview:large","max-video-preview":"max-video-preview:-1"},"canonical":"https:\/\/fishingandhuntingtv.com\/hu\/","og_locale":"hu_HU","og_type":"article","og_title":"The Fishing and Hunting Channel - K\u00f6z\u00e9p-Eur\u00f3pa egyetlen lokaliz\u00e1lt horg\u00e1sz-vad\u00e1sz csatorn\u00e1ja","og_description":"Fishing and Hunting Channel - Filmek \u00e9s sorozatok a horg\u00e1szat \u00e9s vad\u00e1szat vil\u00e1g\u00e1b\u00f3l - minden h\u00e9ten premierekkel!","og_url":"https:\/\/fishingandhuntingtv.com\/hu\/","og_site_name":"The Fishing and Hunting Channel","article_publisher":"https:\/\/www.facebook.com\/FnHhun","article_modified_time":"2026-04-05T10:54:45+00:00","og_image":[{"width":2120,"height":1192,"url":"https:\/\/fishingandhuntingtv.com\/hu\/wp-content\/uploads\/2025\/06\/web_index-BG.jpg","type":"image\/jpeg"}],"twitter_card":"summary_large_image","schema":{"@context":"https:\/\/schema.org","@graph":[{"@type":"WebPage","@id":"https:\/\/fishingandhuntingtv.com\/hu\/","url":"https:\/\/fishingandhuntingtv.com\/hu\/","name":"Fishing&Hunting Channel","isPartOf":{"@id":"https:\/\/fishingandhuntingtv.com\/hu\/#website"},"datePublished":"2021-01-18T10:46:23+00:00","dateModified":"2026-04-05T10:54:45+00:00","description":"Fishing and Hunting Channel - Filmek \u00e9s sorozatok a horg\u00e1szat \u00e9s vad\u00e1szat vil\u00e1g\u00e1b\u00f3l - minden h\u00e9ten premierekkel!","breadcrumb":{"@id":"https:\/\/fishingandhuntingtv.com\/hu\/#breadcrumb"},"inLanguage":"hu","potentialAction":[{"@type":"ReadAction","target":["https:\/\/fishingandhuntingtv.com\/hu\/"]}]},{"@type":"BreadcrumbList","@id":"https:\/\/fishingandhuntingtv.com\/hu\/#breadcrumb","itemListElement":[{"@type":"ListItem","position":1,"name":"F&amp;H Tv","item":"https:\/\/fishingandhuntingtv.com\/hu\/"},{"@type":"ListItem","position":2,"name":"OLDAL SZERKEZETEK (Kezd\u0151oldal, Besz\u00e1mol\u00f3k, Receptek, Esem\u00e9nyek)"}]},{"@type":"WebSite","@id":"https:\/\/fishingandhuntingtv.com\/hu\/#website","url":"https:\/\/fishingandhuntingtv.com\/hu\/","name":"The Fishing and Hunting Channel","description":"K\u00f6z\u00e9p-Eur\u00f3pa egyetlen lokaliz\u00e1lt horg\u00e1sz-vad\u00e1sz csatorn\u00e1ja","publisher":{"@id":"https:\/\/fishingandhuntingtv.com\/hu\/#organization"},"potentialAction":[{"@type":"SearchAction","target":{"@type":"EntryPoint","urlTemplate":"https:\/\/fishingandhuntingtv.com\/hu\/?s={search_term_string}"},"query-input":"required name=search_term_string"}],"inLanguage":"hu"},{"@type":"Organization","@id":"https:\/\/fishingandhuntingtv.com\/hu\/#organization","name":"The Fishing and Hunting Channel","url":"https:\/\/fishingandhuntingtv.com\/hu\/","logo":{"@type":"ImageObject","inLanguage":"hu","@id":"https:\/\/fishingandhuntingtv.com\/hu\/#\/schema\/logo\/image\/","url":"https:\/\/fishingandhuntingtv.com\/hu\/wp-content\/uploads\/2021\/07\/fishing-and-hunting-logo.png","contentUrl":"https:\/\/fishingandhuntingtv.com\/hu\/wp-content\/uploads\/2021\/07\/fishing-and-hunting-logo.png","width":1000,"height":1000,"caption":"The Fishing and Hunting Channel"},"image":{"@id":"https:\/\/fishingandhuntingtv.com\/hu\/#\/schema\/logo\/image\/"},"sameAs":["https:\/\/www.instagram.com\/_fishingandhuntingtv.com_\/","http:\/\/www.youtube.com\/user\/TheFishingHunting","https:\/\/www.facebook.com\/FnHhun"]}]}},"_links":{"self":[{"href":"https:\/\/fishingandhuntingtv.com\/hu\/wp-json\/wp\/v2\/pages\/6","targetHints":{"allow":["GET"]}}],"collection":[{"href":"https:\/\/fishingandhuntingtv.com\/hu\/wp-json\/wp\/v2\/pages"}],"about":[{"href":"https:\/\/fishingandhuntingtv.com\/hu\/wp-json\/wp\/v2\/types\/page"}],"author":[{"embeddable":true,"href":"https:\/\/fishingandhuntingtv.com\/hu\/wp-json\/wp\/v2\/users\/1"}],"replies":[{"embeddable":true,"href":"https:\/\/fishingandhuntingtv.com\/hu\/wp-json\/wp\/v2\/comments?post=6"}],"version-history":[{"count":289,"href":"https:\/\/fishingandhuntingtv.com\/hu\/wp-json\/wp\/v2\/pages\/6\/revisions"}],"predecessor-version":[{"id":64105,"href":"https:\/\/fishingandhuntingtv.com\/hu\/wp-json\/wp\/v2\/pages\/6\/revisions\/64105"}],"wp:attachment":[{"href":"https:\/\/fishingandhuntingtv.com\/hu\/wp-json\/wp\/v2\/media?parent=6"}],"curies":[{"name":"wp","href":"https:\/\/api.w.org\/{rel}","templated":true}]}}