{"id":93,"date":"2021-01-22T11:05:46","date_gmt":"2021-01-22T11:05:46","guid":{"rendered":"https:\/\/fishingandhuntingtv.com\/hu\/?page_id=93"},"modified":"2022-11-30T13:35:43","modified_gmt":"2022-11-30T13:35:43","slug":"a-csatornarol","status":"publish","type":"page","link":"https:\/\/fishingandhuntingtv.com\/hu\/a-csatornarol\/","title":{"rendered":"A csatorn\u00e1r\u00f3l"},"content":{"rendered":"<p style=\"text-align: left;\"><strong>N\u00c9ZZ LENY\u0170G\u00d6Z\u0150 HORG\u00c1SZ- \u00c9S VAD\u00c1SZFILMEKET A NAP 24 \u00d3R\u00c1J\u00c1BAN!<\/strong><\/p>\n<p style=\"text-align: left;\">A <strong>Fishing &amp; Hunting Channel<\/strong> K\u00f6z\u00e9p-Eur\u00f3pa egyetlen lokaliz\u00e1lt horg\u00e1sz-vad\u00e1sz TV csatorn\u00e1ja.<\/p>\n<p style=\"text-align: left;\"><em>\u00a0<\/em><\/p>\n<p style=\"text-align: left;\">Magyarorsz\u00e1g els\u0151 horg\u00e1sz- \u00e9s vad\u00e1szcsatorn\u00e1j\u00e1val a k\u00e9perny\u0151 el\u0151tt is \u00e1t\u00e9lheted a vad\u00e1szat izgalmait, vagy kikapcsol\u00f3dhatsz horg\u00e1szat k\u00f6zben!<\/p>\n<p>&nbsp;<\/p>\n<p style=\"text-align: left;\"><strong>El\u00e9rhet\u0151 9 orsz\u00e1gban, 5 nyelven<\/strong><\/p>\n<p style=\"text-align: left;\"><strong>A h\u00e9t minden napj\u00e1n 24 \u00f3r\u00e1ban<\/strong><\/p>\n<p style=\"text-align: left;\"><strong>HD min\u0151s\u00e9gben<\/strong><\/p>\n<p style=\"text-align: left;\"><strong>T\u00f6bb mint 23 milli\u00f3 h\u00e1ztart\u00e1sban<\/strong><\/p>\n<p>&nbsp;<\/p>\n<p style=\"text-align: left;\">Mivel tal\u00e1lkozhatsz pontosan, ha benn\u00fcnket v\u00e1lasztasz?<\/p>\n<p style=\"text-align: left;\">Gy\u00f6ny\u00f6r\u0171 helysz\u00edneken forgatott izgalmas sorozatainkban \u2013 neves hazai \u00e9s k\u00fclf\u00f6ldi szak\u00e9rt\u0151ink seg\u00edts\u00e9g\u00e9vel \u2013 bevezet\u00fcnk T\u00e9ged a horg\u00e1szat \u00e9s a vad\u00e1szat rejt\u00e9lyes vil\u00e1g\u00e1ba. \u00c9lm\u00e9nyhorg\u00e1szatok \u00e9s vad\u00e1szatok bemutat\u00e1sa, a legk\u00fcl\u00f6nf\u00e9l\u00e9bb horg\u00e1szpraktik\u00e1k felvonultat\u00e1sa, sz\u00ednvonalas verseny-\u00f6sszefoglal\u00f3k, valamint \u00e9rdekes gasztron\u00f3miai kalandoz\u00e1sok sz\u00ednes\u00edtik programk\u00edn\u00e1latunkat.<\/p>\n<p>&nbsp;<\/p>\n<p style=\"text-align: left;\">M\u0171sorainkat kiv\u00e1l\u00f3 k\u00e9p- \u00e9s hangmin\u0151s\u00e9gben, cs\u00f6kkentett ism\u00e9tl\u00e9ssz\u00e1mmal, lektor\u00e1lva sug\u00e1rozzuk, mert tudjuk, hogy sz\u00e1modra a tartalom, a l\u00e1tv\u00e1ny, az \u00e9lm\u00e9ny \u00e9s a szakmais\u00e1g egym\u00e1st\u00f3l elv\u00e1laszthatatlan k\u00f6vetelm\u00e9nyek. A Fishing &amp; Hunting kilenc k\u00f6z\u00e9p-eur\u00f3pai orsz\u00e1gban van jelen, ahol nagy sikerrel fut a k\u00e1belcsatorn\u00e1kon kereszt\u00fcl t\u00f6bb milli\u00f3 h\u00e1ztart\u00e1sban.<\/p>\n<p>&nbsp;<\/p>\n<p style=\"text-align: left;\">K\u00fcldet\u00e9s\u00fcnk, hogy m\u0171soraink \u00e1ltal egyre t\u00f6bb \u00e9s t\u00f6bb ember \u00e9rezze \u00e1t ezeknek a term\u00e9szetk\u00f6zeli sportoknak a var\u00e1zs\u00e1t. Horg\u00e1sz \u00e9s vad\u00e1szk\u00f6z\u00f6ss\u00e9geink egy\u00fctt sokat tehetnek az\u00e9rt, hogy vizeink \u00e9s erd\u0151ink gy\u00f6ny\u00f6r\u0171ek maradjanak!<\/p>\n<p>&nbsp;<\/p>\n<p style=\"text-align: left;\"><iframe loading=\"lazy\" title=\"YouTube video player\" src=\"https:\/\/www.youtube.com\/embed\/Fx-bU7ZE-nM\" width=\"1920\" height=\"1080\" frameborder=\"0\" allowfullscreen=\"allowfullscreen\"><span style=\"display: inline-block; width: 0px; overflow: hidden; line-height: 0;\" data-mce-type=\"bookmark\" class=\"mce_SELRES_start\">\ufeff<\/span><\/iframe><\/p>\n<p style=\"text-align: left;\">\u00a0<\/p>\n","protected":false},"excerpt":{"rendered":"<p>N\u00c9ZZ LENY\u0170G\u00d6Z\u0150 HORG\u00c1SZ- \u00c9S VAD\u00c1SZFILMEKET A NAP 24 \u00d3R\u00c1J\u00c1BAN! A Fishing &amp; Hunting Channel K\u00f6z\u00e9p-Eur\u00f3pa egyetlen lokaliz\u00e1lt horg\u00e1sz-vad\u00e1sz TV csatorn\u00e1ja. \u00a0 Magyarorsz\u00e1g els\u0151 horg\u00e1sz- \u00e9s vad\u00e1szcsatorn\u00e1j\u00e1val a k\u00e9perny\u0151 el\u0151tt is \u00e1t\u00e9lheted a vad\u00e1szat izgalmait, vagy kikapcsol\u00f3dhatsz horg\u00e1szat k\u00f6zben! &nbsp; El\u00e9rhet\u0151 9 orsz\u00e1gban, 5 nyelven A h\u00e9t minden napj\u00e1n 24 \u00f3r\u00e1ban HD min\u0151s\u00e9gben T\u00f6bb mint 23&hellip; <a class=\"more-link\" href=\"https:\/\/fishingandhuntingtv.com\/hu\/a-csatornarol\/\"><span class=\"screen-reader-text\">A csatorn\u00e1r\u00f3l<\/span> olvas\u00e1s\u00e1nak folytat\u00e1sa<\/a><\/p>\n","protected":false},"author":1,"featured_media":56272,"parent":0,"menu_order":0,"comment_status":"closed","ping_status":"closed","template":"","meta":{"inline_featured_image":false,"footnotes":""},"class_list":["post-93","page","type-page","status-publish","has-post-thumbnail","hentry","entry"],"acf":[],"yoast_head":"<!-- This site is optimized with the Yoast SEO plugin v19.14 - https:\/\/yoast.com\/wordpress\/plugins\/seo\/ -->\n<title>A csatorn\u00e1r\u00f3l - The Fishing and Hunting Channel<\/title>\n<meta name=\"robots\" content=\"index, follow, max-snippet:-1, max-image-preview:large, max-video-preview:-1\" \/>\n<link rel=\"canonical\" href=\"https:\/\/fishingandhuntingtv.com\/hu\/a-csatornarol\/\" \/>\n<meta property=\"og:locale\" content=\"hu_HU\" \/>\n<meta property=\"og:type\" content=\"article\" \/>\n<meta property=\"og:title\" content=\"A csatorn\u00e1r\u00f3l - The Fishing and Hunting Channel\" \/>\n<meta property=\"og:description\" content=\"N\u00c9ZZ LENY\u0170G\u00d6Z\u0150 HORG\u00c1SZ- \u00c9S VAD\u00c1SZFILMEKET A NAP 24 \u00d3R\u00c1J\u00c1BAN! A Fishing &amp; Hunting Channel K\u00f6z\u00e9p-Eur\u00f3pa egyetlen lokaliz\u00e1lt horg\u00e1sz-vad\u00e1sz TV csatorn\u00e1ja. \u00a0 Magyarorsz\u00e1g els\u0151 horg\u00e1sz- \u00e9s vad\u00e1szcsatorn\u00e1j\u00e1val a k\u00e9perny\u0151 el\u0151tt is \u00e1t\u00e9lheted a vad\u00e1szat izgalmait, vagy kikapcsol\u00f3dhatsz horg\u00e1szat k\u00f6zben! &nbsp; El\u00e9rhet\u0151 9 orsz\u00e1gban, 5 nyelven A h\u00e9t minden napj\u00e1n 24 \u00f3r\u00e1ban HD min\u0151s\u00e9gben T\u00f6bb mint 23&hellip; A csatorn\u00e1r\u00f3l olvas\u00e1s\u00e1nak folytat\u00e1sa\" \/>\n<meta property=\"og:url\" content=\"https:\/\/fishingandhuntingtv.com\/hu\/a-csatornarol\/\" \/>\n<meta property=\"og:site_name\" content=\"The Fishing and Hunting Channel\" \/>\n<meta property=\"article:publisher\" content=\"https:\/\/www.facebook.com\/FnHhun\" \/>\n<meta property=\"article:modified_time\" content=\"2022-11-30T13:35:43+00:00\" \/>\n<meta property=\"og:image\" content=\"https:\/\/fishingandhuntingtv.com\/hu\/wp-content\/uploads\/2021\/04\/fh-banner.jpg\" \/>\n\t<meta property=\"og:image:width\" content=\"1200\" \/>\n\t<meta property=\"og:image:height\" content=\"457\" \/>\n\t<meta property=\"og:image:type\" content=\"image\/jpeg\" \/>\n<meta name=\"twitter:card\" content=\"summary_large_image\" \/>\n<meta name=\"twitter:label1\" content=\"Becs\u00fclt olvas\u00e1si id\u0151\" \/>\n\t<meta name=\"twitter:data1\" content=\"1 perc\" \/>\n<script type=\"application\/ld+json\" class=\"yoast-schema-graph\">{\"@context\":\"https:\/\/schema.org\",\"@graph\":[{\"@type\":\"WebPage\",\"@id\":\"https:\/\/fishingandhuntingtv.com\/hu\/a-csatornarol\/\",\"url\":\"https:\/\/fishingandhuntingtv.com\/hu\/a-csatornarol\/\",\"name\":\"A csatorn\u00e1r\u00f3l - The Fishing and Hunting Channel\",\"isPartOf\":{\"@id\":\"https:\/\/fishingandhuntingtv.com\/hu\/#website\"},\"datePublished\":\"2021-01-22T11:05:46+00:00\",\"dateModified\":\"2022-11-30T13:35:43+00:00\",\"breadcrumb\":{\"@id\":\"https:\/\/fishingandhuntingtv.com\/hu\/a-csatornarol\/#breadcrumb\"},\"inLanguage\":\"hu\",\"potentialAction\":[{\"@type\":\"ReadAction\",\"target\":[\"https:\/\/fishingandhuntingtv.com\/hu\/a-csatornarol\/\"]}]},{\"@type\":\"BreadcrumbList\",\"@id\":\"https:\/\/fishingandhuntingtv.com\/hu\/a-csatornarol\/#breadcrumb\",\"itemListElement\":[{\"@type\":\"ListItem\",\"position\":1,\"name\":\"F&amp;H Tv\",\"item\":\"https:\/\/fishingandhuntingtv.com\/hu\/\"},{\"@type\":\"ListItem\",\"position\":2,\"name\":\"A csatorn\u00e1r\u00f3l\"}]},{\"@type\":\"WebSite\",\"@id\":\"https:\/\/fishingandhuntingtv.com\/hu\/#website\",\"url\":\"https:\/\/fishingandhuntingtv.com\/hu\/\",\"name\":\"The Fishing and Hunting Channel\",\"description\":\"K\u00f6z\u00e9p-Eur\u00f3pa egyetlen lokaliz\u00e1lt horg\u00e1sz-vad\u00e1sz csatorn\u00e1ja\",\"publisher\":{\"@id\":\"https:\/\/fishingandhuntingtv.com\/hu\/#organization\"},\"potentialAction\":[{\"@type\":\"SearchAction\",\"target\":{\"@type\":\"EntryPoint\",\"urlTemplate\":\"https:\/\/fishingandhuntingtv.com\/hu\/?s={search_term_string}\"},\"query-input\":\"required name=search_term_string\"}],\"inLanguage\":\"hu\"},{\"@type\":\"Organization\",\"@id\":\"https:\/\/fishingandhuntingtv.com\/hu\/#organization\",\"name\":\"The Fishing and Hunting Channel\",\"url\":\"https:\/\/fishingandhuntingtv.com\/hu\/\",\"logo\":{\"@type\":\"ImageObject\",\"inLanguage\":\"hu\",\"@id\":\"https:\/\/fishingandhuntingtv.com\/hu\/#\/schema\/logo\/image\/\",\"url\":\"https:\/\/fishingandhuntingtv.com\/hu\/wp-content\/uploads\/2021\/07\/fishing-and-hunting-logo.png\",\"contentUrl\":\"https:\/\/fishingandhuntingtv.com\/hu\/wp-content\/uploads\/2021\/07\/fishing-and-hunting-logo.png\",\"width\":1000,\"height\":1000,\"caption\":\"The Fishing and Hunting Channel\"},\"image\":{\"@id\":\"https:\/\/fishingandhuntingtv.com\/hu\/#\/schema\/logo\/image\/\"},\"sameAs\":[\"https:\/\/www.instagram.com\/_fishingandhuntingtv.com_\/\",\"http:\/\/www.youtube.com\/user\/TheFishingHunting\",\"https:\/\/www.facebook.com\/FnHhun\"]}]}<\/script>\n<!-- \/ Yoast SEO plugin. -->","yoast_head_json":{"title":"A csatorn\u00e1r\u00f3l - The Fishing and Hunting Channel","robots":{"index":"index","follow":"follow","max-snippet":"max-snippet:-1","max-image-preview":"max-image-preview:large","max-video-preview":"max-video-preview:-1"},"canonical":"https:\/\/fishingandhuntingtv.com\/hu\/a-csatornarol\/","og_locale":"hu_HU","og_type":"article","og_title":"A csatorn\u00e1r\u00f3l - The Fishing and Hunting Channel","og_description":"N\u00c9ZZ LENY\u0170G\u00d6Z\u0150 HORG\u00c1SZ- \u00c9S VAD\u00c1SZFILMEKET A NAP 24 \u00d3R\u00c1J\u00c1BAN! A Fishing &amp; Hunting Channel K\u00f6z\u00e9p-Eur\u00f3pa egyetlen lokaliz\u00e1lt horg\u00e1sz-vad\u00e1sz TV csatorn\u00e1ja. \u00a0 Magyarorsz\u00e1g els\u0151 horg\u00e1sz- \u00e9s vad\u00e1szcsatorn\u00e1j\u00e1val a k\u00e9perny\u0151 el\u0151tt is \u00e1t\u00e9lheted a vad\u00e1szat izgalmait, vagy kikapcsol\u00f3dhatsz horg\u00e1szat k\u00f6zben! &nbsp; El\u00e9rhet\u0151 9 orsz\u00e1gban, 5 nyelven A h\u00e9t minden napj\u00e1n 24 \u00f3r\u00e1ban HD min\u0151s\u00e9gben T\u00f6bb mint 23&hellip; A csatorn\u00e1r\u00f3l olvas\u00e1s\u00e1nak folytat\u00e1sa","og_url":"https:\/\/fishingandhuntingtv.com\/hu\/a-csatornarol\/","og_site_name":"The Fishing and Hunting Channel","article_publisher":"https:\/\/www.facebook.com\/FnHhun","article_modified_time":"2022-11-30T13:35:43+00:00","og_image":[{"width":1200,"height":457,"url":"https:\/\/fishingandhuntingtv.com\/hu\/wp-content\/uploads\/2021\/04\/fh-banner.jpg","type":"image\/jpeg"}],"twitter_card":"summary_large_image","twitter_misc":{"Becs\u00fclt olvas\u00e1si id\u0151":"1 perc"},"schema":{"@context":"https:\/\/schema.org","@graph":[{"@type":"WebPage","@id":"https:\/\/fishingandhuntingtv.com\/hu\/a-csatornarol\/","url":"https:\/\/fishingandhuntingtv.com\/hu\/a-csatornarol\/","name":"A csatorn\u00e1r\u00f3l - The Fishing and Hunting Channel","isPartOf":{"@id":"https:\/\/fishingandhuntingtv.com\/hu\/#website"},"datePublished":"2021-01-22T11:05:46+00:00","dateModified":"2022-11-30T13:35:43+00:00","breadcrumb":{"@id":"https:\/\/fishingandhuntingtv.com\/hu\/a-csatornarol\/#breadcrumb"},"inLanguage":"hu","potentialAction":[{"@type":"ReadAction","target":["https:\/\/fishingandhuntingtv.com\/hu\/a-csatornarol\/"]}]},{"@type":"BreadcrumbList","@id":"https:\/\/fishingandhuntingtv.com\/hu\/a-csatornarol\/#breadcrumb","itemListElement":[{"@type":"ListItem","position":1,"name":"F&amp;H Tv","item":"https:\/\/fishingandhuntingtv.com\/hu\/"},{"@type":"ListItem","position":2,"name":"A csatorn\u00e1r\u00f3l"}]},{"@type":"WebSite","@id":"https:\/\/fishingandhuntingtv.com\/hu\/#website","url":"https:\/\/fishingandhuntingtv.com\/hu\/","name":"The Fishing and Hunting Channel","description":"K\u00f6z\u00e9p-Eur\u00f3pa egyetlen lokaliz\u00e1lt horg\u00e1sz-vad\u00e1sz csatorn\u00e1ja","publisher":{"@id":"https:\/\/fishingandhuntingtv.com\/hu\/#organization"},"potentialAction":[{"@type":"SearchAction","target":{"@type":"EntryPoint","urlTemplate":"https:\/\/fishingandhuntingtv.com\/hu\/?s={search_term_string}"},"query-input":"required name=search_term_string"}],"inLanguage":"hu"},{"@type":"Organization","@id":"https:\/\/fishingandhuntingtv.com\/hu\/#organization","name":"The Fishing and Hunting Channel","url":"https:\/\/fishingandhuntingtv.com\/hu\/","logo":{"@type":"ImageObject","inLanguage":"hu","@id":"https:\/\/fishingandhuntingtv.com\/hu\/#\/schema\/logo\/image\/","url":"https:\/\/fishingandhuntingtv.com\/hu\/wp-content\/uploads\/2021\/07\/fishing-and-hunting-logo.png","contentUrl":"https:\/\/fishingandhuntingtv.com\/hu\/wp-content\/uploads\/2021\/07\/fishing-and-hunting-logo.png","width":1000,"height":1000,"caption":"The Fishing and Hunting Channel"},"image":{"@id":"https:\/\/fishingandhuntingtv.com\/hu\/#\/schema\/logo\/image\/"},"sameAs":["https:\/\/www.instagram.com\/_fishingandhuntingtv.com_\/","http:\/\/www.youtube.com\/user\/TheFishingHunting","https:\/\/www.facebook.com\/FnHhun"]}]}},"_links":{"self":[{"href":"https:\/\/fishingandhuntingtv.com\/hu\/wp-json\/wp\/v2\/pages\/93","targetHints":{"allow":["GET"]}}],"collection":[{"href":"https:\/\/fishingandhuntingtv.com\/hu\/wp-json\/wp\/v2\/pages"}],"about":[{"href":"https:\/\/fishingandhuntingtv.com\/hu\/wp-json\/wp\/v2\/types\/page"}],"author":[{"embeddable":true,"href":"https:\/\/fishingandhuntingtv.com\/hu\/wp-json\/wp\/v2\/users\/1"}],"replies":[{"embeddable":true,"href":"https:\/\/fishingandhuntingtv.com\/hu\/wp-json\/wp\/v2\/comments?post=93"}],"version-history":[{"count":6,"href":"https:\/\/fishingandhuntingtv.com\/hu\/wp-json\/wp\/v2\/pages\/93\/revisions"}],"predecessor-version":[{"id":58780,"href":"https:\/\/fishingandhuntingtv.com\/hu\/wp-json\/wp\/v2\/pages\/93\/revisions\/58780"}],"wp:featuredmedia":[{"embeddable":true,"href":"https:\/\/fishingandhuntingtv.com\/hu\/wp-json\/wp\/v2\/media\/56272"}],"wp:attachment":[{"href":"https:\/\/fishingandhuntingtv.com\/hu\/wp-json\/wp\/v2\/media?parent=93"}],"curies":[{"name":"wp","href":"https:\/\/api.w.org\/{rel}","templated":true}]}}