{"id":1442,"date":"2023-01-23T09:42:26","date_gmt":"2023-01-23T09:42:26","guid":{"rendered":"https:\/\/fishingandhuntingtv.com\/international\/?page_id=1442"},"modified":"2023-01-23T09:42:26","modified_gmt":"2023-01-23T09:42:26","slug":"odon-blaumann","status":"publish","type":"page","link":"https:\/\/fishingandhuntingtv.com\/international\/odon-blaumann\/","title":{"rendered":"<strong>\u00d6d\u00f6n Blaumann<\/strong>"},"content":{"rendered":"\n<p><strong>\u00d6d\u00f6n Blaumann<\/strong><strong><\/strong><\/p>\n\n\n\n<p>High level of professionalism, a special point of view and stunning images characterize the shows of \u00d6d\u00f6n Blaumann. On our channel we have collected for you the best works of his!<\/p>\n","protected":false},"excerpt":{"rendered":"<p>\u00d6d\u00f6n Blaumann High level of professionalism, a special point of view and stunning images characterize the shows of \u00d6d\u00f6n Blaumann. On our channel we have collected for you the best works of his!<\/p>\n","protected":false},"author":1,"featured_media":1443,"parent":0,"menu_order":0,"comment_status":"closed","ping_status":"closed","template":"","meta":[],"_links":{"self":[{"href":"https:\/\/fishingandhuntingtv.com\/international\/wp-json\/wp\/v2\/pages\/1442"}],"collection":[{"href":"https:\/\/fishingandhuntingtv.com\/international\/wp-json\/wp\/v2\/pages"}],"about":[{"href":"https:\/\/fishingandhuntingtv.com\/international\/wp-json\/wp\/v2\/types\/page"}],"author":[{"embeddable":true,"href":"https:\/\/fishingandhuntingtv.com\/international\/wp-json\/wp\/v2\/users\/1"}],"replies":[{"embeddable":true,"href":"https:\/\/fishingandhuntingtv.com\/international\/wp-json\/wp\/v2\/comments?post=1442"}],"version-history":[{"count":1,"href":"https:\/\/fishingandhuntingtv.com\/international\/wp-json\/wp\/v2\/pages\/1442\/revisions"}],"predecessor-version":[{"id":1444,"href":"https:\/\/fishingandhuntingtv.com\/international\/wp-json\/wp\/v2\/pages\/1442\/revisions\/1444"}],"wp:featuredmedia":[{"embeddable":true,"href":"https:\/\/fishingandhuntingtv.com\/international\/wp-json\/wp\/v2\/media\/1443"}],"wp:attachment":[{"href":"https:\/\/fishingandhuntingtv.com\/international\/wp-json\/wp\/v2\/media?parent=1442"}],"curies":[{"name":"wp","href":"https:\/\/api.w.org\/{rel}","templated":true}]}}