{"id":1510,"date":"2023-01-23T10:18:20","date_gmt":"2023-01-23T10:18:20","guid":{"rendered":"https:\/\/fishingandhuntingtv.com\/international\/?page_id=1510"},"modified":"2023-01-23T10:18:20","modified_gmt":"2023-01-23T10:18:20","slug":"match-fishing","status":"publish","type":"page","link":"https:\/\/fishingandhuntingtv.com\/international\/match-fishing\/","title":{"rendered":"<strong>Match Fishing<\/strong>"},"content":{"rendered":"\n<p><strong>Match Fishing<\/strong><strong><\/strong><\/p>\n\n\n\n<p>Dedicate some time to some real nice fishing! Fish nicely and watch Match Fishing!<br>Two funny guys, special situations, tips from European champions, just in a simple way!<br>MatchFishing, a series for the love of fine tackle fishing methods with Szil\u00e1rd Szilv\u00e1si and Szabolcs J\u00e9ger.<\/p>\n","protected":false},"excerpt":{"rendered":"<p>Match Fishing Dedicate some time to some real nice fishing! Fish nicely and watch Match Fishing!Two funny guys, special situations, tips from European champions, just in a simple way!MatchFishing, a series for the love of fine tackle fishing methods with Szil\u00e1rd Szilv\u00e1si and Szabolcs J\u00e9ger.<\/p>\n","protected":false},"author":1,"featured_media":1511,"parent":0,"menu_order":0,"comment_status":"closed","ping_status":"closed","template":"","meta":[],"_links":{"self":[{"href":"https:\/\/fishingandhuntingtv.com\/international\/wp-json\/wp\/v2\/pages\/1510"}],"collection":[{"href":"https:\/\/fishingandhuntingtv.com\/international\/wp-json\/wp\/v2\/pages"}],"about":[{"href":"https:\/\/fishingandhuntingtv.com\/international\/wp-json\/wp\/v2\/types\/page"}],"author":[{"embeddable":true,"href":"https:\/\/fishingandhuntingtv.com\/international\/wp-json\/wp\/v2\/users\/1"}],"replies":[{"embeddable":true,"href":"https:\/\/fishingandhuntingtv.com\/international\/wp-json\/wp\/v2\/comments?post=1510"}],"version-history":[{"count":1,"href":"https:\/\/fishingandhuntingtv.com\/international\/wp-json\/wp\/v2\/pages\/1510\/revisions"}],"predecessor-version":[{"id":1512,"href":"https:\/\/fishingandhuntingtv.com\/international\/wp-json\/wp\/v2\/pages\/1510\/revisions\/1512"}],"wp:featuredmedia":[{"embeddable":true,"href":"https:\/\/fishingandhuntingtv.com\/international\/wp-json\/wp\/v2\/media\/1511"}],"wp:attachment":[{"href":"https:\/\/fishingandhuntingtv.com\/international\/wp-json\/wp\/v2\/media?parent=1510"}],"curies":[{"name":"wp","href":"https:\/\/api.w.org\/{rel}","templated":true}]}}