{"id":170,"date":"2017-02-23T16:56:00","date_gmt":"2017-02-23T16:56:00","guid":{"rendered":"http:\/\/fishingandhuntingtv.com\/international\/?page_id=170"},"modified":"2021-04-27T12:38:52","modified_gmt":"2021-04-27T12:38:52","slug":"tuesday","status":"publish","type":"page","link":"https:\/\/fishingandhuntingtv.com\/international\/tuesday\/","title":{"rendered":"Tuesday"},"content":{"rendered":"\n<p><strong>27. 04. 2021 &#8211; Tuesday<\/strong><\/p>\n\n\n\n<figure class=\"wp-block-table\"><table><tbody><tr><td>1:00<\/td><td>&nbsp;&#8211;&nbsp;<\/td><td>Matt Hayes 24 hour Rod Race &#8211; Top to Bottom Part 2<\/td><\/tr><tr><td>1:30<\/td><td>&nbsp;&#8211;&nbsp;<\/td><td>Walter Solutions &#8211; Fishing for Fun with a Short Pole<\/td><\/tr><tr><td>2:00<\/td><td>&nbsp;&#8211;&nbsp;<\/td><td>King of the River Season 2 &#8211; Visiting the Little Saguenay River<\/td><\/tr><tr><td>2:30<\/td><td>&nbsp;&#8211;&nbsp;<\/td><td>Pure Fly &#8211; Fiordland Mouth Trout<\/td><\/tr><tr><td>3:00<\/td><td>&nbsp;&#8211;&nbsp;<\/td><td>Territories Wild Episode 8<\/td><\/tr><tr><td>3:30<\/td><td>&nbsp;&#8211;&nbsp;<\/td><td>Big Angry Fish &#8211; Jumping Kingfish Part 1<\/td><\/tr><tr><td>4:00<\/td><td>&nbsp;&#8211;&nbsp;<\/td><td>Big Angry Fish &#8211; Jumping Kingfish Part 2<\/td><\/tr><tr><td>4:30<\/td><td>&nbsp;&#8211;&nbsp;<\/td><td>Matchfishing &#8211; First Time on the Danube<\/td><\/tr><tr><td>5:00<\/td><td>&nbsp;&#8211;&nbsp;<\/td><td>Castaways: Canadian Wilderness 7 Part 1<\/td><\/tr><tr><td>5:30<\/td><td>&nbsp;&#8211;&nbsp;<\/td><td>Castaways: Canadian Wilderness 7 Part 2<\/td><\/tr><tr><td>6:00<\/td><td>&nbsp;&#8211;&nbsp;<\/td><td>Territories Wild Episode 7<\/td><\/tr><tr><td>6:30<\/td><td>&nbsp;&#8211;&nbsp;<\/td><td>The Source &#8211; New Zealand Part 1<\/td><\/tr><tr><td>7:00<\/td><td>&nbsp;&#8211;&nbsp;<\/td><td>The Source &#8211; New Zealand Part 2<\/td><\/tr><tr><td>7:30<\/td><td>&nbsp;&#8211;&nbsp;<\/td><td>Feedermania &#8211; Bomb Fishing Slightly Differently<\/td><\/tr><tr><td>8:00<\/td><td>&nbsp;&#8211;&nbsp;<\/td><td>COLMIC Coarse Fishing&nbsp; &#8211; Pole Fishing&nbsp; with Benedek Nagy<\/td><\/tr><tr><td>8:30<\/td><td>&nbsp;&#8211;&nbsp;<\/td><td>Fishlovers&#8217; Kitchen &#8211; Petra Pord\u00e1n<\/td><\/tr><tr><td>9:00<\/td><td>&nbsp;&#8211;&nbsp;<\/td><td>Let&#8217;s Go Fishing Spain! Episode 2<\/td><\/tr><tr><td>9:30<\/td><td>&nbsp;&#8211;&nbsp;<\/td><td>Big Angry Fish &#8211; Big Fish Big Battles Part 1<\/td><\/tr><tr><td>10:00<\/td><td>&nbsp;&#8211;&nbsp;<\/td><td>Big Angry Fish &#8211; Big Fish Big Battles Part 2<\/td><\/tr><tr><td>10:30<\/td><td>&nbsp;&#8211;&nbsp;<\/td><td>Match Fishing &#8211; Midwater<\/td><\/tr><tr><td>11:00<\/td><td>&nbsp;&#8211;&nbsp;<\/td><td>Planet Fly Fish &#8211; Hatch Part 1<\/td><\/tr><tr><td>11:30<\/td><td>&nbsp;&#8211;&nbsp;<\/td><td>Planet Fly Fish &#8211; Hatch Part 2<\/td><\/tr><tr><td>12:00<\/td><td>&nbsp;&#8211;&nbsp;<\/td><td>The Real Maldives &#8211; Water is the Cradle of Life<\/td><\/tr><tr><td>12:30<\/td><td>&nbsp;&#8211;&nbsp;<\/td><td>Matt Hayes 24 hour Rod Race &#8211; Top to Bottom Part 1<\/td><\/tr><tr><td>13:00<\/td><td>&nbsp;&#8211;&nbsp;<\/td><td>Matt Hayes 24 hour Rod Race &#8211; Top to Bottom Part 2<\/td><\/tr><tr><td>13:30<\/td><td>&nbsp;&#8211;&nbsp;<\/td><td>Walter Solutions &#8211; Fishing for Fun with a Short Pole<\/td><\/tr><tr><td>14:00<\/td><td>&nbsp;&#8211;&nbsp;<\/td><td>King of the River Season 2 &#8211; Visiting the Little Saguenay River<\/td><\/tr><tr><td>14:30<\/td><td>&nbsp;&#8211;&nbsp;<\/td><td>Pure Fly &#8211; Fiordland Mouth Trout<\/td><\/tr><tr><td>15:00<\/td><td>&nbsp;&#8211;&nbsp;<\/td><td>Territories Wild Episode 8<\/td><\/tr><tr><td>15:30<\/td><td>&nbsp;&#8211;&nbsp;<\/td><td>Big Angry Fish &#8211; Skutes at Mercury Islands Part 1<\/td><\/tr><tr><td>16:00<\/td><td>&nbsp;&#8211;&nbsp;<\/td><td>Big Angry Fish &#8211; Skutes at Mercury Islands Part 2<\/td><\/tr><tr><td>16:30<\/td><td>&nbsp;&#8211;&nbsp;<\/td><td>Match Fishing &#8211; In the Cold Too<\/td><\/tr><tr><td>17:00<\/td><td>&nbsp;&#8211;&nbsp;<\/td><td>Fishing Trips &#8211; The Man and the Lure<\/td><\/tr><tr><td>17:30<\/td><td>&nbsp;&#8211;&nbsp;<\/td><td>Focus on Angling &#8211; Carp Fishing with Friends<\/td><\/tr><tr><td>18:00<\/td><td>&nbsp;&#8211;&nbsp;<\/td><td>Don Carp Lake<\/td><\/tr><tr><td>18:30<\/td><td>&nbsp;&#8211;&nbsp;<\/td><td>Frank Pizon &#8211; Voice Over the Reeds<\/td><\/tr><tr><td>19:00<\/td><td>&nbsp;&#8211;&nbsp;<\/td><td>Frank Pizon &#8211; Voice Over the Reeds<\/td><\/tr><tr><td>19:30<\/td><td>&nbsp;&#8211;&nbsp;<\/td><td>COLMIC Coarse Fishing&nbsp; &#8211; Long Pole Fishing with Rich\u00e1rd \u00dajsz\u00e1szi<\/td><\/tr><tr><td>20:00<\/td><td>&nbsp;&#8211;&nbsp;<\/td><td>Matt Hayes 24 hour Rod Race &#8211; Magnificent Seven Part 1<\/td><\/tr><tr><td>20:30<\/td><td>&nbsp;&#8211;&nbsp;<\/td><td>Matt Hayes 24 hour Rod Race &#8211; Magnificent Seven Part 2<\/td><\/tr><tr><td>21:00<\/td><td>&nbsp;&#8211;&nbsp;<\/td><td>Walter Solutions &#8211; Carps from Maty\u00e9r<\/td><\/tr><tr><td>21:30<\/td><td>&nbsp;&#8211;&nbsp;<\/td><td>King of the River Season 2 &#8211; Fishing in the Heart of I&#8217;Anse Saint-Jean<\/td><\/tr><tr><td>22:00<\/td><td>&nbsp;&#8211;&nbsp;<\/td><td>Pure Fly &#8211; The Mighty Tongariro<\/td><\/tr><tr><td>22:30<\/td><td>&nbsp;&#8211;&nbsp;<\/td><td>Buffalo Hunters &#8211; Australia Part 1<\/td><\/tr><tr><td>23:00<\/td><td>&nbsp;&#8211;&nbsp;<\/td><td>Backcountry &#8211; Backcountry North Island Part 1<\/td><\/tr><tr><td>23:30<\/td><td>&nbsp;&#8211;&nbsp;<\/td><td>Backcountry &#8211; Backcountry North Island Part 2<\/td><\/tr><tr><td>0:00<\/td><td>&nbsp;&#8211;&nbsp;<\/td><td>Feedermania &#8211; Bighead Carp Fishing on the Danube<\/td><\/tr><tr><td>0:30<\/td><td>&nbsp;&#8211;&nbsp;<\/td><td>Matt Hayes 24 hour Rod Race &#8211; Magnificent Seven Part 1<\/td><\/tr><\/tbody><\/table><\/figure>\n\n\n\n<p>We reserve&nbsp;the&nbsp;right&nbsp;to amend, cancel,&nbsp;change, discontinue, or suspend the&nbsp;Program!<\/p>\n","protected":false},"excerpt":{"rendered":"<p>27. 04. 2021 &#8211; Tuesday 1:00 &nbsp;&#8211;&nbsp; Matt Hayes 24 hour Rod Race &#8211; Top to Bottom Part 2 1:30 &nbsp;&#8211;&nbsp; Walter Solutions &#8211; Fishing for Fun with a Short Pole 2:00 &nbsp;&#8211;&nbsp; King of the River Season 2 &#8211; Visiting the Little Saguenay River 2:30 &nbsp;&#8211;&nbsp; Pure Fly &#8211; Fiordland Mouth Trout 3:00 &nbsp;&#8211;&nbsp;&hellip;<\/p>\n","protected":false},"author":1,"featured_media":0,"parent":0,"menu_order":0,"comment_status":"closed","ping_status":"closed","template":"","meta":[],"_links":{"self":[{"href":"https:\/\/fishingandhuntingtv.com\/international\/wp-json\/wp\/v2\/pages\/170"}],"collection":[{"href":"https:\/\/fishingandhuntingtv.com\/international\/wp-json\/wp\/v2\/pages"}],"about":[{"href":"https:\/\/fishingandhuntingtv.com\/international\/wp-json\/wp\/v2\/types\/page"}],"author":[{"embeddable":true,"href":"https:\/\/fishingandhuntingtv.com\/international\/wp-json\/wp\/v2\/users\/1"}],"replies":[{"embeddable":true,"href":"https:\/\/fishingandhuntingtv.com\/international\/wp-json\/wp\/v2\/comments?post=170"}],"version-history":[{"count":121,"href":"https:\/\/fishingandhuntingtv.com\/international\/wp-json\/wp\/v2\/pages\/170\/revisions"}],"predecessor-version":[{"id":1430,"href":"https:\/\/fishingandhuntingtv.com\/international\/wp-json\/wp\/v2\/pages\/170\/revisions\/1430"}],"wp:attachment":[{"href":"https:\/\/fishingandhuntingtv.com\/international\/wp-json\/wp\/v2\/media?parent=170"}],"curies":[{"name":"wp","href":"https:\/\/api.w.org\/{rel}","templated":true}]}}