{"id":179,"date":"2017-02-23T16:56:46","date_gmt":"2017-02-23T16:56:46","guid":{"rendered":"http:\/\/fishingandhuntingtv.com\/international\/?page_id=179"},"modified":"2021-04-27T12:46:01","modified_gmt":"2021-04-27T12:46:01","slug":"saturday","status":"publish","type":"page","link":"https:\/\/fishingandhuntingtv.com\/international\/saturday\/","title":{"rendered":"Saturday"},"content":{"rendered":"\n<p><strong>01. 05. 2021 &#8211; Saturday<\/strong><\/p>\n\n\n\n<figure class=\"wp-block-table\"><table><tbody><tr><td>1:00<\/td><td>&nbsp;&#8211;&nbsp;<\/td><td>Matt Hayes 24 hour Rod Race &#8211; River Windrush Part 2<\/td><\/tr><tr><td>1:30<\/td><td>&nbsp;&#8211;&nbsp;<\/td><td>Walter Solutions &#8211; Early Carps on the Method<\/td><\/tr><tr><td>2:00<\/td><td>&nbsp;&#8211;&nbsp;<\/td><td>King of the River Season 2 &#8211; La Corneille, the Wild One<\/td><\/tr><tr><td>2:30<\/td><td>&nbsp;&#8211;&nbsp;<\/td><td>Pure Fly &#8211; Golden Bay<\/td><\/tr><tr><td>3:00<\/td><td>&nbsp;&#8211;&nbsp;<\/td><td>Buffalo Hunters &#8211; Cameroon Part 1<\/td><\/tr><tr><td>3:30<\/td><td>&nbsp;&#8211;&nbsp;<\/td><td>Matt Hayes 24 hour Rod Race &#8211; Pound for Pound Part 1<\/td><\/tr><tr><td>4:00<\/td><td>&nbsp;&#8211;&nbsp;<\/td><td>Matt Hayes 24 hour Rod Race &#8211; Pound for Pound Part 2<\/td><\/tr><tr><td>4:30<\/td><td>&nbsp;&#8211;&nbsp;<\/td><td>Walter Solutions &#8211; In the Wake of the Maconka Carps<\/td><\/tr><tr><td>5:00<\/td><td>&nbsp;&#8211;&nbsp;<\/td><td>King of the River Season 2 &#8211; The Adventures Continue<\/td><\/tr><tr><td>5:30<\/td><td>&nbsp;&#8211;&nbsp;<\/td><td>Pure Fly &#8211; Southland Smelters<\/td><\/tr><tr><td>6:00<\/td><td>&nbsp;&#8211;&nbsp;<\/td><td>Buffalo Hunters &#8211; Australia Part 3<\/td><\/tr><tr><td>6:30<\/td><td>&nbsp;&#8211;&nbsp;<\/td><td>Big Angry Fish &#8211; Techno Viking\u2019s Maiden Voyage Part 1<\/td><\/tr><tr><td>7:00<\/td><td>&nbsp;&#8211;&nbsp;<\/td><td>Big Angry Fish &#8211; Techno Viking\u2019s Maiden Voyage Part 2<\/td><\/tr><tr><td>7:30<\/td><td>&nbsp;&#8211;&nbsp;<\/td><td>Match Fishing &#8211; Fish Simple<\/td><\/tr><tr><td>8:00<\/td><td>&nbsp;&#8211;&nbsp;<\/td><td>COLMIC Coarse Fishing &#8211; Breams on the Long Pole with Rich\u00e1rd \u00dajsz\u00e1szi<\/td><\/tr><tr><td>8:30<\/td><td>&nbsp;&#8211;&nbsp;<\/td><td>Fishlovers&#8217; Kitchen &#8211; Cserh\u00e1ti Tamara<\/td><\/tr><tr><td>9:00<\/td><td>&nbsp;&#8211;&nbsp;<\/td><td>Let&#8217;s Go Fishing Bloemhof Episode 2<\/td><\/tr><tr><td>9:30<\/td><td>&nbsp;&#8211;&nbsp;<\/td><td>Matt Hayes 24 hour Rod Race &#8211; Magnificent Seven Part 1<\/td><\/tr><tr><td>10:00<\/td><td>&nbsp;&#8211;&nbsp;<\/td><td>Matt Hayes 24 hour Rod Race &#8211; Magnificent Seven Part 2<\/td><\/tr><tr><td>10:30<\/td><td>&nbsp;&#8211;&nbsp;<\/td><td>Walter Solutions &#8211; Carps from Maty\u00e9r<\/td><\/tr><tr><td>11:00<\/td><td>&nbsp;&#8211;&nbsp;<\/td><td>The Source &#8211; New Zealand Part 1<\/td><\/tr><tr><td>11:30<\/td><td>&nbsp;&#8211;&nbsp;<\/td><td>The Source &#8211; New Zealand Part 2<\/td><\/tr><tr><td>12:00<\/td><td>&nbsp;&#8211;&nbsp;<\/td><td>Feedermania &#8211; Bomb Fishing Slightly Differently<\/td><\/tr><tr><td>12:30<\/td><td>&nbsp;&#8211;&nbsp;<\/td><td>Matt Hayes 24 hour Rod Race &#8211; River Windrush Part 1<\/td><\/tr><tr><td>13:00<\/td><td>&nbsp;&#8211;&nbsp;<\/td><td>Matt Hayes 24 hour Rod Race &#8211; River Windrush Part 2<\/td><\/tr><tr><td>13:30<\/td><td>&nbsp;&#8211;&nbsp;<\/td><td>Walter Solutions &#8211; Early Carps on the Method<\/td><\/tr><tr><td>14:00<\/td><td>&nbsp;&#8211;&nbsp;<\/td><td>King of the River Season 2 &#8211; La Corneille, the Wild One<\/td><\/tr><tr><td>14:30<\/td><td>&nbsp;&#8211;&nbsp;<\/td><td>Pure Fly &#8211; Golden Bay<\/td><\/tr><tr><td>15:00<\/td><td>&nbsp;&#8211;&nbsp;<\/td><td>Buffalo Hunters &#8211; Cameroon Part 1<\/td><\/tr><tr><td>15:30<\/td><td>&nbsp;&#8211;&nbsp;<\/td><td>Big Angry Fish &#8211; Jumping Kingfish Part 1<\/td><\/tr><tr><td>16:00<\/td><td>&nbsp;&#8211;&nbsp;<\/td><td>Big Angry Fish &#8211; Jumping Kingfish Part 2<\/td><\/tr><tr><td>16:30<\/td><td>&nbsp;&#8211;&nbsp;<\/td><td>Matchfishing &#8211; First Time on the Danube<\/td><\/tr><tr><td>17:00<\/td><td>&nbsp;&#8211;&nbsp;<\/td><td>Spinning Case Study &#8211; Basshood &#8211; Bass Masters<\/td><\/tr><tr><td>17:30<\/td><td>&nbsp;&#8211;&nbsp;<\/td><td>Focus on Angling &#8211; The One &#8211; Big One<\/td><\/tr><tr><td>18:00<\/td><td>&nbsp;&#8211;&nbsp;<\/td><td>Top Tips &#8211; Big Carp Fishing on Lake Balaton<\/td><\/tr><tr><td>18:30<\/td><td>&nbsp;&#8211;&nbsp;<\/td><td>Secrets of the Blue Depth Part 1<\/td><\/tr><tr><td>19:00<\/td><td>&nbsp;&#8211;&nbsp;<\/td><td>Secrets of the Blue Depth Part 2<\/td><\/tr><tr><td>19:30<\/td><td>&nbsp;&#8211;&nbsp;<\/td><td>COLMIC Coarse Fishing &#8211; Let&#8217;s Compete<\/td><\/tr><tr><td>20:00<\/td><td>&nbsp;&#8211;&nbsp;<\/td><td>Matt Hayes 24 hour Rod Race &#8211; The Gray Lady Part 1<\/td><\/tr><tr><td>20:30<\/td><td>&nbsp;&#8211;&nbsp;<\/td><td>Matt Hayes 24 hour Rod Race &#8211; The Gray Lady Part 2<\/td><\/tr><tr><td>21:00<\/td><td>&nbsp;&#8211;&nbsp;<\/td><td>Walter solutions &#8211; Margin carps on the feeder<\/td><\/tr><tr><td>21:30<\/td><td>&nbsp;&#8211;&nbsp;<\/td><td>King of the River Season 2 &#8211; Last Days of the Gaspe Bay River<\/td><\/tr><tr><td>22:00<\/td><td>&nbsp;&#8211;&nbsp;<\/td><td>Pure Fly &#8211; Backcountry Kaimanawas<\/td><\/tr><tr><td>22:30<\/td><td>&nbsp;&#8211;&nbsp;<\/td><td>Buffalo Hunters &#8211; Cameroon Part 2<\/td><\/tr><tr><td>23:00<\/td><td>&nbsp;&#8211;&nbsp;<\/td><td>Big Angry Fish &#8211; Trout Psychosis Part 1<\/td><\/tr><tr><td>23:30<\/td><td>&nbsp;&#8211;&nbsp;<\/td><td>Big Angry Fish &#8211; Trout Psychosis Part 2<\/td><\/tr><tr><td>0:00<\/td><td>&nbsp;&#8211;&nbsp;<\/td><td>Match Fishing &#8211; Bream Lesson with Carp<\/td><\/tr><tr><td>0:30<\/td><td>&nbsp;&#8211;&nbsp;<\/td><td>Matt Hayes 24 hour Rod Race &#8211; The Gray Lady Part 1<\/td><\/tr><\/tbody><\/table><\/figure>\n\n\n\n<p>We reserve&nbsp;the&nbsp;right&nbsp;to amend, cancel,&nbsp;change, discontinue, or suspend the&nbsp;Program!<\/p>\n","protected":false},"excerpt":{"rendered":"<p>01. 05. 2021 &#8211; Saturday 1:00 &nbsp;&#8211;&nbsp; Matt Hayes 24 hour Rod Race &#8211; River Windrush Part 2 1:30 &nbsp;&#8211;&nbsp; Walter Solutions &#8211; Early Carps on the Method 2:00 &nbsp;&#8211;&nbsp; King of the River Season 2 &#8211; La Corneille, the Wild One 2:30 &nbsp;&#8211;&nbsp; Pure Fly &#8211; Golden Bay 3:00 &nbsp;&#8211;&nbsp; Buffalo Hunters &#8211; Cameroon&hellip;<\/p>\n","protected":false},"author":1,"featured_media":0,"parent":0,"menu_order":0,"comment_status":"closed","ping_status":"closed","template":"","meta":[],"_links":{"self":[{"href":"https:\/\/fishingandhuntingtv.com\/international\/wp-json\/wp\/v2\/pages\/179"}],"collection":[{"href":"https:\/\/fishingandhuntingtv.com\/international\/wp-json\/wp\/v2\/pages"}],"about":[{"href":"https:\/\/fishingandhuntingtv.com\/international\/wp-json\/wp\/v2\/types\/page"}],"author":[{"embeddable":true,"href":"https:\/\/fishingandhuntingtv.com\/international\/wp-json\/wp\/v2\/users\/1"}],"replies":[{"embeddable":true,"href":"https:\/\/fishingandhuntingtv.com\/international\/wp-json\/wp\/v2\/comments?post=179"}],"version-history":[{"count":118,"href":"https:\/\/fishingandhuntingtv.com\/international\/wp-json\/wp\/v2\/pages\/179\/revisions"}],"predecessor-version":[{"id":1434,"href":"https:\/\/fishingandhuntingtv.com\/international\/wp-json\/wp\/v2\/pages\/179\/revisions\/1434"}],"wp:attachment":[{"href":"https:\/\/fishingandhuntingtv.com\/international\/wp-json\/wp\/v2\/media?parent=179"}],"curies":[{"name":"wp","href":"https:\/\/api.w.org\/{rel}","templated":true}]}}