{"id":134,"date":"2010-03-18T12:54:07","date_gmt":"2010-03-18T11:54:07","guid":{"rendered":"http:\/\/carplove.com\/show\/?page_id=134"},"modified":"2021-03-01T10:25:27","modified_gmt":"2021-03-01T07:25:27","slug":"contact","status":"publish","type":"page","link":"https:\/\/fishingandhuntingtv.com\/ro\/contact","title":{"rendered":"CONTACT"},"content":{"rendered":"<p>Echipa&nbsp;FISHING &amp; HUNTING Channel<\/p>\n<p><strong>Pescuit la crap<br \/>\n<\/strong>Andrei Vladeanu &#8211; andrei_vladeanu@ yahoo.com<\/p>\n<p><strong>Pescuit la rapitori<br \/>\n<\/strong>Malin Musatescu &#8211; malin.musatescu @ fishingandhuntingtv.com<br \/>\nCristi Albu &#8211; cristi.albu @&nbsp;fishingandhuntingtv.com<\/p>\n<p><strong>Vanatoare<\/strong><br \/>\nFlorin Pirvu &#8211; florin.pirvu @&nbsp;fishingandhuntingtv.com<\/p>\n<p><strong>Distributie<br \/>\n<\/strong>Anca Matiesc &#8211; anca.matiesc @ tematic-cable.ro<\/p>\n<p><strong>Marketing<\/strong><br \/>\nDana Boboc &#8211; dana.hodorog @ tematic-cable.ro<\/p>\n<p><strong>Webmaster<\/strong><br \/>\nCristi Albu &#8211; cristi.albu @&nbsp;fishingandhuntingtv.com<\/p>\n","protected":false},"excerpt":{"rendered":"<p>Echipa&nbsp;FISHING &amp; HUNTING Channel Pescuit la crap Andrei Vladeanu &#8211; andrei_vladeanu@ yahoo.com Pescuit la rapitori Malin Musatescu &#8211; malin.musatescu @ fishingandhuntingtv.com Cristi Albu &#8211; cristi.albu @&nbsp;fishingandhuntingtv.com Vanatoare Florin Pirvu &#8211; florin.pirvu @&nbsp;fishingandhuntingtv.com Distributie Anca Matiesc &#8211; anca.matiesc @ tematic-cable.ro Marketing Dana Boboc &#8211; dana.hodorog @ tematic-cable.ro Webmaster Cristi Albu &#8211; cristi.albu @&nbsp;fishingandhuntingtv.com<\/p>\n","protected":false},"author":1,"featured_media":0,"parent":0,"menu_order":0,"comment_status":"open","ping_status":"open","template":"","meta":{"ngg_post_thumbnail":0,"footnotes":""},"class_list":["post-134","page","type-page","status-publish","hentry"],"yoast_head":"<!-- This site is optimized with the Yoast SEO plugin v27.3 - https:\/\/yoast.com\/product\/yoast-seo-wordpress\/ -->\n<title>CONTACT - F&amp;H - Fishing &amp; Hunting Romania<\/title>\n<meta name=\"robots\" content=\"index, follow, max-snippet:-1, max-image-preview:large, max-video-preview:-1\" \/>\n<link rel=\"canonical\" href=\"https:\/\/fishingandhuntingtv.com\/ro\/contact\" \/>\n<meta property=\"og:locale\" content=\"ro_RO\" \/>\n<meta property=\"og:type\" content=\"article\" \/>\n<meta property=\"og:title\" content=\"CONTACT - F&amp;H - Fishing &amp; Hunting Romania\" \/>\n<meta property=\"og:description\" content=\"Echipa&nbsp;FISHING &amp; HUNTING Channel Pescuit la crap Andrei Vladeanu &#8211; andrei_vladeanu@ yahoo.com Pescuit la rapitori Malin Musatescu &#8211; malin.musatescu @ fishingandhuntingtv.com Cristi Albu &#8211; cristi.albu @&nbsp;fishingandhuntingtv.com Vanatoare Florin Pirvu &#8211; florin.pirvu @&nbsp;fishingandhuntingtv.com Distributie Anca Matiesc &#8211; anca.matiesc @ tematic-cable.ro Marketing Dana Boboc &#8211; dana.hodorog @ tematic-cable.ro Webmaster Cristi Albu &#8211; cristi.albu @&nbsp;fishingandhuntingtv.com\" \/>\n<meta property=\"og:url\" content=\"https:\/\/fishingandhuntingtv.com\/ro\/contact\" \/>\n<meta property=\"og:site_name\" content=\"F&amp;H - Fishing &amp; Hunting Romania\" \/>\n<meta property=\"article:publisher\" content=\"https:\/\/www.facebook.com\/pvtvro\" \/>\n<meta property=\"article:modified_time\" content=\"2021-03-01T07:25:27+00:00\" \/>\n<meta name=\"twitter:card\" content=\"summary_large_image\" \/>\n<meta name=\"twitter:site\" content=\"@pvtvro\" \/>\n<meta name=\"twitter:label1\" content=\"Timp estimat pentru citire\" \/>\n\t<meta name=\"twitter:data1\" content=\"1 minut\" \/>\n<script type=\"application\/ld+json\" class=\"yoast-schema-graph\">{\"@context\":\"https:\\\/\\\/schema.org\",\"@graph\":[{\"@type\":\"WebPage\",\"@id\":\"https:\\\/\\\/fishingandhuntingtv.com\\\/ro\\\/contact\",\"url\":\"https:\\\/\\\/fishingandhuntingtv.com\\\/ro\\\/contact\",\"name\":\"CONTACT - F&amp;H - Fishing &amp; Hunting Romania\",\"isPartOf\":{\"@id\":\"https:\\\/\\\/fishingandhuntingtv.com\\\/ro\\\/#website\"},\"datePublished\":\"2010-03-18T11:54:07+00:00\",\"dateModified\":\"2021-03-01T07:25:27+00:00\",\"inLanguage\":\"ro-RO\",\"potentialAction\":[{\"@type\":\"ReadAction\",\"target\":[\"https:\\\/\\\/fishingandhuntingtv.com\\\/ro\\\/contact\"]}]},{\"@type\":\"WebSite\",\"@id\":\"https:\\\/\\\/fishingandhuntingtv.com\\\/ro\\\/#website\",\"url\":\"https:\\\/\\\/fishingandhuntingtv.com\\\/ro\\\/\",\"name\":\"F&H - Fishing & Hunting\",\"description\":\"The Fishing &amp; Hunting Channel este un post dedicat pasiona\u0163ilor de natur\u0103, pescuit \u015fi v\u00e2n\u0103toare. Emisiuni spectaculoase ce au con\u0163inut intern \u015fi interna\u0163ional, competi\u0163ii de pescuit renumite, tehnic\u0103 de pescuit \u015fi v\u00e2n\u0103toare de ultim\u0103 or\u0103.\",\"publisher\":{\"@id\":\"https:\\\/\\\/fishingandhuntingtv.com\\\/ro\\\/#organization\"},\"potentialAction\":[{\"@type\":\"SearchAction\",\"target\":{\"@type\":\"EntryPoint\",\"urlTemplate\":\"https:\\\/\\\/fishingandhuntingtv.com\\\/ro\\\/?s={search_term_string}\"},\"query-input\":{\"@type\":\"PropertyValueSpecification\",\"valueRequired\":true,\"valueName\":\"search_term_string\"}}],\"inLanguage\":\"ro-RO\"},{\"@type\":\"Organization\",\"@id\":\"https:\\\/\\\/fishingandhuntingtv.com\\\/ro\\\/#organization\",\"name\":\"Fishing & Hunting Channel\",\"url\":\"https:\\\/\\\/fishingandhuntingtv.com\\\/ro\\\/\",\"logo\":{\"@type\":\"ImageObject\",\"inLanguage\":\"ro-RO\",\"@id\":\"https:\\\/\\\/fishingandhuntingtv.com\\\/ro\\\/#\\\/schema\\\/logo\\\/image\\\/\",\"url\":\"http:\\\/\\\/fishingandhuntingtv.com\\\/ro\\\/wp-content\\\/uploads\\\/2019\\\/03\\\/LOGO-FH-01.png\",\"contentUrl\":\"http:\\\/\\\/fishingandhuntingtv.com\\\/ro\\\/wp-content\\\/uploads\\\/2019\\\/03\\\/LOGO-FH-01.png\",\"width\":2163,\"height\":2172,\"caption\":\"Fishing & Hunting Channel\"},\"image\":{\"@id\":\"https:\\\/\\\/fishingandhuntingtv.com\\\/ro\\\/#\\\/schema\\\/logo\\\/image\\\/\"},\"sameAs\":[\"https:\\\/\\\/www.facebook.com\\\/pvtvro\",\"https:\\\/\\\/x.com\\\/pvtvro\",\"https:\\\/\\\/www.youtube.com\\\/user\\\/PVTVRO\"]}]}<\/script>\n<!-- \/ Yoast SEO plugin. -->","yoast_head_json":{"title":"CONTACT - F&amp;H - Fishing &amp; Hunting Romania","robots":{"index":"index","follow":"follow","max-snippet":"max-snippet:-1","max-image-preview":"max-image-preview:large","max-video-preview":"max-video-preview:-1"},"canonical":"https:\/\/fishingandhuntingtv.com\/ro\/contact","og_locale":"ro_RO","og_type":"article","og_title":"CONTACT - F&amp;H - Fishing &amp; Hunting Romania","og_description":"Echipa&nbsp;FISHING &amp; HUNTING Channel Pescuit la crap Andrei Vladeanu &#8211; andrei_vladeanu@ yahoo.com Pescuit la rapitori Malin Musatescu &#8211; malin.musatescu @ fishingandhuntingtv.com Cristi Albu &#8211; cristi.albu @&nbsp;fishingandhuntingtv.com Vanatoare Florin Pirvu &#8211; florin.pirvu @&nbsp;fishingandhuntingtv.com Distributie Anca Matiesc &#8211; anca.matiesc @ tematic-cable.ro Marketing Dana Boboc &#8211; dana.hodorog @ tematic-cable.ro Webmaster Cristi Albu &#8211; cristi.albu @&nbsp;fishingandhuntingtv.com","og_url":"https:\/\/fishingandhuntingtv.com\/ro\/contact","og_site_name":"F&amp;H - Fishing &amp; Hunting Romania","article_publisher":"https:\/\/www.facebook.com\/pvtvro","article_modified_time":"2021-03-01T07:25:27+00:00","twitter_card":"summary_large_image","twitter_site":"@pvtvro","twitter_misc":{"Timp estimat pentru citire":"1 minut"},"schema":{"@context":"https:\/\/schema.org","@graph":[{"@type":"WebPage","@id":"https:\/\/fishingandhuntingtv.com\/ro\/contact","url":"https:\/\/fishingandhuntingtv.com\/ro\/contact","name":"CONTACT - F&amp;H - Fishing &amp; Hunting Romania","isPartOf":{"@id":"https:\/\/fishingandhuntingtv.com\/ro\/#website"},"datePublished":"2010-03-18T11:54:07+00:00","dateModified":"2021-03-01T07:25:27+00:00","inLanguage":"ro-RO","potentialAction":[{"@type":"ReadAction","target":["https:\/\/fishingandhuntingtv.com\/ro\/contact"]}]},{"@type":"WebSite","@id":"https:\/\/fishingandhuntingtv.com\/ro\/#website","url":"https:\/\/fishingandhuntingtv.com\/ro\/","name":"F&H - Fishing & Hunting","description":"The Fishing &amp; Hunting Channel este un post dedicat pasiona\u0163ilor de natur\u0103, pescuit \u015fi v\u00e2n\u0103toare. Emisiuni spectaculoase ce au con\u0163inut intern \u015fi interna\u0163ional, competi\u0163ii de pescuit renumite, tehnic\u0103 de pescuit \u015fi v\u00e2n\u0103toare de ultim\u0103 or\u0103.","publisher":{"@id":"https:\/\/fishingandhuntingtv.com\/ro\/#organization"},"potentialAction":[{"@type":"SearchAction","target":{"@type":"EntryPoint","urlTemplate":"https:\/\/fishingandhuntingtv.com\/ro\/?s={search_term_string}"},"query-input":{"@type":"PropertyValueSpecification","valueRequired":true,"valueName":"search_term_string"}}],"inLanguage":"ro-RO"},{"@type":"Organization","@id":"https:\/\/fishingandhuntingtv.com\/ro\/#organization","name":"Fishing & Hunting Channel","url":"https:\/\/fishingandhuntingtv.com\/ro\/","logo":{"@type":"ImageObject","inLanguage":"ro-RO","@id":"https:\/\/fishingandhuntingtv.com\/ro\/#\/schema\/logo\/image\/","url":"http:\/\/fishingandhuntingtv.com\/ro\/wp-content\/uploads\/2019\/03\/LOGO-FH-01.png","contentUrl":"http:\/\/fishingandhuntingtv.com\/ro\/wp-content\/uploads\/2019\/03\/LOGO-FH-01.png","width":2163,"height":2172,"caption":"Fishing & Hunting Channel"},"image":{"@id":"https:\/\/fishingandhuntingtv.com\/ro\/#\/schema\/logo\/image\/"},"sameAs":["https:\/\/www.facebook.com\/pvtvro","https:\/\/x.com\/pvtvro","https:\/\/www.youtube.com\/user\/PVTVRO"]}]}},"_links":{"self":[{"href":"https:\/\/fishingandhuntingtv.com\/ro\/wp-json\/wp\/v2\/pages\/134","targetHints":{"allow":["GET"]}}],"collection":[{"href":"https:\/\/fishingandhuntingtv.com\/ro\/wp-json\/wp\/v2\/pages"}],"about":[{"href":"https:\/\/fishingandhuntingtv.com\/ro\/wp-json\/wp\/v2\/types\/page"}],"author":[{"embeddable":true,"href":"https:\/\/fishingandhuntingtv.com\/ro\/wp-json\/wp\/v2\/users\/1"}],"replies":[{"embeddable":true,"href":"https:\/\/fishingandhuntingtv.com\/ro\/wp-json\/wp\/v2\/comments?post=134"}],"version-history":[{"count":21,"href":"https:\/\/fishingandhuntingtv.com\/ro\/wp-json\/wp\/v2\/pages\/134\/revisions"}],"predecessor-version":[{"id":30509,"href":"https:\/\/fishingandhuntingtv.com\/ro\/wp-json\/wp\/v2\/pages\/134\/revisions\/30509"}],"wp:attachment":[{"href":"https:\/\/fishingandhuntingtv.com\/ro\/wp-json\/wp\/v2\/media?parent=134"}],"curies":[{"name":"wp","href":"https:\/\/api.w.org\/{rel}","templated":true}]}}