{"id":16010,"date":"2014-02-02T19:40:32","date_gmt":"2014-02-02T17:40:32","guid":{"rendered":"http:\/\/www.pvtv.ro\/?page_id=16010"},"modified":"2021-06-17T12:43:32","modified_gmt":"2021-06-17T09:43:32","slug":"despre-fh","status":"publish","type":"page","link":"https:\/\/fishingandhuntingtv.com\/ro\/despre-fh","title":{"rendered":"Despre The Fishing &#038; Hunting Channel"},"content":{"rendered":"<p><img loading=\"lazy\" decoding=\"async\" class=\"aligncenter wp-image-28645 size-large\" src=\"https:\/\/fishingandhuntingtv.com\/ro\/wp-content\/uploads\/2019\/03\/LOGO-FH-01-797x800.png\" alt=\"\" width=\"620\" height=\"622\" srcset=\"https:\/\/fishingandhuntingtv.com\/ro\/wp-content\/uploads\/2019\/03\/LOGO-FH-01-797x800.png 797w, https:\/\/fishingandhuntingtv.com\/ro\/wp-content\/uploads\/2019\/03\/LOGO-FH-01-199x200.png 199w, https:\/\/fishingandhuntingtv.com\/ro\/wp-content\/uploads\/2019\/03\/LOGO-FH-01-620x623.png 620w, https:\/\/fishingandhuntingtv.com\/ro\/wp-content\/uploads\/2019\/03\/LOGO-FH-01-768x771.png 768w\" sizes=\"auto, (max-width: 620px) 100vw, 620px\" \/><\/p>\n<p>The Fishing &amp; Hunting Channel este o televiziune cu emisiuni despre pescuit \u0219i v\u00e2n\u0103toare disponibil\u0103 \u00een mai multe \u021b\u0103ri din Europa, printre care \u0219i Rom\u00e2nia.<\/p>\n<p>The Fishing &amp; Hunting Channel ofer\u0103 emisiuni informative \u0219i educative care au menirea pe de o parte s\u0103 dezvolte cuno\u0219tin\u0163ele despre pescuit \u0219i v\u00e2n\u0103toare celor care au aceaste pasiuni, iar pe de alt\u0103 parte, s\u0103 transmit\u0103 telespectatorilor pl\u0103cerea acestor hobby-uri. Con\u0163inutul selectat cu aten\u0163ie promoveaz\u0103 o filozofie bazat\u0103 pe protec\u0163ia mediului \u0219i \u00eengrijirea naturii.<\/p>\n<p>Con\u0163inutul postului este palpitant, informativ \u0219i antrenant \u0219i aduce un plus de valoare celor care ne privesc: pescari, v\u00e2n\u0103tori \u0219i iubitori ai naturii.<\/p>\n<p>The Fishing &amp; Hunting Channel acord\u0103 o deosebit\u0103 aten\u0163ie \u0219i con\u0163inutului local, filmat \u0219i realizat \u00een Rom\u00e2nia.<\/p>\n<p>V\u0103 a\u0219tept\u0103m s\u0103 ne urm\u0103ri\u021bi!<\/p>\n<p>&nbsp;<\/p>\n","protected":false},"excerpt":{"rendered":"<p>The Fishing &amp; Hunting Channel este o televiziune cu emisiuni despre pescuit \u0219i v\u00e2n\u0103toare disponibil\u0103 \u00een mai multe \u021b\u0103ri din Europa, printre care \u0219i Rom\u00e2nia. The Fishing &amp; Hunting Channel ofer\u0103 emisiuni informative \u0219i educative care au menirea pe de o parte s\u0103 dezvolte cuno\u0219tin\u0163ele despre pescuit \u0219i v\u00e2n\u0103toare celor care au aceaste pasiuni, iar [&hellip;]<\/p>\n","protected":false},"author":22,"featured_media":20480,"parent":0,"menu_order":0,"comment_status":"open","ping_status":"open","template":"","meta":{"ngg_post_thumbnail":0,"footnotes":""},"class_list":["post-16010","page","type-page","status-publish","has-post-thumbnail","hentry"],"yoast_head":"<!-- This site is optimized with the Yoast SEO plugin v27.3 - https:\/\/yoast.com\/product\/yoast-seo-wordpress\/ -->\n<title>Despre The Fishing &amp; Hunting Channel - F&amp;H - Fishing &amp; Hunting Romania<\/title>\n<meta name=\"description\" content=\"The Fishing &amp; Hunting Channel este o televiziune cu emisiuni despre pescuit \u0219i v\u00e2n\u0103toare disponibil\u0103 \u00een mai multe \u021b\u0103ri din Europa.\" \/>\n<meta name=\"robots\" content=\"index, follow, max-snippet:-1, max-image-preview:large, max-video-preview:-1\" \/>\n<link rel=\"canonical\" href=\"https:\/\/fishingandhuntingtv.com\/ro\/despre-fh\" \/>\n<meta property=\"og:locale\" content=\"ro_RO\" \/>\n<meta property=\"og:type\" content=\"article\" \/>\n<meta property=\"og:title\" content=\"Despre The Fishing &amp; Hunting Channel - F&amp;H - Fishing &amp; Hunting Romania\" \/>\n<meta property=\"og:description\" content=\"The Fishing &amp; Hunting Channel este o televiziune cu emisiuni despre pescuit \u0219i v\u00e2n\u0103toare disponibil\u0103 \u00een mai multe \u021b\u0103ri din Europa.\" \/>\n<meta property=\"og:url\" content=\"https:\/\/fishingandhuntingtv.com\/ro\/despre-fh\" \/>\n<meta property=\"og:site_name\" content=\"F&amp;H - Fishing &amp; Hunting Romania\" \/>\n<meta property=\"article:publisher\" content=\"https:\/\/www.facebook.com\/pvtvro\" \/>\n<meta property=\"article:modified_time\" content=\"2021-06-17T09:43:32+00:00\" \/>\n<meta property=\"og:image\" content=\"https:\/\/fishingandhuntingtv.com\/ro\/wp-content\/uploads\/2014\/02\/fh.jpg\" \/>\n\t<meta property=\"og:image:width\" content=\"620\" \/>\n\t<meta property=\"og:image:height\" content=\"435\" \/>\n\t<meta property=\"og:image:type\" content=\"image\/jpeg\" \/>\n<meta name=\"twitter:card\" content=\"summary_large_image\" \/>\n<meta name=\"twitter:site\" content=\"@pvtvro\" \/>\n<meta name=\"twitter:label1\" content=\"Timp estimat pentru citire\" \/>\n\t<meta name=\"twitter:data1\" content=\"1 minut\" \/>\n<script type=\"application\/ld+json\" class=\"yoast-schema-graph\">{\"@context\":\"https:\\\/\\\/schema.org\",\"@graph\":[{\"@type\":\"WebPage\",\"@id\":\"https:\\\/\\\/fishingandhuntingtv.com\\\/ro\\\/despre-fh\",\"url\":\"https:\\\/\\\/fishingandhuntingtv.com\\\/ro\\\/despre-fh\",\"name\":\"Despre The Fishing & Hunting Channel - F&amp;H - Fishing &amp; Hunting Romania\",\"isPartOf\":{\"@id\":\"https:\\\/\\\/fishingandhuntingtv.com\\\/ro\\\/#website\"},\"primaryImageOfPage\":{\"@id\":\"https:\\\/\\\/fishingandhuntingtv.com\\\/ro\\\/despre-fh#primaryimage\"},\"image\":{\"@id\":\"https:\\\/\\\/fishingandhuntingtv.com\\\/ro\\\/despre-fh#primaryimage\"},\"thumbnailUrl\":\"https:\\\/\\\/fishingandhuntingtv.com\\\/ro\\\/wp-content\\\/uploads\\\/2014\\\/02\\\/fh.jpg\",\"datePublished\":\"2014-02-02T17:40:32+00:00\",\"dateModified\":\"2021-06-17T09:43:32+00:00\",\"description\":\"The Fishing & Hunting Channel este o televiziune cu emisiuni despre pescuit \u0219i v\u00e2n\u0103toare disponibil\u0103 \u00een mai multe \u021b\u0103ri din Europa.\",\"inLanguage\":\"ro-RO\",\"potentialAction\":[{\"@type\":\"ReadAction\",\"target\":[\"https:\\\/\\\/fishingandhuntingtv.com\\\/ro\\\/despre-fh\"]}]},{\"@type\":\"ImageObject\",\"inLanguage\":\"ro-RO\",\"@id\":\"https:\\\/\\\/fishingandhuntingtv.com\\\/ro\\\/despre-fh#primaryimage\",\"url\":\"https:\\\/\\\/fishingandhuntingtv.com\\\/ro\\\/wp-content\\\/uploads\\\/2014\\\/02\\\/fh.jpg\",\"contentUrl\":\"https:\\\/\\\/fishingandhuntingtv.com\\\/ro\\\/wp-content\\\/uploads\\\/2014\\\/02\\\/fh.jpg\",\"width\":620,\"height\":435},{\"@type\":\"WebSite\",\"@id\":\"https:\\\/\\\/fishingandhuntingtv.com\\\/ro\\\/#website\",\"url\":\"https:\\\/\\\/fishingandhuntingtv.com\\\/ro\\\/\",\"name\":\"F&H - Fishing & Hunting\",\"description\":\"The Fishing &amp; Hunting Channel este un post dedicat pasiona\u0163ilor de natur\u0103, pescuit \u015fi v\u00e2n\u0103toare. Emisiuni spectaculoase ce au con\u0163inut intern \u015fi interna\u0163ional, competi\u0163ii de pescuit renumite, tehnic\u0103 de pescuit \u015fi v\u00e2n\u0103toare de ultim\u0103 or\u0103.\",\"publisher\":{\"@id\":\"https:\\\/\\\/fishingandhuntingtv.com\\\/ro\\\/#organization\"},\"potentialAction\":[{\"@type\":\"SearchAction\",\"target\":{\"@type\":\"EntryPoint\",\"urlTemplate\":\"https:\\\/\\\/fishingandhuntingtv.com\\\/ro\\\/?s={search_term_string}\"},\"query-input\":{\"@type\":\"PropertyValueSpecification\",\"valueRequired\":true,\"valueName\":\"search_term_string\"}}],\"inLanguage\":\"ro-RO\"},{\"@type\":\"Organization\",\"@id\":\"https:\\\/\\\/fishingandhuntingtv.com\\\/ro\\\/#organization\",\"name\":\"Fishing & Hunting Channel\",\"url\":\"https:\\\/\\\/fishingandhuntingtv.com\\\/ro\\\/\",\"logo\":{\"@type\":\"ImageObject\",\"inLanguage\":\"ro-RO\",\"@id\":\"https:\\\/\\\/fishingandhuntingtv.com\\\/ro\\\/#\\\/schema\\\/logo\\\/image\\\/\",\"url\":\"http:\\\/\\\/fishingandhuntingtv.com\\\/ro\\\/wp-content\\\/uploads\\\/2019\\\/03\\\/LOGO-FH-01.png\",\"contentUrl\":\"http:\\\/\\\/fishingandhuntingtv.com\\\/ro\\\/wp-content\\\/uploads\\\/2019\\\/03\\\/LOGO-FH-01.png\",\"width\":2163,\"height\":2172,\"caption\":\"Fishing & Hunting Channel\"},\"image\":{\"@id\":\"https:\\\/\\\/fishingandhuntingtv.com\\\/ro\\\/#\\\/schema\\\/logo\\\/image\\\/\"},\"sameAs\":[\"https:\\\/\\\/www.facebook.com\\\/pvtvro\",\"https:\\\/\\\/x.com\\\/pvtvro\",\"https:\\\/\\\/www.youtube.com\\\/user\\\/PVTVRO\"]}]}<\/script>\n<!-- \/ Yoast SEO plugin. -->","yoast_head_json":{"title":"Despre The Fishing & Hunting Channel - F&amp;H - Fishing &amp; Hunting Romania","description":"The Fishing & Hunting Channel este o televiziune cu emisiuni despre pescuit \u0219i v\u00e2n\u0103toare disponibil\u0103 \u00een mai multe \u021b\u0103ri din Europa.","robots":{"index":"index","follow":"follow","max-snippet":"max-snippet:-1","max-image-preview":"max-image-preview:large","max-video-preview":"max-video-preview:-1"},"canonical":"https:\/\/fishingandhuntingtv.com\/ro\/despre-fh","og_locale":"ro_RO","og_type":"article","og_title":"Despre The Fishing & Hunting Channel - F&amp;H - Fishing &amp; Hunting Romania","og_description":"The Fishing & Hunting Channel este o televiziune cu emisiuni despre pescuit \u0219i v\u00e2n\u0103toare disponibil\u0103 \u00een mai multe \u021b\u0103ri din Europa.","og_url":"https:\/\/fishingandhuntingtv.com\/ro\/despre-fh","og_site_name":"F&amp;H - Fishing &amp; Hunting Romania","article_publisher":"https:\/\/www.facebook.com\/pvtvro","article_modified_time":"2021-06-17T09:43:32+00:00","og_image":[{"width":620,"height":435,"url":"https:\/\/fishingandhuntingtv.com\/ro\/wp-content\/uploads\/2014\/02\/fh.jpg","type":"image\/jpeg"}],"twitter_card":"summary_large_image","twitter_site":"@pvtvro","twitter_misc":{"Timp estimat pentru citire":"1 minut"},"schema":{"@context":"https:\/\/schema.org","@graph":[{"@type":"WebPage","@id":"https:\/\/fishingandhuntingtv.com\/ro\/despre-fh","url":"https:\/\/fishingandhuntingtv.com\/ro\/despre-fh","name":"Despre The Fishing & Hunting Channel - F&amp;H - Fishing &amp; Hunting Romania","isPartOf":{"@id":"https:\/\/fishingandhuntingtv.com\/ro\/#website"},"primaryImageOfPage":{"@id":"https:\/\/fishingandhuntingtv.com\/ro\/despre-fh#primaryimage"},"image":{"@id":"https:\/\/fishingandhuntingtv.com\/ro\/despre-fh#primaryimage"},"thumbnailUrl":"https:\/\/fishingandhuntingtv.com\/ro\/wp-content\/uploads\/2014\/02\/fh.jpg","datePublished":"2014-02-02T17:40:32+00:00","dateModified":"2021-06-17T09:43:32+00:00","description":"The Fishing & Hunting Channel este o televiziune cu emisiuni despre pescuit \u0219i v\u00e2n\u0103toare disponibil\u0103 \u00een mai multe \u021b\u0103ri din Europa.","inLanguage":"ro-RO","potentialAction":[{"@type":"ReadAction","target":["https:\/\/fishingandhuntingtv.com\/ro\/despre-fh"]}]},{"@type":"ImageObject","inLanguage":"ro-RO","@id":"https:\/\/fishingandhuntingtv.com\/ro\/despre-fh#primaryimage","url":"https:\/\/fishingandhuntingtv.com\/ro\/wp-content\/uploads\/2014\/02\/fh.jpg","contentUrl":"https:\/\/fishingandhuntingtv.com\/ro\/wp-content\/uploads\/2014\/02\/fh.jpg","width":620,"height":435},{"@type":"WebSite","@id":"https:\/\/fishingandhuntingtv.com\/ro\/#website","url":"https:\/\/fishingandhuntingtv.com\/ro\/","name":"F&H - Fishing & Hunting","description":"The Fishing &amp; Hunting Channel este un post dedicat pasiona\u0163ilor de natur\u0103, pescuit \u015fi v\u00e2n\u0103toare. Emisiuni spectaculoase ce au con\u0163inut intern \u015fi interna\u0163ional, competi\u0163ii de pescuit renumite, tehnic\u0103 de pescuit \u015fi v\u00e2n\u0103toare de ultim\u0103 or\u0103.","publisher":{"@id":"https:\/\/fishingandhuntingtv.com\/ro\/#organization"},"potentialAction":[{"@type":"SearchAction","target":{"@type":"EntryPoint","urlTemplate":"https:\/\/fishingandhuntingtv.com\/ro\/?s={search_term_string}"},"query-input":{"@type":"PropertyValueSpecification","valueRequired":true,"valueName":"search_term_string"}}],"inLanguage":"ro-RO"},{"@type":"Organization","@id":"https:\/\/fishingandhuntingtv.com\/ro\/#organization","name":"Fishing & Hunting Channel","url":"https:\/\/fishingandhuntingtv.com\/ro\/","logo":{"@type":"ImageObject","inLanguage":"ro-RO","@id":"https:\/\/fishingandhuntingtv.com\/ro\/#\/schema\/logo\/image\/","url":"http:\/\/fishingandhuntingtv.com\/ro\/wp-content\/uploads\/2019\/03\/LOGO-FH-01.png","contentUrl":"http:\/\/fishingandhuntingtv.com\/ro\/wp-content\/uploads\/2019\/03\/LOGO-FH-01.png","width":2163,"height":2172,"caption":"Fishing & Hunting Channel"},"image":{"@id":"https:\/\/fishingandhuntingtv.com\/ro\/#\/schema\/logo\/image\/"},"sameAs":["https:\/\/www.facebook.com\/pvtvro","https:\/\/x.com\/pvtvro","https:\/\/www.youtube.com\/user\/PVTVRO"]}]}},"_links":{"self":[{"href":"https:\/\/fishingandhuntingtv.com\/ro\/wp-json\/wp\/v2\/pages\/16010","targetHints":{"allow":["GET"]}}],"collection":[{"href":"https:\/\/fishingandhuntingtv.com\/ro\/wp-json\/wp\/v2\/pages"}],"about":[{"href":"https:\/\/fishingandhuntingtv.com\/ro\/wp-json\/wp\/v2\/types\/page"}],"author":[{"embeddable":true,"href":"https:\/\/fishingandhuntingtv.com\/ro\/wp-json\/wp\/v2\/users\/22"}],"replies":[{"embeddable":true,"href":"https:\/\/fishingandhuntingtv.com\/ro\/wp-json\/wp\/v2\/comments?post=16010"}],"version-history":[{"count":8,"href":"https:\/\/fishingandhuntingtv.com\/ro\/wp-json\/wp\/v2\/pages\/16010\/revisions"}],"predecessor-version":[{"id":30737,"href":"https:\/\/fishingandhuntingtv.com\/ro\/wp-json\/wp\/v2\/pages\/16010\/revisions\/30737"}],"wp:featuredmedia":[{"embeddable":true,"href":"https:\/\/fishingandhuntingtv.com\/ro\/wp-json\/wp\/v2\/media\/20480"}],"wp:attachment":[{"href":"https:\/\/fishingandhuntingtv.com\/ro\/wp-json\/wp\/v2\/media?parent=16010"}],"curies":[{"name":"wp","href":"https:\/\/api.w.org\/{rel}","templated":true}]}}