{"id":23182,"date":"2015-03-03T15:06:19","date_gmt":"2015-03-03T13:06:19","guid":{"rendered":"http:\/\/fishingandhuntingtv.com\/ro\/?page_id=23182"},"modified":"2021-06-17T12:38:16","modified_gmt":"2021-06-17T09:38:16","slug":"seriile-fh-channel","status":"publish","type":"page","link":"https:\/\/fishingandhuntingtv.com\/ro\/seriile-fh-channel","title":{"rendered":"Seriile F&#038;H Channel"},"content":{"rendered":"<p><a href=\"https:\/\/fishingandhuntingtv.com\/ro\/wp-content\/uploads\/2014\/05\/11.jpg\"><img loading=\"lazy\" decoding=\"async\" class=\"aligncenter wp-image-28645\" src=\"https:\/\/fishingandhuntingtv.com\/ro\/wp-content\/uploads\/2019\/03\/LOGO-FH-01-797x800.png\" alt=\"\" width=\"173\" height=\"174\" srcset=\"https:\/\/fishingandhuntingtv.com\/ro\/wp-content\/uploads\/2019\/03\/LOGO-FH-01-797x800.png 797w, https:\/\/fishingandhuntingtv.com\/ro\/wp-content\/uploads\/2019\/03\/LOGO-FH-01-199x200.png 199w, https:\/\/fishingandhuntingtv.com\/ro\/wp-content\/uploads\/2019\/03\/LOGO-FH-01-620x623.png 620w, https:\/\/fishingandhuntingtv.com\/ro\/wp-content\/uploads\/2019\/03\/LOGO-FH-01-768x771.png 768w\" sizes=\"auto, (max-width: 173px) 100vw, 173px\" \/><\/a><\/p>\n<p>La Fishing &amp; Hunting Channel ve\u021bi putea urm\u0103ri \u0219i mai multe emisiuni rom\u00e2ne\u0219ti, \u00een colaborare cu&nbsp; pescari \u0219i v\u00e2n\u0103tori celebri.<\/p>\n<p>Continu\u0103 serialele de produc\u021bie proprie, cum ar fi R\u0103pitorii f\u0103r\u0103 reguli, Teatrul crapului, Pe urmele pr\u0103zii sau Spinning Case Study.<\/p>\n<p style=\"text-align: center;\"><strong><a href=\"https:\/\/fishingandhuntingtv.com\/ro\/wp-content\/uploads\/2013\/07\/andrei-vladeanu.jpg\"><img loading=\"lazy\" decoding=\"async\" class=\"aligncenter size-full wp-image-16829\" src=\"https:\/\/fishingandhuntingtv.com\/ro\/wp-content\/uploads\/2013\/07\/andrei-vladeanu.jpg\" alt=\"andrei vladeanu\" width=\"560\" height=\"340\" srcset=\"https:\/\/fishingandhuntingtv.com\/ro\/wp-content\/uploads\/2013\/07\/andrei-vladeanu.jpg 560w, https:\/\/fishingandhuntingtv.com\/ro\/wp-content\/uploads\/2013\/07\/andrei-vladeanu-214x130.jpg 214w\" sizes=\"auto, (max-width: 560px) 100vw, 560px\" \/><\/a>CARP THEATRE &#8211; TEATRUL CRAPULUI<\/strong><br \/>\nTehnici, tactici, strategii, nade, momeli, echipamente. Tot ceea ce trebuie s\u0103 \u0219ti\u021bi despre pescuitul crapilor, la nivelul avansat, prezentat \u00een stilul lui Andrei Vl\u0103deanu.<\/p>\n<p style=\"text-align: center;\"><a href=\"https:\/\/fishingandhuntingtv.com\/ro\/wp-content\/uploads\/2014\/02\/salau.jpg\"><img loading=\"lazy\" decoding=\"async\" class=\"aligncenter wp-image-19233 size-medium\" src=\"https:\/\/fishingandhuntingtv.com\/ro\/wp-content\/uploads\/2014\/02\/salau-560x280.jpg\" alt=\"O prezentare la o viteza redusa, timp mai indelungat acordat rapitorului, echipament foarte fin si multa rabdare, pot fi repere ale reusitei in aceasta perioada.\" width=\"560\" height=\"280\" srcset=\"https:\/\/fishingandhuntingtv.com\/ro\/wp-content\/uploads\/2014\/02\/salau-560x280.jpg 560w, https:\/\/fishingandhuntingtv.com\/ro\/wp-content\/uploads\/2014\/02\/salau-260x130.jpg 260w, https:\/\/fishingandhuntingtv.com\/ro\/wp-content\/uploads\/2014\/02\/salau.jpg 600w\" sizes=\"auto, (max-width: 560px) 100vw, 560px\" \/><\/a><strong>SPINNING CASE STUDY &#8211; STUDIU DE CAZ LA SPINNING<br \/>\n<\/strong>Cristi Albu \u0219i invita\u021bii lui analizeaz\u0103 diferite partide de pescuit, tehnici, echipament \u0219i caut\u0103 solu\u021bii la situa\u021biile \u00eent\u00e2lnite pe ap\u0103.<\/p>\n<p style=\"text-align: center;\"><strong><img loading=\"lazy\" decoding=\"async\" class=\"aligncenter size-full wp-image-8449\" src=\"https:\/\/fishingandhuntingtv.com\/ro\/wp-content\/uploads\/2012\/02\/cerb.jpg\" alt=\"cerb\" width=\"560\" height=\"390\">FOLLOWING THE PREY &#8211; PE URMELE PR\u0102ZII<br \/>\n<\/strong>Rom\u00e2nia are vaste domenii de v\u00e2n\u0103toare. Povestile v\u00e2n\u0103tore\u0219ti adev\u0103rate merit\u0103 s\u0103 fac\u0103 obiectul unor reportaje \u00een care urm\u0103rim prada, cu pu\u0219ca \u0219i camera de filmat, al\u0103turi de Florin P\u00eervu.<strong><br \/>\n<\/strong><\/p>\n<p style=\"text-align: center;\"><img loading=\"lazy\" decoding=\"async\" class=\"aligncenter size-full wp-image-19813\" src=\"https:\/\/fishingandhuntingtv.com\/ro\/wp-content\/uploads\/2014\/04\/malin.jpg\" alt=\"malin\" width=\"580\" height=\"435\" srcset=\"https:\/\/fishingandhuntingtv.com\/ro\/wp-content\/uploads\/2014\/04\/malin.jpg 580w, https:\/\/fishingandhuntingtv.com\/ro\/wp-content\/uploads\/2014\/04\/malin-266x200.jpg 266w\" sizes=\"auto, (max-width: 580px) 100vw, 580px\" \/><strong>PREDATORS NO RULES &#8211; R\u0102PITORII F\u0102R\u0102 REGULI<br \/>\n<\/strong>Totul despre pescuitul r\u0103pitorilor cu M\u0103lin Mu\u0219atescu. Spinning la toate speciile din apele rom\u00e2ne\u0219ti \u0219i nu numai. Biban, \u0219al\u0103u, \u0219tiuc\u0103, avat sau somn, cu toate particularit\u0103\u021bile fiec\u0103rui stil.<\/p>\n<p style=\"text-align: center;\">\u00cen continuare vom prezenta cele mai mari evenimente, concursuri \u0219i expozi\u021bii de profil, pentru ca telespectatorii no\u0219tri s\u0103 fie la curent cu apari\u021bia pe pia\u021b\u0103 a celor mai noi echipamente de pescuit \u0219i de v\u00e2n\u0103toare.<\/p>\n<p style=\"text-align: center;\">Emisiunile canalului The Fishing &amp; Hunting Channel nu se adreseaz\u0103 numai pescarilor \u0219i v\u00e2n\u0103torilor, doarece peisajele fascinante \u0219i pitore\u0219ti cu siguran\u021b\u0103 vor \u00eenc\u00e2nta inima oric\u0103rui iubitor de natur\u0103.<\/p>\n<p><img loading=\"lazy\" decoding=\"async\" class=\"aligncenter size-medium wp-image-20383\" src=\"https:\/\/fishingandhuntingtv.com\/ro\/wp-content\/uploads\/2014\/05\/14-580x290.jpg\" alt=\"14\" width=\"580\" height=\"290\" srcset=\"https:\/\/fishingandhuntingtv.com\/ro\/wp-content\/uploads\/2014\/05\/14-580x290.jpg 580w, https:\/\/fishingandhuntingtv.com\/ro\/wp-content\/uploads\/2014\/05\/14-300x150.jpg 300w, https:\/\/fishingandhuntingtv.com\/ro\/wp-content\/uploads\/2014\/05\/14.jpg 600w\" sizes=\"auto, (max-width: 580px) 100vw, 580px\" \/><\/p>\n<p style=\"text-align: center;\">\u00cen Rom\u00e2nia, postul TV The Fishing &amp; Hunting Channel poate fi vizionat \u00een re\u021belele de cablu ale marilor operatori din domeniu: RCS-RDS, Orange, DCS-Akta, Focus Sat precum \u0219i multe alte companii de cablu mai mici.<\/p>\n<p style=\"text-align: center;\">Dac\u0103 nu recep\u021biona\u021bi postul, v\u0103 rug\u0103m s\u0103 solicita\u021bi programul The Fishing &amp; Hunting Channel operatorului dumneavoastr\u0103 de cablu.<\/p>\n","protected":false},"excerpt":{"rendered":"<p>La Fishing &amp; Hunting Channel ve\u021bi putea urm\u0103ri \u0219i mai multe emisiuni rom\u00e2ne\u0219ti, \u00een colaborare cu&nbsp; pescari \u0219i v\u00e2n\u0103tori celebri. Continu\u0103 serialele de produc\u021bie proprie, cum ar fi R\u0103pitorii f\u0103r\u0103 reguli, Teatrul crapului, Pe urmele pr\u0103zii sau Spinning Case Study. CARP THEATRE &#8211; TEATRUL CRAPULUI Tehnici, tactici, strategii, nade, momeli, echipamente. Tot ceea ce trebuie [&hellip;]<\/p>\n","protected":false},"author":22,"featured_media":20398,"parent":0,"menu_order":0,"comment_status":"open","ping_status":"open","template":"","meta":{"ngg_post_thumbnail":0,"footnotes":""},"class_list":["post-23182","page","type-page","status-publish","has-post-thumbnail","hentry"],"yoast_head":"<!-- This site is optimized with the Yoast SEO plugin v27.4 - https:\/\/yoast.com\/product\/yoast-seo-wordpress\/ -->\n<title>Seriile F&amp;H Channel - F&amp;H - Fishing &amp; Hunting Romania<\/title>\n<meta name=\"description\" content=\"Unicul canal de pescuit si vanatoare din Europa Centrala, apare in peste 15 milioane de gospodarii sub numele The Fishing &amp; Hunting Channel\" \/>\n<meta name=\"robots\" content=\"index, follow, max-snippet:-1, max-image-preview:large, max-video-preview:-1\" \/>\n<link rel=\"canonical\" href=\"https:\/\/fishingandhuntingtv.com\/ro\/seriile-fh-channel\" \/>\n<meta property=\"og:locale\" content=\"ro_RO\" \/>\n<meta property=\"og:type\" content=\"article\" \/>\n<meta property=\"og:title\" content=\"Seriile F&amp;H Channel - F&amp;H - Fishing &amp; Hunting Romania\" \/>\n<meta property=\"og:description\" content=\"Unicul canal de pescuit si vanatoare din Europa Centrala, apare in peste 15 milioane de gospodarii sub numele The Fishing &amp; Hunting Channel\" \/>\n<meta property=\"og:url\" content=\"https:\/\/fishingandhuntingtv.com\/ro\/seriile-fh-channel\" \/>\n<meta property=\"og:site_name\" content=\"F&amp;H - Fishing &amp; Hunting Romania\" \/>\n<meta property=\"article:publisher\" content=\"https:\/\/www.facebook.com\/pvtvro\" \/>\n<meta property=\"article:modified_time\" content=\"2021-06-17T09:38:16+00:00\" \/>\n<meta property=\"og:image\" content=\"https:\/\/fishingandhuntingtv.com\/ro\/wp-content\/uploads\/2014\/05\/still.jpg\" \/>\n\t<meta property=\"og:image:width\" content=\"620\" \/>\n\t<meta property=\"og:image:height\" content=\"420\" \/>\n\t<meta property=\"og:image:type\" content=\"image\/jpeg\" \/>\n<meta name=\"twitter:card\" content=\"summary_large_image\" \/>\n<meta name=\"twitter:site\" content=\"@pvtvro\" \/>\n<meta name=\"twitter:label1\" content=\"Timp estimat pentru citire\" \/>\n\t<meta name=\"twitter:data1\" content=\"3 minute\" \/>\n<script type=\"application\/ld+json\" class=\"yoast-schema-graph\">{\"@context\":\"https:\\\/\\\/schema.org\",\"@graph\":[{\"@type\":\"WebPage\",\"@id\":\"https:\\\/\\\/fishingandhuntingtv.com\\\/ro\\\/seriile-fh-channel\",\"url\":\"https:\\\/\\\/fishingandhuntingtv.com\\\/ro\\\/seriile-fh-channel\",\"name\":\"Seriile F&H Channel - F&amp;H - Fishing &amp; Hunting Romania\",\"isPartOf\":{\"@id\":\"https:\\\/\\\/fishingandhuntingtv.com\\\/ro\\\/#website\"},\"primaryImageOfPage\":{\"@id\":\"https:\\\/\\\/fishingandhuntingtv.com\\\/ro\\\/seriile-fh-channel#primaryimage\"},\"image\":{\"@id\":\"https:\\\/\\\/fishingandhuntingtv.com\\\/ro\\\/seriile-fh-channel#primaryimage\"},\"thumbnailUrl\":\"https:\\\/\\\/fishingandhuntingtv.com\\\/ro\\\/wp-content\\\/uploads\\\/2014\\\/05\\\/still.jpg\",\"datePublished\":\"2015-03-03T13:06:19+00:00\",\"dateModified\":\"2021-06-17T09:38:16+00:00\",\"description\":\"Unicul canal de pescuit si vanatoare din Europa Centrala, apare in peste 15 milioane de gospodarii sub numele The Fishing & Hunting Channel\",\"inLanguage\":\"ro-RO\",\"potentialAction\":[{\"@type\":\"ReadAction\",\"target\":[\"https:\\\/\\\/fishingandhuntingtv.com\\\/ro\\\/seriile-fh-channel\"]}]},{\"@type\":\"ImageObject\",\"inLanguage\":\"ro-RO\",\"@id\":\"https:\\\/\\\/fishingandhuntingtv.com\\\/ro\\\/seriile-fh-channel#primaryimage\",\"url\":\"https:\\\/\\\/fishingandhuntingtv.com\\\/ro\\\/wp-content\\\/uploads\\\/2014\\\/05\\\/still.jpg\",\"contentUrl\":\"https:\\\/\\\/fishingandhuntingtv.com\\\/ro\\\/wp-content\\\/uploads\\\/2014\\\/05\\\/still.jpg\",\"width\":620,\"height\":420},{\"@type\":\"WebSite\",\"@id\":\"https:\\\/\\\/fishingandhuntingtv.com\\\/ro\\\/#website\",\"url\":\"https:\\\/\\\/fishingandhuntingtv.com\\\/ro\\\/\",\"name\":\"F&H - Fishing & Hunting\",\"description\":\"The Fishing &amp; Hunting Channel este un post dedicat pasiona\u0163ilor de natur\u0103, pescuit \u015fi v\u00e2n\u0103toare. Emisiuni spectaculoase ce au con\u0163inut intern \u015fi interna\u0163ional, competi\u0163ii de pescuit renumite, tehnic\u0103 de pescuit \u015fi v\u00e2n\u0103toare de ultim\u0103 or\u0103.\",\"publisher\":{\"@id\":\"https:\\\/\\\/fishingandhuntingtv.com\\\/ro\\\/#organization\"},\"potentialAction\":[{\"@type\":\"SearchAction\",\"target\":{\"@type\":\"EntryPoint\",\"urlTemplate\":\"https:\\\/\\\/fishingandhuntingtv.com\\\/ro\\\/?s={search_term_string}\"},\"query-input\":{\"@type\":\"PropertyValueSpecification\",\"valueRequired\":true,\"valueName\":\"search_term_string\"}}],\"inLanguage\":\"ro-RO\"},{\"@type\":\"Organization\",\"@id\":\"https:\\\/\\\/fishingandhuntingtv.com\\\/ro\\\/#organization\",\"name\":\"Fishing & Hunting Channel\",\"url\":\"https:\\\/\\\/fishingandhuntingtv.com\\\/ro\\\/\",\"logo\":{\"@type\":\"ImageObject\",\"inLanguage\":\"ro-RO\",\"@id\":\"https:\\\/\\\/fishingandhuntingtv.com\\\/ro\\\/#\\\/schema\\\/logo\\\/image\\\/\",\"url\":\"http:\\\/\\\/fishingandhuntingtv.com\\\/ro\\\/wp-content\\\/uploads\\\/2019\\\/03\\\/LOGO-FH-01.png\",\"contentUrl\":\"http:\\\/\\\/fishingandhuntingtv.com\\\/ro\\\/wp-content\\\/uploads\\\/2019\\\/03\\\/LOGO-FH-01.png\",\"width\":2163,\"height\":2172,\"caption\":\"Fishing & Hunting Channel\"},\"image\":{\"@id\":\"https:\\\/\\\/fishingandhuntingtv.com\\\/ro\\\/#\\\/schema\\\/logo\\\/image\\\/\"},\"sameAs\":[\"https:\\\/\\\/www.facebook.com\\\/pvtvro\",\"https:\\\/\\\/x.com\\\/pvtvro\",\"https:\\\/\\\/www.youtube.com\\\/user\\\/PVTVRO\"]}]}<\/script>\n<!-- \/ Yoast SEO plugin. -->","yoast_head_json":{"title":"Seriile F&H Channel - F&amp;H - Fishing &amp; Hunting Romania","description":"Unicul canal de pescuit si vanatoare din Europa Centrala, apare in peste 15 milioane de gospodarii sub numele The Fishing & Hunting Channel","robots":{"index":"index","follow":"follow","max-snippet":"max-snippet:-1","max-image-preview":"max-image-preview:large","max-video-preview":"max-video-preview:-1"},"canonical":"https:\/\/fishingandhuntingtv.com\/ro\/seriile-fh-channel","og_locale":"ro_RO","og_type":"article","og_title":"Seriile F&H Channel - F&amp;H - Fishing &amp; Hunting Romania","og_description":"Unicul canal de pescuit si vanatoare din Europa Centrala, apare in peste 15 milioane de gospodarii sub numele The Fishing & Hunting Channel","og_url":"https:\/\/fishingandhuntingtv.com\/ro\/seriile-fh-channel","og_site_name":"F&amp;H - Fishing &amp; Hunting Romania","article_publisher":"https:\/\/www.facebook.com\/pvtvro","article_modified_time":"2021-06-17T09:38:16+00:00","og_image":[{"width":620,"height":420,"url":"https:\/\/fishingandhuntingtv.com\/ro\/wp-content\/uploads\/2014\/05\/still.jpg","type":"image\/jpeg"}],"twitter_card":"summary_large_image","twitter_site":"@pvtvro","twitter_misc":{"Timp estimat pentru citire":"3 minute"},"schema":{"@context":"https:\/\/schema.org","@graph":[{"@type":"WebPage","@id":"https:\/\/fishingandhuntingtv.com\/ro\/seriile-fh-channel","url":"https:\/\/fishingandhuntingtv.com\/ro\/seriile-fh-channel","name":"Seriile F&H Channel - F&amp;H - Fishing &amp; Hunting Romania","isPartOf":{"@id":"https:\/\/fishingandhuntingtv.com\/ro\/#website"},"primaryImageOfPage":{"@id":"https:\/\/fishingandhuntingtv.com\/ro\/seriile-fh-channel#primaryimage"},"image":{"@id":"https:\/\/fishingandhuntingtv.com\/ro\/seriile-fh-channel#primaryimage"},"thumbnailUrl":"https:\/\/fishingandhuntingtv.com\/ro\/wp-content\/uploads\/2014\/05\/still.jpg","datePublished":"2015-03-03T13:06:19+00:00","dateModified":"2021-06-17T09:38:16+00:00","description":"Unicul canal de pescuit si vanatoare din Europa Centrala, apare in peste 15 milioane de gospodarii sub numele The Fishing & Hunting Channel","inLanguage":"ro-RO","potentialAction":[{"@type":"ReadAction","target":["https:\/\/fishingandhuntingtv.com\/ro\/seriile-fh-channel"]}]},{"@type":"ImageObject","inLanguage":"ro-RO","@id":"https:\/\/fishingandhuntingtv.com\/ro\/seriile-fh-channel#primaryimage","url":"https:\/\/fishingandhuntingtv.com\/ro\/wp-content\/uploads\/2014\/05\/still.jpg","contentUrl":"https:\/\/fishingandhuntingtv.com\/ro\/wp-content\/uploads\/2014\/05\/still.jpg","width":620,"height":420},{"@type":"WebSite","@id":"https:\/\/fishingandhuntingtv.com\/ro\/#website","url":"https:\/\/fishingandhuntingtv.com\/ro\/","name":"F&H - Fishing & Hunting","description":"The Fishing &amp; Hunting Channel este un post dedicat pasiona\u0163ilor de natur\u0103, pescuit \u015fi v\u00e2n\u0103toare. Emisiuni spectaculoase ce au con\u0163inut intern \u015fi interna\u0163ional, competi\u0163ii de pescuit renumite, tehnic\u0103 de pescuit \u015fi v\u00e2n\u0103toare de ultim\u0103 or\u0103.","publisher":{"@id":"https:\/\/fishingandhuntingtv.com\/ro\/#organization"},"potentialAction":[{"@type":"SearchAction","target":{"@type":"EntryPoint","urlTemplate":"https:\/\/fishingandhuntingtv.com\/ro\/?s={search_term_string}"},"query-input":{"@type":"PropertyValueSpecification","valueRequired":true,"valueName":"search_term_string"}}],"inLanguage":"ro-RO"},{"@type":"Organization","@id":"https:\/\/fishingandhuntingtv.com\/ro\/#organization","name":"Fishing & Hunting Channel","url":"https:\/\/fishingandhuntingtv.com\/ro\/","logo":{"@type":"ImageObject","inLanguage":"ro-RO","@id":"https:\/\/fishingandhuntingtv.com\/ro\/#\/schema\/logo\/image\/","url":"http:\/\/fishingandhuntingtv.com\/ro\/wp-content\/uploads\/2019\/03\/LOGO-FH-01.png","contentUrl":"http:\/\/fishingandhuntingtv.com\/ro\/wp-content\/uploads\/2019\/03\/LOGO-FH-01.png","width":2163,"height":2172,"caption":"Fishing & Hunting Channel"},"image":{"@id":"https:\/\/fishingandhuntingtv.com\/ro\/#\/schema\/logo\/image\/"},"sameAs":["https:\/\/www.facebook.com\/pvtvro","https:\/\/x.com\/pvtvro","https:\/\/www.youtube.com\/user\/PVTVRO"]}]}},"_links":{"self":[{"href":"https:\/\/fishingandhuntingtv.com\/ro\/wp-json\/wp\/v2\/pages\/23182","targetHints":{"allow":["GET"]}}],"collection":[{"href":"https:\/\/fishingandhuntingtv.com\/ro\/wp-json\/wp\/v2\/pages"}],"about":[{"href":"https:\/\/fishingandhuntingtv.com\/ro\/wp-json\/wp\/v2\/types\/page"}],"author":[{"embeddable":true,"href":"https:\/\/fishingandhuntingtv.com\/ro\/wp-json\/wp\/v2\/users\/22"}],"replies":[{"embeddable":true,"href":"https:\/\/fishingandhuntingtv.com\/ro\/wp-json\/wp\/v2\/comments?post=23182"}],"version-history":[{"count":11,"href":"https:\/\/fishingandhuntingtv.com\/ro\/wp-json\/wp\/v2\/pages\/23182\/revisions"}],"predecessor-version":[{"id":30736,"href":"https:\/\/fishingandhuntingtv.com\/ro\/wp-json\/wp\/v2\/pages\/23182\/revisions\/30736"}],"wp:featuredmedia":[{"embeddable":true,"href":"https:\/\/fishingandhuntingtv.com\/ro\/wp-json\/wp\/v2\/media\/20398"}],"wp:attachment":[{"href":"https:\/\/fishingandhuntingtv.com\/ro\/wp-json\/wp\/v2\/media?parent=23182"}],"curies":[{"name":"wp","href":"https:\/\/api.w.org\/{rel}","templated":true}]}}