{"id":30947,"date":"2021-11-08T13:32:19","date_gmt":"2021-11-08T10:32:19","guid":{"rendered":"http:\/\/fishingandhuntingtv.com\/ro\/?page_id=30947"},"modified":"2021-11-08T13:32:36","modified_gmt":"2021-11-08T10:32:36","slug":"fishinghunting-tematic","status":"publish","type":"page","link":"https:\/\/fishingandhuntingtv.com\/ro\/fishinghunting-tematic","title":{"rendered":"FISHING&#038;HUNTING TEMATIC SRL"},"content":{"rendered":"<p><strong>Denumirea, statutul juridic \u015fi sediul social:<\/strong><\/p>\n<p>FISHING&amp;HUNTING TEMATIC SRL &#8211; persoan\u0103 juridic\u0103 rom\u00e2n\u0103, cu sediul \u00een Oradea, str. C\u0103l\u0103ra\u0219ilor nr. 15\/A, jude\u021bul Bihor.<\/p>\n<p><strong>Numele reprezentantului legal: <\/strong>Szabo Morar Nicoleta Viorica<\/p>\n<p><strong>Structura ac\u021bionariatului: <\/strong>Szabo Morar Nicoleta Viorica 80%<\/p>\n<p><strong>Responsabil editorial: <\/strong>Malin Musatescu<\/p>\n<p><strong>Responsabil de conducerea societ\u0103\u021bii: <\/strong>Szabo Morar Nicoleta Viorica<\/p>\n<p><strong>Coordonatele furnizorului de servicii mass-media, inclusiv adresa de po\u015ft\u0103 electronic\u0103 sau a site-ului internet la care acesta poate fi contactat rapid, direct \u015fi efectiv; <\/strong>https:\/\/fishingandhuntingtv.com\/ro\/<strong><br \/>\n<\/strong><a href=\"mailto:office@fishingandhuntingtv.com\"><strong>office@fishingandhuntingtv.com<\/strong><\/a><strong> ;<br \/>\n0359-190-841; 0741 185 690<\/strong><\/p>\n<p><strong>Organismele de reglementare sau de supraveghere competente: <\/strong>Consiliul Na\u021bional al Audiovizualului; Adresa: Bd. Libert\u0103\u021bii nr. 14 sector 5, cod 050706, Bucure\u0219ti. Tel: +40(0)21 305 53 50, Fax: +40(0)21 305 53 54\/56; <a href=\"http:\/\/www.cna\">www.cna<\/a>. ro.<\/p>\n<p>&#8211;<\/p>\n<p>&nbsp;<\/p>\n","protected":false},"excerpt":{"rendered":"<p>Denumirea, statutul juridic \u015fi sediul social: FISHING&amp;HUNTING TEMATIC SRL &#8211; persoan\u0103 juridic\u0103 rom\u00e2n\u0103, cu sediul \u00een Oradea, str. C\u0103l\u0103ra\u0219ilor nr. 15\/A, jude\u021bul Bihor. Numele reprezentantului legal: Szabo Morar Nicoleta Viorica Structura ac\u021bionariatului: Szabo Morar Nicoleta Viorica 80% Responsabil editorial: Malin Musatescu Responsabil de conducerea societ\u0103\u021bii: Szabo Morar Nicoleta Viorica Coordonatele furnizorului de servicii mass-media, inclusiv [&hellip;]<\/p>\n","protected":false},"author":22,"featured_media":30948,"parent":0,"menu_order":0,"comment_status":"closed","ping_status":"closed","template":"","meta":{"ngg_post_thumbnail":0,"footnotes":""},"class_list":["post-30947","page","type-page","status-publish","has-post-thumbnail","hentry"],"yoast_head":"<!-- This site is optimized with the Yoast SEO plugin v27.4 - https:\/\/yoast.com\/product\/yoast-seo-wordpress\/ -->\n<title>FISHING&amp;HUNTING TEMATIC SRL - F&amp;H - Fishing &amp; Hunting Romania<\/title>\n<meta name=\"robots\" content=\"index, follow, max-snippet:-1, max-image-preview:large, max-video-preview:-1\" \/>\n<link rel=\"canonical\" href=\"https:\/\/fishingandhuntingtv.com\/ro\/fishinghunting-tematic\" \/>\n<meta property=\"og:locale\" content=\"ro_RO\" \/>\n<meta property=\"og:type\" content=\"article\" \/>\n<meta property=\"og:title\" content=\"FISHING&amp;HUNTING TEMATIC SRL - F&amp;H - Fishing &amp; Hunting Romania\" \/>\n<meta property=\"og:description\" content=\"Denumirea, statutul juridic \u015fi sediul social: FISHING&amp;HUNTING TEMATIC SRL &#8211; persoan\u0103 juridic\u0103 rom\u00e2n\u0103, cu sediul \u00een Oradea, str. C\u0103l\u0103ra\u0219ilor nr. 15\/A, jude\u021bul Bihor. Numele reprezentantului legal: Szabo Morar Nicoleta Viorica Structura ac\u021bionariatului: Szabo Morar Nicoleta Viorica 80% Responsabil editorial: Malin Musatescu Responsabil de conducerea societ\u0103\u021bii: Szabo Morar Nicoleta Viorica Coordonatele furnizorului de servicii mass-media, inclusiv [&hellip;]\" \/>\n<meta property=\"og:url\" content=\"https:\/\/fishingandhuntingtv.com\/ro\/fishinghunting-tematic\" \/>\n<meta property=\"og:site_name\" content=\"F&amp;H - Fishing &amp; Hunting Romania\" \/>\n<meta property=\"article:publisher\" content=\"https:\/\/www.facebook.com\/pvtvro\" \/>\n<meta property=\"article:modified_time\" content=\"2021-11-08T10:32:36+00:00\" \/>\n<meta property=\"og:image\" content=\"https:\/\/fishingandhuntingtv.com\/ro\/wp-content\/uploads\/2021\/11\/FH-Channel.jpg\" \/>\n\t<meta property=\"og:image:width\" content=\"1000\" \/>\n\t<meta property=\"og:image:height\" content=\"702\" \/>\n\t<meta property=\"og:image:type\" content=\"image\/jpeg\" \/>\n<meta name=\"twitter:card\" content=\"summary_large_image\" \/>\n<meta name=\"twitter:site\" content=\"@pvtvro\" \/>\n<meta name=\"twitter:label1\" content=\"Timp estimat pentru citire\" \/>\n\t<meta name=\"twitter:data1\" content=\"1 minut\" \/>\n<script type=\"application\/ld+json\" class=\"yoast-schema-graph\">{\"@context\":\"https:\\\/\\\/schema.org\",\"@graph\":[{\"@type\":\"WebPage\",\"@id\":\"https:\\\/\\\/fishingandhuntingtv.com\\\/ro\\\/fishinghunting-tematic\",\"url\":\"https:\\\/\\\/fishingandhuntingtv.com\\\/ro\\\/fishinghunting-tematic\",\"name\":\"FISHING&HUNTING TEMATIC SRL - F&amp;H - Fishing &amp; Hunting Romania\",\"isPartOf\":{\"@id\":\"https:\\\/\\\/fishingandhuntingtv.com\\\/ro\\\/#website\"},\"primaryImageOfPage\":{\"@id\":\"https:\\\/\\\/fishingandhuntingtv.com\\\/ro\\\/fishinghunting-tematic#primaryimage\"},\"image\":{\"@id\":\"https:\\\/\\\/fishingandhuntingtv.com\\\/ro\\\/fishinghunting-tematic#primaryimage\"},\"thumbnailUrl\":\"https:\\\/\\\/fishingandhuntingtv.com\\\/ro\\\/wp-content\\\/uploads\\\/2021\\\/11\\\/FH-Channel.jpg\",\"datePublished\":\"2021-11-08T10:32:19+00:00\",\"dateModified\":\"2021-11-08T10:32:36+00:00\",\"inLanguage\":\"ro-RO\",\"potentialAction\":[{\"@type\":\"ReadAction\",\"target\":[\"https:\\\/\\\/fishingandhuntingtv.com\\\/ro\\\/fishinghunting-tematic\"]}]},{\"@type\":\"ImageObject\",\"inLanguage\":\"ro-RO\",\"@id\":\"https:\\\/\\\/fishingandhuntingtv.com\\\/ro\\\/fishinghunting-tematic#primaryimage\",\"url\":\"https:\\\/\\\/fishingandhuntingtv.com\\\/ro\\\/wp-content\\\/uploads\\\/2021\\\/11\\\/FH-Channel.jpg\",\"contentUrl\":\"https:\\\/\\\/fishingandhuntingtv.com\\\/ro\\\/wp-content\\\/uploads\\\/2021\\\/11\\\/FH-Channel.jpg\",\"width\":1000,\"height\":702},{\"@type\":\"WebSite\",\"@id\":\"https:\\\/\\\/fishingandhuntingtv.com\\\/ro\\\/#website\",\"url\":\"https:\\\/\\\/fishingandhuntingtv.com\\\/ro\\\/\",\"name\":\"F&H - Fishing & Hunting\",\"description\":\"The Fishing &amp; Hunting Channel este un post dedicat pasiona\u0163ilor de natur\u0103, pescuit \u015fi v\u00e2n\u0103toare. Emisiuni spectaculoase ce au con\u0163inut intern \u015fi interna\u0163ional, competi\u0163ii de pescuit renumite, tehnic\u0103 de pescuit \u015fi v\u00e2n\u0103toare de ultim\u0103 or\u0103.\",\"publisher\":{\"@id\":\"https:\\\/\\\/fishingandhuntingtv.com\\\/ro\\\/#organization\"},\"potentialAction\":[{\"@type\":\"SearchAction\",\"target\":{\"@type\":\"EntryPoint\",\"urlTemplate\":\"https:\\\/\\\/fishingandhuntingtv.com\\\/ro\\\/?s={search_term_string}\"},\"query-input\":{\"@type\":\"PropertyValueSpecification\",\"valueRequired\":true,\"valueName\":\"search_term_string\"}}],\"inLanguage\":\"ro-RO\"},{\"@type\":\"Organization\",\"@id\":\"https:\\\/\\\/fishingandhuntingtv.com\\\/ro\\\/#organization\",\"name\":\"Fishing & Hunting Channel\",\"url\":\"https:\\\/\\\/fishingandhuntingtv.com\\\/ro\\\/\",\"logo\":{\"@type\":\"ImageObject\",\"inLanguage\":\"ro-RO\",\"@id\":\"https:\\\/\\\/fishingandhuntingtv.com\\\/ro\\\/#\\\/schema\\\/logo\\\/image\\\/\",\"url\":\"http:\\\/\\\/fishingandhuntingtv.com\\\/ro\\\/wp-content\\\/uploads\\\/2019\\\/03\\\/LOGO-FH-01.png\",\"contentUrl\":\"http:\\\/\\\/fishingandhuntingtv.com\\\/ro\\\/wp-content\\\/uploads\\\/2019\\\/03\\\/LOGO-FH-01.png\",\"width\":2163,\"height\":2172,\"caption\":\"Fishing & Hunting Channel\"},\"image\":{\"@id\":\"https:\\\/\\\/fishingandhuntingtv.com\\\/ro\\\/#\\\/schema\\\/logo\\\/image\\\/\"},\"sameAs\":[\"https:\\\/\\\/www.facebook.com\\\/pvtvro\",\"https:\\\/\\\/x.com\\\/pvtvro\",\"https:\\\/\\\/www.youtube.com\\\/user\\\/PVTVRO\"]}]}<\/script>\n<!-- \/ Yoast SEO plugin. -->","yoast_head_json":{"title":"FISHING&HUNTING TEMATIC SRL - F&amp;H - Fishing &amp; Hunting Romania","robots":{"index":"index","follow":"follow","max-snippet":"max-snippet:-1","max-image-preview":"max-image-preview:large","max-video-preview":"max-video-preview:-1"},"canonical":"https:\/\/fishingandhuntingtv.com\/ro\/fishinghunting-tematic","og_locale":"ro_RO","og_type":"article","og_title":"FISHING&HUNTING TEMATIC SRL - F&amp;H - Fishing &amp; Hunting Romania","og_description":"Denumirea, statutul juridic \u015fi sediul social: FISHING&amp;HUNTING TEMATIC SRL &#8211; persoan\u0103 juridic\u0103 rom\u00e2n\u0103, cu sediul \u00een Oradea, str. C\u0103l\u0103ra\u0219ilor nr. 15\/A, jude\u021bul Bihor. Numele reprezentantului legal: Szabo Morar Nicoleta Viorica Structura ac\u021bionariatului: Szabo Morar Nicoleta Viorica 80% Responsabil editorial: Malin Musatescu Responsabil de conducerea societ\u0103\u021bii: Szabo Morar Nicoleta Viorica Coordonatele furnizorului de servicii mass-media, inclusiv [&hellip;]","og_url":"https:\/\/fishingandhuntingtv.com\/ro\/fishinghunting-tematic","og_site_name":"F&amp;H - Fishing &amp; Hunting Romania","article_publisher":"https:\/\/www.facebook.com\/pvtvro","article_modified_time":"2021-11-08T10:32:36+00:00","og_image":[{"width":1000,"height":702,"url":"https:\/\/fishingandhuntingtv.com\/ro\/wp-content\/uploads\/2021\/11\/FH-Channel.jpg","type":"image\/jpeg"}],"twitter_card":"summary_large_image","twitter_site":"@pvtvro","twitter_misc":{"Timp estimat pentru citire":"1 minut"},"schema":{"@context":"https:\/\/schema.org","@graph":[{"@type":"WebPage","@id":"https:\/\/fishingandhuntingtv.com\/ro\/fishinghunting-tematic","url":"https:\/\/fishingandhuntingtv.com\/ro\/fishinghunting-tematic","name":"FISHING&HUNTING TEMATIC SRL - F&amp;H - Fishing &amp; Hunting Romania","isPartOf":{"@id":"https:\/\/fishingandhuntingtv.com\/ro\/#website"},"primaryImageOfPage":{"@id":"https:\/\/fishingandhuntingtv.com\/ro\/fishinghunting-tematic#primaryimage"},"image":{"@id":"https:\/\/fishingandhuntingtv.com\/ro\/fishinghunting-tematic#primaryimage"},"thumbnailUrl":"https:\/\/fishingandhuntingtv.com\/ro\/wp-content\/uploads\/2021\/11\/FH-Channel.jpg","datePublished":"2021-11-08T10:32:19+00:00","dateModified":"2021-11-08T10:32:36+00:00","inLanguage":"ro-RO","potentialAction":[{"@type":"ReadAction","target":["https:\/\/fishingandhuntingtv.com\/ro\/fishinghunting-tematic"]}]},{"@type":"ImageObject","inLanguage":"ro-RO","@id":"https:\/\/fishingandhuntingtv.com\/ro\/fishinghunting-tematic#primaryimage","url":"https:\/\/fishingandhuntingtv.com\/ro\/wp-content\/uploads\/2021\/11\/FH-Channel.jpg","contentUrl":"https:\/\/fishingandhuntingtv.com\/ro\/wp-content\/uploads\/2021\/11\/FH-Channel.jpg","width":1000,"height":702},{"@type":"WebSite","@id":"https:\/\/fishingandhuntingtv.com\/ro\/#website","url":"https:\/\/fishingandhuntingtv.com\/ro\/","name":"F&H - Fishing & Hunting","description":"The Fishing &amp; Hunting Channel este un post dedicat pasiona\u0163ilor de natur\u0103, pescuit \u015fi v\u00e2n\u0103toare. Emisiuni spectaculoase ce au con\u0163inut intern \u015fi interna\u0163ional, competi\u0163ii de pescuit renumite, tehnic\u0103 de pescuit \u015fi v\u00e2n\u0103toare de ultim\u0103 or\u0103.","publisher":{"@id":"https:\/\/fishingandhuntingtv.com\/ro\/#organization"},"potentialAction":[{"@type":"SearchAction","target":{"@type":"EntryPoint","urlTemplate":"https:\/\/fishingandhuntingtv.com\/ro\/?s={search_term_string}"},"query-input":{"@type":"PropertyValueSpecification","valueRequired":true,"valueName":"search_term_string"}}],"inLanguage":"ro-RO"},{"@type":"Organization","@id":"https:\/\/fishingandhuntingtv.com\/ro\/#organization","name":"Fishing & Hunting Channel","url":"https:\/\/fishingandhuntingtv.com\/ro\/","logo":{"@type":"ImageObject","inLanguage":"ro-RO","@id":"https:\/\/fishingandhuntingtv.com\/ro\/#\/schema\/logo\/image\/","url":"http:\/\/fishingandhuntingtv.com\/ro\/wp-content\/uploads\/2019\/03\/LOGO-FH-01.png","contentUrl":"http:\/\/fishingandhuntingtv.com\/ro\/wp-content\/uploads\/2019\/03\/LOGO-FH-01.png","width":2163,"height":2172,"caption":"Fishing & Hunting Channel"},"image":{"@id":"https:\/\/fishingandhuntingtv.com\/ro\/#\/schema\/logo\/image\/"},"sameAs":["https:\/\/www.facebook.com\/pvtvro","https:\/\/x.com\/pvtvro","https:\/\/www.youtube.com\/user\/PVTVRO"]}]}},"_links":{"self":[{"href":"https:\/\/fishingandhuntingtv.com\/ro\/wp-json\/wp\/v2\/pages\/30947","targetHints":{"allow":["GET"]}}],"collection":[{"href":"https:\/\/fishingandhuntingtv.com\/ro\/wp-json\/wp\/v2\/pages"}],"about":[{"href":"https:\/\/fishingandhuntingtv.com\/ro\/wp-json\/wp\/v2\/types\/page"}],"author":[{"embeddable":true,"href":"https:\/\/fishingandhuntingtv.com\/ro\/wp-json\/wp\/v2\/users\/22"}],"replies":[{"embeddable":true,"href":"https:\/\/fishingandhuntingtv.com\/ro\/wp-json\/wp\/v2\/comments?post=30947"}],"version-history":[{"count":1,"href":"https:\/\/fishingandhuntingtv.com\/ro\/wp-json\/wp\/v2\/pages\/30947\/revisions"}],"predecessor-version":[{"id":30949,"href":"https:\/\/fishingandhuntingtv.com\/ro\/wp-json\/wp\/v2\/pages\/30947\/revisions\/30949"}],"wp:featuredmedia":[{"embeddable":true,"href":"https:\/\/fishingandhuntingtv.com\/ro\/wp-json\/wp\/v2\/media\/30948"}],"wp:attachment":[{"href":"https:\/\/fishingandhuntingtv.com\/ro\/wp-json\/wp\/v2\/media?parent=30947"}],"curies":[{"name":"wp","href":"https:\/\/api.w.org\/{rel}","templated":true}]}}